{"id":994,"date":"2022-11-15T16:42:18","date_gmt":"2022-11-15T15:42:18","guid":{"rendered":"https:\/\/www.valaz.es\/?post_type=product&#038;p=994"},"modified":"2026-04-23T11:04:56","modified_gmt":"2026-04-23T09:04:56","slug":"grifo-de-lavabo-empotrado-redondo-cano-recto-acero-cepillado-serie-guadalquivir","status":"publish","type":"product","link":"https:\/\/www.valaz.es\/it\/prodotto\/grifo-de-lavabo-empotrado-redondo-cano-recto-acero-cepillado-serie-guadalquivir\/","title":{"rendered":"Grifo de lavabo empotrado redondo ca\u00f1o recto acero cepillado &#8211; Serie Guadalquivir"},"content":{"rendered":"<p class=\"\" data-start=\"572\" data-end=\"832\">El acabado en acero cepillado ofrece una textura suave y moderna, resistiendo la corrosi\u00f3n y el desgaste. Este grifo es ideal para quienes buscan una est\u00e9tica industrial o minimalista sin sacrificar la funcionalidad.<\/p>\n<p class=\"\" data-start=\"834\" data-end=\"857\"><strong data-start=\"834\" data-end=\"854\">Especificaciones<\/strong>:<\/p>\n<ul data-start=\"858\" data-end=\"985\">\n<li class=\"\" data-start=\"858\" data-end=\"893\">\n<p class=\"\" data-start=\"860\" data-end=\"893\"><strong data-start=\"860\" data-end=\"872\">Material<\/strong>: Grifer\u00eda de lat\u00f3n<\/p>\n<\/li>\n<li class=\"\" data-start=\"894\" data-end=\"930\">\n<p class=\"\" data-start=\"896\" data-end=\"930\"><strong data-start=\"896\" data-end=\"908\">Cartucho<\/strong>: Cer\u00e1mico monomando<\/p>\n<\/li>\n<li class=\"\" data-start=\"931\" data-end=\"963\">\n<p class=\"\" data-start=\"933\" data-end=\"963\"><strong data-start=\"933\" data-end=\"954\">Longitud del ca\u00f1o<\/strong>: 20 cm<\/p>\n<\/li>\n<\/ul>\n","protected":false},"excerpt":{"rendered":"<p>Serie Guadalquivir destacada por sus l\u00edneas redondas y rectas, cuerpo de la grifer\u00eda en lat\u00f3n, monomando en lat\u00f3n y cartucho cer\u00e1mico monomando. Acabados en cromado, dorado cepillado, acero cepillado y negro mate.<\/p>\n<p>La garant\u00eda de todos nuestros productos es de 3 a\u00f1os, para funcionamiento, duraci\u00f3n del esmaltado y anticorrosi\u00f3n.<\/p>\n<p>Recomendamos para un correcto mantenimiento de la grifer\u00eda y evitar el deterioro por el uso. Secar las gotas de agua con un pa\u00f1o suave despu\u00e9s del uso, evitando que se posen en la superficie y deterioran el acabado, no utilizar esponjas que puedan rayar la grifer\u00eda, utilizar limpiadores como vinagre limpieza, agua caliente y jab\u00f3n con ph neutro.<\/p>\n<p>&nbsp;<\/p>\n<p><strong>Nuestro departamento\u00a0t\u00e9cnico\u00a0dispone de\u00a0gu\u00edas\u00a0de todos los\u00a0modelos\u00a0empotrados\u00a0que vendemos<\/strong><strong>,\u00a0si tiene alguna duda con la\u00a0instalaci\u00f3n\u00a0contacte con nosotros mediante\u00a0tel\u00e9fono,\u00a0WhatsApp\u00a0o email dentro del horario laboral indicado en la web.<\/strong><\/p>\n<p><strong>Recuerden que una vez instalado el cuerpo\u00a0empotrado\u00a0de la\u00a0grifer\u00eda\u00a0revisar de su correcto funcionamiento de paso de agua, comprobaci\u00f3n de cartuchos y corte de agua, si detecta alguna\u00a0anomal\u00eda\u00a0informe a nuestro\u00a0departamento\u00a0para darle una\u00a0soluci\u00f3n, no\u00a0contin\u00fae\u00a0con la\u00a0instalaci\u00f3n\u00a0de cerramiento de la pared.<\/strong><\/p>\n<p>&nbsp;<\/p>\n","protected":false},"featured_media":4774,"template":"","meta":[],"product_brand":[],"product_cat":[48,58],"product_tag":[],"serie":[42],"manual-de-instalacion":[81],"color":[28],"class_list":{"0":"post-994","1":"product","2":"type-product","3":"status-publish","4":"has-post-thumbnail","6":"product_cat-grifos-de-lavabo","7":"product_cat-grifos-de-lavabo-empotrados","8":"serie-guadalquivir","9":"manual-de-instalacion-guia-instalacion-grifo-lavabo-empotrado-sin-caja","10":"color-acero-cepillado","12":"first","13":"instock","14":"taxable","15":"shipping-taxable","16":"product-type-simple"},"_links":{"self":[{"href":"https:\/\/www.valaz.es\/it\/wp-json\/wp\/v2\/product\/994","targetHints":{"allow":["GET"]}}],"collection":[{"href":"https:\/\/www.valaz.es\/it\/wp-json\/wp\/v2\/product"}],"about":[{"href":"https:\/\/www.valaz.es\/it\/wp-json\/wp\/v2\/types\/product"}],"wp:featuredmedia":[{"embeddable":true,"href":"https:\/\/www.valaz.es\/it\/wp-json\/wp\/v2\/media\/4774"}],"wp:attachment":[{"href":"https:\/\/www.valaz.es\/it\/wp-json\/wp\/v2\/media?parent=994"}],"wp:term":[{"taxonomy":"product_brand","embeddable":true,"href":"https:\/\/www.valaz.es\/it\/wp-json\/wp\/v2\/product_brand?post=994"},{"taxonomy":"product_cat","embeddable":true,"href":"https:\/\/www.valaz.es\/it\/wp-json\/wp\/v2\/product_cat?post=994"},{"taxonomy":"product_tag","embeddable":true,"href":"https:\/\/www.valaz.es\/it\/wp-json\/wp\/v2\/product_tag?post=994"},{"taxonomy":"serie","embeddable":true,"href":"https:\/\/www.valaz.es\/it\/wp-json\/wp\/v2\/serie?post=994"},{"taxonomy":"manual-de-instalacion","embeddable":true,"href":"https:\/\/www.valaz.es\/it\/wp-json\/wp\/v2\/manual-de-instalacion?post=994"},{"taxonomy":"color","embeddable":true,"href":"https:\/\/www.valaz.es\/it\/wp-json\/wp\/v2\/color?post=994"}],"curies":[{"name":"wp","href":"https:\/\/api.w.org\/{rel}","templated":true}]}}