{"id":9924,"date":"2023-12-28T16:50:04","date_gmt":"2023-12-28T15:50:04","guid":{"rendered":"https:\/\/www.valaz.es\/?post_type=product&#038;p=9924"},"modified":"2025-10-21T17:54:23","modified_gmt":"2025-10-21T15:54:23","slug":"grifo-de-ducha-monomando-cromado-serie-magro","status":"publish","type":"product","link":"https:\/\/www.valaz.es\/it\/prodotto\/grifo-de-ducha-monomando-cromado-serie-magro\/","title":{"rendered":"Grifo de ducha monomando cromado &#8211; Serie Magro"},"content":{"rendered":"<p class=\"\" data-start=\"18\" data-end=\"344\">Este grifo monomando para ducha de la Serie Magro combina un dise\u00f1o moderno con funcionalidad. Su acabado cromado aporta un toque de brillo y sofisticaci\u00f3n a tu ba\u00f1o, mientras que el sistema monomando te permite regular la temperatura y el flujo de agua con un solo movimiento, garantizando comodidad y eficiencia en cada uso.<\/p>\n<p class=\"\" data-start=\"346\" data-end=\"361\"><strong data-start=\"346\" data-end=\"361\">Materiales:<\/strong><\/p>\n<ul data-start=\"363\" data-end=\"431\">\n<li class=\"\" data-start=\"363\" data-end=\"401\">\n<p class=\"\" data-start=\"365\" data-end=\"401\">Cuerpo de grifer\u00eda de lat\u00f3n cromado.<\/p>\n<\/li>\n<li data-start=\"495\" data-end=\"535\">Alcachofa de mano: PVC.<\/li>\n<li class=\"\" data-start=\"493\" data-end=\"522\">\n<p class=\"\" data-start=\"495\" data-end=\"522\">Cartucho cer\u00e1mico de 35 mm.<\/p>\n<\/li>\n<li data-start=\"495\" data-end=\"535\">Flexo: Acero inoxidable<\/li>\n<\/ul>\n<p class=\"\" data-start=\"433\" data-end=\"454\"><strong data-start=\"433\" data-end=\"454\">Especificaciones:<\/strong><\/p>\n<ul data-start=\"456\" data-end=\"592\">\n<li class=\"\" data-start=\"456\" data-end=\"494\">\n<p class=\"\" data-start=\"458\" data-end=\"494\">Tipo de grifo: Monomando para ducha.<\/p>\n<\/li>\n<li class=\"\" data-start=\"495\" data-end=\"514\">\n<p class=\"\" data-start=\"497\" data-end=\"514\">Acabado: Cromado.<\/p>\n<\/li>\n<li class=\"\" data-start=\"515\" data-end=\"545\">\n<p class=\"\" data-start=\"517\" data-end=\"545\">Cartucho: Cer\u00e1mico de 35 mm.<\/p>\n<\/li>\n<li class=\"\" data-start=\"546\" data-end=\"563\">\n<p class=\"\" data-start=\"548\" data-end=\"563\">Conexi\u00f3n: 1\/2&#8243;.<\/p>\n<\/li>\n<li class=\"\" data-start=\"564\" data-end=\"592\">\n<p class=\"\" data-start=\"566\" data-end=\"592\">Latiguillos 3\/8 incluidos.<\/p>\n<\/li>\n<\/ul>\n<p class=\"\" data-start=\"594\" data-end=\"611\"><strong data-start=\"594\" data-end=\"610\">Instalaci\u00f3n:<\/strong><\/p>\n<p class=\"\" data-start=\"613\" data-end=\"674\">Este grifo tiene una distancia est\u00e1ndar de 15 cm entre tomas.<\/p>\n","protected":false},"excerpt":{"rendered":"<p>Este grifo monomando para ducha de la Serie Magro combina  [&#8230;]<\/p>\n","protected":false},"featured_media":11076,"template":"","meta":[],"product_brand":[],"product_cat":[405],"product_tag":[],"serie":[380],"manual-de-instalacion":[],"color":[26],"class_list":{"0":"post-9924","1":"product","2":"type-product","3":"status-publish","4":"has-post-thumbnail","6":"product_cat-grifos-de-ducha","7":"serie-magro","8":"color-cromo","10":"first","11":"instock","12":"taxable","13":"shipping-taxable","14":"product-type-simple"},"_links":{"self":[{"href":"https:\/\/www.valaz.es\/it\/wp-json\/wp\/v2\/product\/9924","targetHints":{"allow":["GET"]}}],"collection":[{"href":"https:\/\/www.valaz.es\/it\/wp-json\/wp\/v2\/product"}],"about":[{"href":"https:\/\/www.valaz.es\/it\/wp-json\/wp\/v2\/types\/product"}],"wp:featuredmedia":[{"embeddable":true,"href":"https:\/\/www.valaz.es\/it\/wp-json\/wp\/v2\/media\/11076"}],"wp:attachment":[{"href":"https:\/\/www.valaz.es\/it\/wp-json\/wp\/v2\/media?parent=9924"}],"wp:term":[{"taxonomy":"product_brand","embeddable":true,"href":"https:\/\/www.valaz.es\/it\/wp-json\/wp\/v2\/product_brand?post=9924"},{"taxonomy":"product_cat","embeddable":true,"href":"https:\/\/www.valaz.es\/it\/wp-json\/wp\/v2\/product_cat?post=9924"},{"taxonomy":"product_tag","embeddable":true,"href":"https:\/\/www.valaz.es\/it\/wp-json\/wp\/v2\/product_tag?post=9924"},{"taxonomy":"serie","embeddable":true,"href":"https:\/\/www.valaz.es\/it\/wp-json\/wp\/v2\/serie?post=9924"},{"taxonomy":"manual-de-instalacion","embeddable":true,"href":"https:\/\/www.valaz.es\/it\/wp-json\/wp\/v2\/manual-de-instalacion?post=9924"},{"taxonomy":"color","embeddable":true,"href":"https:\/\/www.valaz.es\/it\/wp-json\/wp\/v2\/color?post=9924"}],"curies":[{"name":"wp","href":"https:\/\/api.w.org\/{rel}","templated":true}]}}