{"id":9923,"date":"2023-12-28T16:49:43","date_gmt":"2023-12-28T15:49:43","guid":{"rendered":"https:\/\/www.valaz.es\/?post_type=product&#038;p=9923"},"modified":"2026-04-08T10:23:08","modified_gmt":"2026-04-08T08:23:08","slug":"grifo-de-bide-monomando-cromado-serie-magro","status":"publish","type":"product","link":"https:\/\/www.valaz.es\/it\/prodotto\/grifo-de-bide-monomando-cromado-serie-magro\/","title":{"rendered":"Grifo de bid\u00e9 monomando cromado &#8211; Serie magro"},"content":{"rendered":"<p class=\"\" data-start=\"269\" data-end=\"596\">El grifo de bid\u00e9 monomando cromado de la Serie Magro es ideal para quienes buscan una soluci\u00f3n funcional y elegante para su ba\u00f1o. Su dise\u00f1o moderno y acabado cromado aportan un toque sofisticado a tu espacio, mientras que el sistema monomando permite regular de forma f\u00e1cil y precisa tanto la temperatura como el flujo de agua.<\/p>\n<p class=\"\" data-start=\"598\" data-end=\"613\"><strong data-start=\"598\" data-end=\"613\">Materiales:<\/strong><\/p>\n<ul data-start=\"615\" data-end=\"683\">\n<li class=\"\" data-start=\"615\" data-end=\"653\">\n<p class=\"\" data-start=\"617\" data-end=\"653\">Cuerpo de grifer\u00eda de lat\u00f3n cromado.<\/p>\n<\/li>\n<li class=\"\" data-start=\"654\" data-end=\"683\">\n<p class=\"\" data-start=\"656\" data-end=\"683\">Cartucho cer\u00e1mico de 35 mm.<\/p>\n<\/li>\n<\/ul>\n<p class=\"\" data-start=\"685\" data-end=\"706\"><strong data-start=\"685\" data-end=\"706\">Especificaciones:<\/strong><\/p>\n<ul data-start=\"708\" data-end=\"843\">\n<li class=\"\" data-start=\"708\" data-end=\"745\">\n<p class=\"\" data-start=\"710\" data-end=\"745\">Tipo de grifo: Monomando para bid\u00e9.<\/p>\n<\/li>\n<li class=\"\" data-start=\"746\" data-end=\"765\">\n<p class=\"\" data-start=\"748\" data-end=\"765\">Acabado: Cromado.<\/p>\n<\/li>\n<li class=\"\" data-start=\"766\" data-end=\"796\">\n<p class=\"\" data-start=\"768\" data-end=\"796\">Cartucho: Cer\u00e1mico de 35 mm.<\/p>\n<\/li>\n<li class=\"\" data-start=\"797\" data-end=\"814\">\n<p class=\"\" data-start=\"799\" data-end=\"814\">Conexi\u00f3n: 1\/2&#8243;.<\/p>\n<\/li>\n<li class=\"\" data-start=\"815\" data-end=\"843\">\n<p class=\"\" data-start=\"817\" data-end=\"843\">Latiguillos 3\/8 incluidos.<\/p>\n<\/li>\n<\/ul>\n","protected":false},"excerpt":{"rendered":"<p>El grifo de bid\u00e9 monomando cromado de la Serie Magro  [&#8230;]<\/p>\n","protected":false},"featured_media":9894,"template":"","meta":[],"product_brand":[],"product_cat":[54],"product_tag":[],"serie":[380],"manual-de-instalacion":[83],"color":[26],"class_list":{"0":"post-9923","1":"product","2":"type-product","3":"status-publish","4":"has-post-thumbnail","6":"product_cat-grifos-de-bidet","7":"serie-magro","8":"manual-de-instalacion-guia-instalacion-grifo-superficie","9":"color-cromo","11":"first","12":"instock","13":"taxable","14":"shipping-taxable","15":"product-type-simple"},"_links":{"self":[{"href":"https:\/\/www.valaz.es\/it\/wp-json\/wp\/v2\/product\/9923","targetHints":{"allow":["GET"]}}],"collection":[{"href":"https:\/\/www.valaz.es\/it\/wp-json\/wp\/v2\/product"}],"about":[{"href":"https:\/\/www.valaz.es\/it\/wp-json\/wp\/v2\/types\/product"}],"wp:featuredmedia":[{"embeddable":true,"href":"https:\/\/www.valaz.es\/it\/wp-json\/wp\/v2\/media\/9894"}],"wp:attachment":[{"href":"https:\/\/www.valaz.es\/it\/wp-json\/wp\/v2\/media?parent=9923"}],"wp:term":[{"taxonomy":"product_brand","embeddable":true,"href":"https:\/\/www.valaz.es\/it\/wp-json\/wp\/v2\/product_brand?post=9923"},{"taxonomy":"product_cat","embeddable":true,"href":"https:\/\/www.valaz.es\/it\/wp-json\/wp\/v2\/product_cat?post=9923"},{"taxonomy":"product_tag","embeddable":true,"href":"https:\/\/www.valaz.es\/it\/wp-json\/wp\/v2\/product_tag?post=9923"},{"taxonomy":"serie","embeddable":true,"href":"https:\/\/www.valaz.es\/it\/wp-json\/wp\/v2\/serie?post=9923"},{"taxonomy":"manual-de-instalacion","embeddable":true,"href":"https:\/\/www.valaz.es\/it\/wp-json\/wp\/v2\/manual-de-instalacion?post=9923"},{"taxonomy":"color","embeddable":true,"href":"https:\/\/www.valaz.es\/it\/wp-json\/wp\/v2\/color?post=9923"}],"curies":[{"name":"wp","href":"https:\/\/api.w.org\/{rel}","templated":true}]}}