{"id":9880,"date":"2023-12-28T16:36:19","date_gmt":"2023-12-28T15:36:19","guid":{"rendered":"https:\/\/www.valaz.es\/?post_type=product&#038;p=9880"},"modified":"2026-01-27T15:23:48","modified_gmt":"2026-01-27T14:23:48","slug":"grifo-de-banera-ducha-cuadrado-monomando-negro-mate-serie-vinalpo","status":"publish","type":"product","link":"https:\/\/www.valaz.es\/it\/prodotto\/grifo-de-banera-ducha-cuadrado-monomando-negro-mate-serie-vinalpo\/","title":{"rendered":"Grifo de ba\u00f1era\/ducha cuadrado monomando cromado &#8211; Serie Vinalopo"},"content":{"rendered":"<p class=\"\" data-start=\"18\" data-end=\"426\">El grifo de ba\u00f1era\/ducha cuadrado monomando cromado de la Serie Vinalop\u00f3 es la opci\u00f3n perfecta para quienes buscan un grifo funcional con un dise\u00f1o moderno y minimalista. Su estructura cuadrada y el acabado cromado aportan un toque de elegancia a tu ba\u00f1o, mientras que el sistema monomando permite un control c\u00f3modo y preciso de la temperatura y el flujo de agua, ideal para un uso diario sin complicaciones.<\/p>\n<p class=\"\" data-start=\"428\" data-end=\"443\"><strong data-start=\"428\" data-end=\"443\">Materiales:<\/strong><\/p>\n<ul data-start=\"445\" data-end=\"513\">\n<li class=\"\" data-start=\"445\" data-end=\"483\">\n<p class=\"\" data-start=\"447\" data-end=\"483\">Cuerpo de grifer\u00eda de lat\u00f3n cromado.<\/p>\n<\/li>\n<li data-start=\"495\" data-end=\"535\">Alcachofa de mano: PVC.<\/li>\n<li class=\"\" data-start=\"493\" data-end=\"522\">\n<p class=\"\" data-start=\"495\" data-end=\"522\">Cartucho cer\u00e1mico de 35 mm.<\/p>\n<\/li>\n<li data-start=\"495\" data-end=\"535\">Flexo: Acero inoxidable<\/li>\n<\/ul>\n<p class=\"\" data-start=\"515\" data-end=\"536\"><strong data-start=\"515\" data-end=\"536\">Especificaciones:<\/strong><\/p>\n<ul data-start=\"538\" data-end=\"681\">\n<li class=\"\" data-start=\"538\" data-end=\"583\">\n<p class=\"\" data-start=\"540\" data-end=\"583\">Tipo de grifo: Monomando para ba\u00f1era\/ducha.<\/p>\n<\/li>\n<li class=\"\" data-start=\"584\" data-end=\"603\">\n<p class=\"\" data-start=\"586\" data-end=\"603\">Acabado: Cromado.<\/p>\n<\/li>\n<li class=\"\" data-start=\"604\" data-end=\"634\">\n<p class=\"\" data-start=\"606\" data-end=\"634\">Cartucho: Cer\u00e1mico de 35 mm.<\/p>\n<\/li>\n<li class=\"\" data-start=\"635\" data-end=\"652\">\n<p class=\"\" data-start=\"637\" data-end=\"652\">Conexi\u00f3n: 1\/2&#8243;.<\/p>\n<\/li>\n<li class=\"\" data-start=\"653\" data-end=\"681\">\n<p class=\"\" data-start=\"655\" data-end=\"681\">Latiguillos 3\/8 incluidos.<\/p>\n<\/li>\n<\/ul>\n<p class=\"\" data-start=\"683\" data-end=\"700\"><strong data-start=\"683\" data-end=\"699\">Instalaci\u00f3n:<\/strong><\/p>\n<p class=\"\" data-start=\"702\" data-end=\"763\">Este grifo tiene una distancia est\u00e1ndar de 15 cm entre tomas.<\/p>\n","protected":false},"excerpt":{"rendered":"<p>El grifo de ba\u00f1era\/ducha cuadrado monomando cromado de la Serie  [&#8230;]<\/p>\n","protected":false},"featured_media":12156,"template":"","meta":[],"product_brand":[],"product_cat":[338],"product_tag":[],"serie":[379],"manual-de-instalacion":[],"color":[26],"class_list":{"0":"post-9880","1":"product","2":"type-product","3":"status-publish","4":"has-post-thumbnail","6":"product_cat-grifos-de-ducha-banera","7":"serie-vinalopo","8":"color-cromo","10":"first","11":"instock","12":"taxable","13":"shipping-taxable","14":"product-type-simple"},"_links":{"self":[{"href":"https:\/\/www.valaz.es\/it\/wp-json\/wp\/v2\/product\/9880","targetHints":{"allow":["GET"]}}],"collection":[{"href":"https:\/\/www.valaz.es\/it\/wp-json\/wp\/v2\/product"}],"about":[{"href":"https:\/\/www.valaz.es\/it\/wp-json\/wp\/v2\/types\/product"}],"wp:featuredmedia":[{"embeddable":true,"href":"https:\/\/www.valaz.es\/it\/wp-json\/wp\/v2\/media\/12156"}],"wp:attachment":[{"href":"https:\/\/www.valaz.es\/it\/wp-json\/wp\/v2\/media?parent=9880"}],"wp:term":[{"taxonomy":"product_brand","embeddable":true,"href":"https:\/\/www.valaz.es\/it\/wp-json\/wp\/v2\/product_brand?post=9880"},{"taxonomy":"product_cat","embeddable":true,"href":"https:\/\/www.valaz.es\/it\/wp-json\/wp\/v2\/product_cat?post=9880"},{"taxonomy":"product_tag","embeddable":true,"href":"https:\/\/www.valaz.es\/it\/wp-json\/wp\/v2\/product_tag?post=9880"},{"taxonomy":"serie","embeddable":true,"href":"https:\/\/www.valaz.es\/it\/wp-json\/wp\/v2\/serie?post=9880"},{"taxonomy":"manual-de-instalacion","embeddable":true,"href":"https:\/\/www.valaz.es\/it\/wp-json\/wp\/v2\/manual-de-instalacion?post=9880"},{"taxonomy":"color","embeddable":true,"href":"https:\/\/www.valaz.es\/it\/wp-json\/wp\/v2\/color?post=9880"}],"curies":[{"name":"wp","href":"https:\/\/api.w.org\/{rel}","templated":true}]}}