{"id":9871,"date":"2023-12-28T16:35:43","date_gmt":"2023-12-28T15:35:43","guid":{"rendered":"https:\/\/www.valaz.es\/?post_type=product&#038;p=9871"},"modified":"2026-03-12T12:23:08","modified_gmt":"2026-03-12T11:23:08","slug":"grifo-de-ducha-cuadrado-monomando-cromado-serie-vinalopo","status":"publish","type":"product","link":"https:\/\/www.valaz.es\/it\/prodotto\/grifo-de-ducha-cuadrado-monomando-cromado-serie-vinalopo\/","title":{"rendered":"Grifo de ducha cuadrado monomando cromado &#8211; Serie Vinalopo"},"content":{"rendered":"<p class=\"\" data-start=\"18\" data-end=\"417\">El grifo de ducha cuadrado monomando cromado de la Serie Vinalop\u00f3 es una excelente opci\u00f3n para quienes buscan una soluci\u00f3n est\u00e9tica y funcional para su ba\u00f1o. Su dise\u00f1o cuadrado y el acabado cromado le otorgan un estilo moderno y elegante, mientras que el sistema monomando permite ajustar de forma f\u00e1cil y precisa la temperatura y el flujo de agua. Ideal para disfrutar de un ba\u00f1o c\u00f3modo y pr\u00e1ctico.<\/p>\n<p class=\"\" data-start=\"419\" data-end=\"434\"><strong data-start=\"419\" data-end=\"434\">Materiales:<\/strong><\/p>\n<ul data-start=\"436\" data-end=\"504\">\n<li class=\"\" data-start=\"436\" data-end=\"474\">\n<p class=\"\" data-start=\"438\" data-end=\"474\">Cuerpo de grifer\u00eda de lat\u00f3n cromado.<\/p>\n<\/li>\n<li data-start=\"495\" data-end=\"535\">Alcachofa de mano: PVC.<\/li>\n<li class=\"\" data-start=\"493\" data-end=\"522\">\n<p class=\"\" data-start=\"495\" data-end=\"522\">Cartucho cer\u00e1mico de 35 mm.<\/p>\n<\/li>\n<li data-start=\"495\" data-end=\"535\">Flexo: Acero inoxidable<\/li>\n<\/ul>\n<p class=\"\" data-start=\"506\" data-end=\"527\"><strong data-start=\"506\" data-end=\"527\">Especificaciones:<\/strong><\/p>\n<ul data-start=\"529\" data-end=\"665\">\n<li class=\"\" data-start=\"529\" data-end=\"567\">\n<p class=\"\" data-start=\"531\" data-end=\"567\">Tipo de grifo: Monomando para ducha.<\/p>\n<\/li>\n<li class=\"\" data-start=\"568\" data-end=\"587\">\n<p class=\"\" data-start=\"570\" data-end=\"587\">Acabado: Cromado.<\/p>\n<\/li>\n<li class=\"\" data-start=\"588\" data-end=\"618\">\n<p class=\"\" data-start=\"590\" data-end=\"618\">Cartucho: Cer\u00e1mico de 35 mm.<\/p>\n<\/li>\n<li class=\"\" data-start=\"619\" data-end=\"636\">\n<p class=\"\" data-start=\"621\" data-end=\"636\">Conexi\u00f3n: 1\/2&#8243;.<\/p>\n<\/li>\n<li class=\"\" data-start=\"637\" data-end=\"665\">\n<p class=\"\" data-start=\"639\" data-end=\"665\">Latiguillos 3\/8 incluidos.<\/p>\n<\/li>\n<\/ul>\n<p class=\"\" data-start=\"667\" data-end=\"684\"><strong data-start=\"667\" data-end=\"683\">Instalaci\u00f3n:<\/strong><\/p>\n<p class=\"\" data-start=\"686\" data-end=\"747\">Este grifo tiene una distancia est\u00e1ndar de 15 cm entre tomas.<\/p>\n","protected":false},"excerpt":{"rendered":"<p>El grifo de ducha cuadrado monomando cromado de la Serie  [&#8230;]<\/p>\n","protected":false},"featured_media":12152,"template":"","meta":[],"product_brand":[],"product_cat":[405],"product_tag":[],"serie":[379],"manual-de-instalacion":[],"color":[26],"class_list":{"0":"post-9871","1":"product","2":"type-product","3":"status-publish","4":"has-post-thumbnail","6":"product_cat-grifos-de-ducha","7":"serie-vinalopo","8":"color-cromo","10":"first","11":"instock","12":"taxable","13":"shipping-taxable","14":"product-type-simple"},"_links":{"self":[{"href":"https:\/\/www.valaz.es\/it\/wp-json\/wp\/v2\/product\/9871","targetHints":{"allow":["GET"]}}],"collection":[{"href":"https:\/\/www.valaz.es\/it\/wp-json\/wp\/v2\/product"}],"about":[{"href":"https:\/\/www.valaz.es\/it\/wp-json\/wp\/v2\/types\/product"}],"wp:featuredmedia":[{"embeddable":true,"href":"https:\/\/www.valaz.es\/it\/wp-json\/wp\/v2\/media\/12152"}],"wp:attachment":[{"href":"https:\/\/www.valaz.es\/it\/wp-json\/wp\/v2\/media?parent=9871"}],"wp:term":[{"taxonomy":"product_brand","embeddable":true,"href":"https:\/\/www.valaz.es\/it\/wp-json\/wp\/v2\/product_brand?post=9871"},{"taxonomy":"product_cat","embeddable":true,"href":"https:\/\/www.valaz.es\/it\/wp-json\/wp\/v2\/product_cat?post=9871"},{"taxonomy":"product_tag","embeddable":true,"href":"https:\/\/www.valaz.es\/it\/wp-json\/wp\/v2\/product_tag?post=9871"},{"taxonomy":"serie","embeddable":true,"href":"https:\/\/www.valaz.es\/it\/wp-json\/wp\/v2\/serie?post=9871"},{"taxonomy":"manual-de-instalacion","embeddable":true,"href":"https:\/\/www.valaz.es\/it\/wp-json\/wp\/v2\/manual-de-instalacion?post=9871"},{"taxonomy":"color","embeddable":true,"href":"https:\/\/www.valaz.es\/it\/wp-json\/wp\/v2\/color?post=9871"}],"curies":[{"name":"wp","href":"https:\/\/api.w.org\/{rel}","templated":true}]}}