{"id":9870,"date":"2023-12-28T16:33:24","date_gmt":"2023-12-28T15:33:24","guid":{"rendered":"https:\/\/www.valaz.es\/?post_type=product&#038;p=9870"},"modified":"2026-01-28T14:23:08","modified_gmt":"2026-01-28T13:23:08","slug":"grifo-de-bide-monomando-cromado-serie-vinalpo","status":"publish","type":"product","link":"https:\/\/www.valaz.es\/it\/prodotto\/grifo-de-bide-monomando-cromado-serie-vinalpo\/","title":{"rendered":"Grifo de bid\u00e9 monomando cromado &#8211; Serie Vinalopo"},"content":{"rendered":"<p class=\"\" data-start=\"18\" data-end=\"358\">El grifo de bid\u00e9 monomando cromado de la Serie Vinalop\u00f3 combina dise\u00f1o moderno y funcionalidad. Su sistema monomando permite un control f\u00e1cil y preciso de la temperatura y el flujo de agua, lo que lo convierte en una opci\u00f3n c\u00f3moda y eficiente para tu ba\u00f1o. El acabado cromado le otorga un toque elegante, perfecto para ba\u00f1os contempor\u00e1neos.<\/p>\n<p class=\"\" data-start=\"360\" data-end=\"375\"><strong data-start=\"360\" data-end=\"375\">Materiales:<\/strong><\/p>\n<ul data-start=\"377\" data-end=\"445\">\n<li class=\"\" data-start=\"377\" data-end=\"415\">\n<p class=\"\" data-start=\"379\" data-end=\"415\">Cuerpo de grifer\u00eda de lat\u00f3n cromado.<\/p>\n<\/li>\n<li class=\"\" data-start=\"416\" data-end=\"445\">\n<p class=\"\" data-start=\"418\" data-end=\"445\">Cartucho cer\u00e1mico de 35 mm.<\/p>\n<\/li>\n<\/ul>\n<p class=\"\" data-start=\"447\" data-end=\"468\"><strong data-start=\"447\" data-end=\"468\">Especificaciones:<\/strong><\/p>\n<ul data-start=\"470\" data-end=\"605\">\n<li class=\"\" data-start=\"470\" data-end=\"507\">\n<p class=\"\" data-start=\"472\" data-end=\"507\">Tipo de grifo: Monomando para bid\u00e9.<\/p>\n<\/li>\n<li class=\"\" data-start=\"508\" data-end=\"527\">\n<p class=\"\" data-start=\"510\" data-end=\"527\">Acabado: Cromado.<\/p>\n<\/li>\n<li class=\"\" data-start=\"528\" data-end=\"558\">\n<p class=\"\" data-start=\"530\" data-end=\"558\">Cartucho: Cer\u00e1mico de 35 mm.<\/p>\n<\/li>\n<li class=\"\" data-start=\"559\" data-end=\"576\">\n<p class=\"\" data-start=\"561\" data-end=\"576\">Conexi\u00f3n: 1\/2&#8243;.<\/p>\n<\/li>\n<li class=\"\" data-start=\"577\" data-end=\"605\">\n<p class=\"\" data-start=\"579\" data-end=\"605\">Latiguillos 3\/8 incluidos.<\/p>\n<\/li>\n<\/ul>\n<p class=\"\" data-start=\"607\" data-end=\"623\"><strong data-start=\"607\" data-end=\"623\">Instalaci\u00f3n:<\/strong><\/p>\n<p class=\"\" data-start=\"625\" data-end=\"686\">Este grifo tiene una distancia est\u00e1ndar de 15 cm entre tomas.<\/p>\n","protected":false},"excerpt":{"rendered":"<p>El grifo de bid\u00e9 monomando cromado de la Serie Vinalop\u00f3  [&#8230;]<\/p>\n","protected":false},"featured_media":9845,"template":"","meta":[],"product_brand":[],"product_cat":[54],"product_tag":[],"serie":[379],"manual-de-instalacion":[83],"color":[26],"class_list":{"0":"post-9870","1":"product","2":"type-product","3":"status-publish","4":"has-post-thumbnail","6":"product_cat-grifos-de-bidet","7":"serie-vinalopo","8":"manual-de-instalacion-guia-instalacion-grifo-superficie","9":"color-cromo","11":"first","12":"instock","13":"taxable","14":"shipping-taxable","15":"product-type-simple"},"_links":{"self":[{"href":"https:\/\/www.valaz.es\/it\/wp-json\/wp\/v2\/product\/9870","targetHints":{"allow":["GET"]}}],"collection":[{"href":"https:\/\/www.valaz.es\/it\/wp-json\/wp\/v2\/product"}],"about":[{"href":"https:\/\/www.valaz.es\/it\/wp-json\/wp\/v2\/types\/product"}],"wp:featuredmedia":[{"embeddable":true,"href":"https:\/\/www.valaz.es\/it\/wp-json\/wp\/v2\/media\/9845"}],"wp:attachment":[{"href":"https:\/\/www.valaz.es\/it\/wp-json\/wp\/v2\/media?parent=9870"}],"wp:term":[{"taxonomy":"product_brand","embeddable":true,"href":"https:\/\/www.valaz.es\/it\/wp-json\/wp\/v2\/product_brand?post=9870"},{"taxonomy":"product_cat","embeddable":true,"href":"https:\/\/www.valaz.es\/it\/wp-json\/wp\/v2\/product_cat?post=9870"},{"taxonomy":"product_tag","embeddable":true,"href":"https:\/\/www.valaz.es\/it\/wp-json\/wp\/v2\/product_tag?post=9870"},{"taxonomy":"serie","embeddable":true,"href":"https:\/\/www.valaz.es\/it\/wp-json\/wp\/v2\/serie?post=9870"},{"taxonomy":"manual-de-instalacion","embeddable":true,"href":"https:\/\/www.valaz.es\/it\/wp-json\/wp\/v2\/manual-de-instalacion?post=9870"},{"taxonomy":"color","embeddable":true,"href":"https:\/\/www.valaz.es\/it\/wp-json\/wp\/v2\/color?post=9870"}],"curies":[{"name":"wp","href":"https:\/\/api.w.org\/{rel}","templated":true}]}}