{"id":984,"date":"2022-11-15T16:34:02","date_gmt":"2022-11-15T15:34:02","guid":{"rendered":"https:\/\/www.valaz.es\/?post_type=product&#038;p=984"},"modified":"2026-02-19T16:23:16","modified_gmt":"2026-02-19T15:23:16","slug":"grifo-de-lavabo-encastrado-monomando-cuello-cisne-negro-mate-serie-aragon","status":"publish","type":"product","link":"https:\/\/www.valaz.es\/it\/prodotto\/grifo-de-lavabo-encastrado-monomando-cuello-cisne-negro-mate-serie-aragon\/","title":{"rendered":"Grifo de lavabo encastrado monomando cuello cisne negro mate &#8211; Serie Arag\u00f3n"},"content":{"rendered":"<p class=\"\" data-start=\"1169\" data-end=\"1602\">El grifo de lavabo encastrado monomando cuello cisne de la Serie Arag\u00f3n en acabado negro mate es la opci\u00f3n ideal para quienes prefieren un estilo minimalista y moderno. Su ca\u00f1o giratorio de 360\u00ba facilita la movilidad y el acceso al agua desde cualquier \u00e1ngulo, mientras que el acabado negro mate le otorga una est\u00e9tica sofisticada y discreta. Este grifo combina dise\u00f1o contempor\u00e1neo con funcionalidad y resistencia.<\/p>\n<p class=\"\" data-start=\"1604\" data-end=\"1627\"><strong data-start=\"1604\" data-end=\"1624\">Especificaciones<\/strong>:<\/p>\n<ul data-start=\"1628\" data-end=\"1864\">\n<li class=\"\" data-start=\"1628\" data-end=\"1662\">\n<p class=\"\" data-start=\"1630\" data-end=\"1662\"><strong data-start=\"1630\" data-end=\"1638\">Tipo<\/strong>: Monomando encastrado<\/p>\n<\/li>\n<li class=\"\" data-start=\"1663\" data-end=\"1691\">\n<p class=\"\" data-start=\"1665\" data-end=\"1691\"><strong data-start=\"1665\" data-end=\"1675\">Dise\u00f1o<\/strong>: Cuello cisne<\/p>\n<\/li>\n<li class=\"\" data-start=\"1692\" data-end=\"1729\">\n<p class=\"\" data-start=\"1694\" data-end=\"1729\"><strong data-start=\"1694\" data-end=\"1706\">Rotaci\u00f3n<\/strong>: Ca\u00f1o giratorio 360\u00ba<\/p>\n<\/li>\n<li class=\"\" data-start=\"1730\" data-end=\"1775\">\n<p class=\"\" data-start=\"1732\" data-end=\"1775\"><strong data-start=\"1732\" data-end=\"1755\">Material del cuerpo<\/strong>: Lat\u00f3n negro mate<\/p>\n<\/li>\n<li class=\"\" data-start=\"1776\" data-end=\"1811\">\n<p class=\"\" data-start=\"1778\" data-end=\"1811\"><strong data-start=\"1778\" data-end=\"1790\">Cartucho<\/strong>: Cer\u00e1mico de 35 mm<\/p>\n<\/li>\n<li class=\"\" data-start=\"1812\" data-end=\"1838\">\n<p class=\"\" data-start=\"1814\" data-end=\"1838\"><strong data-start=\"1814\" data-end=\"1829\">Latiguillos<\/strong>: 50 cm<\/p>\n<\/li>\n<li class=\"\" data-start=\"1839\" data-end=\"1864\">\n<p class=\"\" data-start=\"1841\" data-end=\"1864\"><strong data-start=\"1841\" data-end=\"1852\">Acabado<\/strong>: Negro mate<\/p>\n<\/li>\n<\/ul>\n","protected":false},"excerpt":{"rendered":"<p>Serie Arag\u00f3n apuesta por la funcionalidad, ya que es cl\u00e1sica y elegante, nuestros grifos de cocina encastrados monomando con cuello de cisne Y GIRATORIO 360 grados. Actualmente tenemos acabado en cromado, negro mate y dorado cepillado. El cuerpo de la grifer\u00eda lat\u00f3n, con cartucho cer\u00e1mico y latiguillos.<\/p>\n<p>&nbsp;<\/p>\n<p>&nbsp;<\/p>\n<p>La garant\u00eda de todos nuestros productos es de 3 a\u00f1os, para funcionamiento, duraci\u00f3n del esmaltado y anticorrosi\u00f3n.<\/p>\n<p>Recomendamos para un correcto mantenimiento de la grifer\u00eda y evitar el deterioro por el uso. Secar las gotas de agua con un pa\u00f1o suave despu\u00e9s del uso, evitando que se posen en la superficie y deterioran el acabado, no utilizar esponjas que puedan rayar la grifer\u00eda, utilizar limpiadores como vinagre limpieza, agua caliente y jab\u00f3n con ph neutro.<\/p>\n<p>&nbsp;<\/p>\n<p><strong>Nuestro departamento\u00a0t\u00e9cnico\u00a0dispone de\u00a0gu\u00edas\u00a0de todos los\u00a0modelos\u00a0empotrados\u00a0que vendemos<\/strong><strong>,\u00a0si tiene alguna duda con la\u00a0instalaci\u00f3n\u00a0contacte con nosotros mediante\u00a0tel\u00e9fono,\u00a0WhatsApp\u00a0o email dentro del horario laboral indicado en la web.<\/strong><\/p>\n<p><strong>Recuerden que una vez instalado el cuerpo\u00a0empotrado\u00a0de la\u00a0grifer\u00eda\u00a0revisar de su correcto funcionamiento de paso de agua, comprobaci\u00f3n de cartuchos y corte de agua, si detecta alguna\u00a0anomal\u00eda\u00a0informe a nuestro\u00a0departamento\u00a0para darle una\u00a0soluci\u00f3n, no\u00a0contin\u00fae\u00a0con la\u00a0instalaci\u00f3n\u00a0de cerramiento de la pared.<\/strong><\/p>\n","protected":false},"featured_media":966,"template":"","meta":[],"product_brand":[],"product_cat":[48],"product_tag":[],"serie":[72],"manual-de-instalacion":[],"color":[27],"class_list":{"0":"post-984","1":"product","2":"type-product","3":"status-publish","4":"has-post-thumbnail","6":"product_cat-grifos-de-lavabo","7":"serie-aragon","8":"color-negro-mate","10":"first","11":"instock","12":"taxable","13":"shipping-taxable","14":"product-type-simple"},"_links":{"self":[{"href":"https:\/\/www.valaz.es\/it\/wp-json\/wp\/v2\/product\/984","targetHints":{"allow":["GET"]}}],"collection":[{"href":"https:\/\/www.valaz.es\/it\/wp-json\/wp\/v2\/product"}],"about":[{"href":"https:\/\/www.valaz.es\/it\/wp-json\/wp\/v2\/types\/product"}],"wp:featuredmedia":[{"embeddable":true,"href":"https:\/\/www.valaz.es\/it\/wp-json\/wp\/v2\/media\/966"}],"wp:attachment":[{"href":"https:\/\/www.valaz.es\/it\/wp-json\/wp\/v2\/media?parent=984"}],"wp:term":[{"taxonomy":"product_brand","embeddable":true,"href":"https:\/\/www.valaz.es\/it\/wp-json\/wp\/v2\/product_brand?post=984"},{"taxonomy":"product_cat","embeddable":true,"href":"https:\/\/www.valaz.es\/it\/wp-json\/wp\/v2\/product_cat?post=984"},{"taxonomy":"product_tag","embeddable":true,"href":"https:\/\/www.valaz.es\/it\/wp-json\/wp\/v2\/product_tag?post=984"},{"taxonomy":"serie","embeddable":true,"href":"https:\/\/www.valaz.es\/it\/wp-json\/wp\/v2\/serie?post=984"},{"taxonomy":"manual-de-instalacion","embeddable":true,"href":"https:\/\/www.valaz.es\/it\/wp-json\/wp\/v2\/manual-de-instalacion?post=984"},{"taxonomy":"color","embeddable":true,"href":"https:\/\/www.valaz.es\/it\/wp-json\/wp\/v2\/color?post=984"}],"curies":[{"name":"wp","href":"https:\/\/api.w.org\/{rel}","templated":true}]}}