{"id":9816,"date":"2023-12-28T16:15:54","date_gmt":"2023-12-28T15:15:54","guid":{"rendered":"https:\/\/www.valaz.es\/?post_type=product&#038;p=9816"},"modified":"2026-03-24T14:23:09","modified_gmt":"2026-03-24T13:23:09","slug":"grifo-de-lavabo-monomando-cromado-serie-tera","status":"publish","type":"product","link":"https:\/\/www.valaz.es\/it\/prodotto\/grifo-de-lavabo-monomando-cromado-serie-tera\/","title":{"rendered":"Grifo de lavabo monomando cromado &#8211; Serie Tera"},"content":{"rendered":"<p class=\"\" data-start=\"0\" data-end=\"411\">Este grifo monomando de lavabo cromado de la Serie Tera es ideal para quienes buscan una opci\u00f3n funcional y estilizada para su ba\u00f1o. Su dise\u00f1o moderno, junto con el acabado cromado, aporta un toque de elegancia a tu espacio, adem\u00e1s de facilitar la regulaci\u00f3n del agua con un solo movimiento gracias al sistema monomando. Es una excelente opci\u00f3n para quienes desean un grifo duradero y c\u00f3modo para el uso diario.<\/p>\n<p class=\"\" data-start=\"413\" data-end=\"428\"><strong data-start=\"413\" data-end=\"428\">Materiales:<\/strong><\/p>\n<ul data-start=\"430\" data-end=\"498\">\n<li class=\"\" data-start=\"430\" data-end=\"468\">\n<p class=\"\" data-start=\"432\" data-end=\"468\">Cuerpo de grifer\u00eda de lat\u00f3n cromado.<\/p>\n<\/li>\n<li class=\"\" data-start=\"469\" data-end=\"498\">\n<p class=\"\" data-start=\"471\" data-end=\"498\">Cartucho cer\u00e1mico de 35 mm.<\/p>\n<\/li>\n<\/ul>\n<p class=\"\" data-start=\"500\" data-end=\"521\"><strong data-start=\"500\" data-end=\"521\">Especificaciones:<\/strong><\/p>\n<ul data-start=\"523\" data-end=\"648\">\n<li class=\"\" data-start=\"523\" data-end=\"550\">\n<p class=\"\" data-start=\"525\" data-end=\"550\">Tipo de grifo: Monomando.<\/p>\n<\/li>\n<li class=\"\" data-start=\"551\" data-end=\"570\">\n<p class=\"\" data-start=\"553\" data-end=\"570\">Acabado: Cromado.<\/p>\n<\/li>\n<li class=\"\" data-start=\"571\" data-end=\"601\">\n<p class=\"\" data-start=\"573\" data-end=\"601\">Cartucho: Cer\u00e1mico de 35 mm.<\/p>\n<\/li>\n<li class=\"\" data-start=\"602\" data-end=\"619\">\n<p class=\"\" data-start=\"604\" data-end=\"619\">Conexi\u00f3n: 1\/2&#8243;.<\/p>\n<\/li>\n<li class=\"\" data-start=\"620\" data-end=\"648\">\n<p class=\"\" data-start=\"622\" data-end=\"648\">Latiguillos 3\/8 incluidos.<\/p>\n<\/li>\n<\/ul>\n","protected":false},"excerpt":{"rendered":"<p>Este grifo monomando de lavabo cromado de la Serie Tera  [&#8230;]<\/p>\n","protected":false},"featured_media":9817,"template":"","meta":[],"product_brand":[],"product_cat":[48],"product_tag":[],"serie":[384],"manual-de-instalacion":[83],"color":[26],"class_list":{"0":"post-9816","1":"product","2":"type-product","3":"status-publish","4":"has-post-thumbnail","6":"product_cat-grifos-de-lavabo","7":"serie-tera","8":"manual-de-instalacion-guia-instalacion-grifo-superficie","9":"color-cromo","11":"first","12":"instock","13":"taxable","14":"shipping-taxable","15":"product-type-simple"},"_links":{"self":[{"href":"https:\/\/www.valaz.es\/it\/wp-json\/wp\/v2\/product\/9816","targetHints":{"allow":["GET"]}}],"collection":[{"href":"https:\/\/www.valaz.es\/it\/wp-json\/wp\/v2\/product"}],"about":[{"href":"https:\/\/www.valaz.es\/it\/wp-json\/wp\/v2\/types\/product"}],"wp:featuredmedia":[{"embeddable":true,"href":"https:\/\/www.valaz.es\/it\/wp-json\/wp\/v2\/media\/9817"}],"wp:attachment":[{"href":"https:\/\/www.valaz.es\/it\/wp-json\/wp\/v2\/media?parent=9816"}],"wp:term":[{"taxonomy":"product_brand","embeddable":true,"href":"https:\/\/www.valaz.es\/it\/wp-json\/wp\/v2\/product_brand?post=9816"},{"taxonomy":"product_cat","embeddable":true,"href":"https:\/\/www.valaz.es\/it\/wp-json\/wp\/v2\/product_cat?post=9816"},{"taxonomy":"product_tag","embeddable":true,"href":"https:\/\/www.valaz.es\/it\/wp-json\/wp\/v2\/product_tag?post=9816"},{"taxonomy":"serie","embeddable":true,"href":"https:\/\/www.valaz.es\/it\/wp-json\/wp\/v2\/serie?post=9816"},{"taxonomy":"manual-de-instalacion","embeddable":true,"href":"https:\/\/www.valaz.es\/it\/wp-json\/wp\/v2\/manual-de-instalacion?post=9816"},{"taxonomy":"color","embeddable":true,"href":"https:\/\/www.valaz.es\/it\/wp-json\/wp\/v2\/color?post=9816"}],"curies":[{"name":"wp","href":"https:\/\/api.w.org\/{rel}","templated":true}]}}