{"id":981,"date":"2022-11-15T16:29:35","date_gmt":"2022-11-15T15:29:35","guid":{"rendered":"https:\/\/www.valaz.es\/?post_type=product&#038;p=981"},"modified":"2026-03-13T14:23:08","modified_gmt":"2026-03-13T13:23:08","slug":"grifo-de-lavabo-encastrado-monomando-cuello-cisne-cromado-serie-aragon","status":"publish","type":"product","link":"https:\/\/www.valaz.es\/it\/prodotto\/grifo-de-lavabo-encastrado-monomando-cuello-cisne-cromado-serie-aragon\/","title":{"rendered":"Grifo de lavabo encastrado monomando cuello cisne cromado &#8211; Serie Arag\u00f3n"},"content":{"rendered":"<p class=\"\" data-start=\"166\" data-end=\"636\">El grifo de lavabo encastrado monomando cuello cisne de la Serie Arag\u00f3n en acabado cromado es una opci\u00f3n ideal para quienes buscan un dise\u00f1o moderno y elegante con un alto grado de funcionalidad. Su ca\u00f1o giratorio de 360\u00ba proporciona una mayor flexibilidad, permitiendo un uso m\u00e1s c\u00f3modo. El acabado cromado aporta brillo y resistencia, creando una pieza que destaca por su durabilidad y f\u00e1cil mantenimiento, perfecta para cualquier ba\u00f1o contempor\u00e1neo.<\/p>\n<p class=\"\" data-start=\"638\" data-end=\"661\"><strong data-start=\"638\" data-end=\"658\">Especificaciones<\/strong>:<\/p>\n<ul data-start=\"662\" data-end=\"902\">\n<li class=\"\" data-start=\"662\" data-end=\"696\">\n<p class=\"\" data-start=\"664\" data-end=\"696\"><strong data-start=\"664\" data-end=\"672\">Tipo<\/strong>: Monomando encastrado<\/p>\n<\/li>\n<li class=\"\" data-start=\"697\" data-end=\"725\">\n<p class=\"\" data-start=\"699\" data-end=\"725\"><strong data-start=\"699\" data-end=\"709\">Dise\u00f1o<\/strong>: Cuello cisne<\/p>\n<\/li>\n<li class=\"\" data-start=\"726\" data-end=\"763\">\n<p class=\"\" data-start=\"728\" data-end=\"763\"><strong data-start=\"728\" data-end=\"740\">Rotaci\u00f3n<\/strong>: Ca\u00f1o giratorio 360\u00ba<\/p>\n<\/li>\n<li class=\"\" data-start=\"764\" data-end=\"806\">\n<p class=\"\" data-start=\"766\" data-end=\"806\"><strong data-start=\"766\" data-end=\"789\">Material del cuerpo<\/strong>: Lat\u00f3n cromado<\/p>\n<\/li>\n<li class=\"\" data-start=\"807\" data-end=\"842\">\n<p class=\"\" data-start=\"809\" data-end=\"842\"><strong data-start=\"809\" data-end=\"821\">Cartucho<\/strong>: Cer\u00e1mico de 35 mm<\/p>\n<\/li>\n<li class=\"\" data-start=\"843\" data-end=\"869\">\n<p class=\"\" data-start=\"845\" data-end=\"869\"><strong data-start=\"845\" data-end=\"860\">Latiguillos<\/strong>: 50 cm<\/p>\n<\/li>\n<li class=\"\" data-start=\"870\" data-end=\"902\">\n<p class=\"\" data-start=\"872\" data-end=\"902\"><strong data-start=\"872\" data-end=\"883\">Acabado<\/strong>: Cromado brillante<\/p>\n<\/li>\n<\/ul>\n","protected":false},"excerpt":{"rendered":"<p>Serie Arag\u00f3n apuesta por la funcionalidad, ya que es cl\u00e1sica y elegante, nuestros grifos de cocina encastrados monomando con cuello de cisne Y GIRATORIO 360 grados. Actualmente tenemos acabado en cromado, negro mate y dorado cepillado. El cuerpo de la grifer\u00eda lat\u00f3n, con cartucho cer\u00e1mico y latiguillos.<\/p>\n<p>&nbsp;<\/p>\n<p>&nbsp;<\/p>\n<p>La garant\u00eda de todos nuestros productos es de 3 a\u00f1os, para funcionamiento, duraci\u00f3n del esmaltado y anticorrosi\u00f3n.<\/p>\n<p>Recomendamos para un correcto mantenimiento de la grifer\u00eda y evitar el deterioro por el uso. Secar las gotas de agua con un pa\u00f1o suave despu\u00e9s del uso, evitando que se posen en la superficie y deterioran el acabado, no utilizar esponjas que puedan rayar la grifer\u00eda, utilizar limpiadores como vinagre limpieza, agua caliente y jab\u00f3n con ph neutro.<\/p>\n<p>&nbsp;<\/p>\n<p><strong>Nuestro departamento\u00a0t\u00e9cnico\u00a0dispone de\u00a0gu\u00edas\u00a0de todos los\u00a0modelos\u00a0empotrados\u00a0que vendemos<\/strong><strong>,\u00a0si tiene alguna duda con la\u00a0instalaci\u00f3n\u00a0contacte con nosotros mediante\u00a0tel\u00e9fono,\u00a0WhatsApp\u00a0o email dentro del horario laboral indicado en la web.<\/strong><\/p>\n<p><strong>Recuerden que una vez instalado el cuerpo\u00a0empotrado\u00a0de la\u00a0grifer\u00eda\u00a0revisar de su correcto funcionamiento de paso de agua, comprobaci\u00f3n de cartuchos y corte de agua, si detecta alguna\u00a0anomal\u00eda\u00a0informe a nuestro\u00a0departamento\u00a0para darle una\u00a0soluci\u00f3n, no\u00a0contin\u00fae\u00a0con la\u00a0instalaci\u00f3n\u00a0de cerramiento de la pared.<\/strong><\/p>\n","protected":false},"featured_media":18287,"template":"","meta":[],"product_brand":[],"product_cat":[48],"product_tag":[],"serie":[72],"manual-de-instalacion":[],"color":[26],"class_list":{"0":"post-981","1":"product","2":"type-product","3":"status-publish","4":"has-post-thumbnail","6":"product_cat-grifos-de-lavabo","7":"serie-aragon","8":"color-cromo","10":"first","11":"instock","12":"taxable","13":"shipping-taxable","14":"product-type-simple"},"_links":{"self":[{"href":"https:\/\/www.valaz.es\/it\/wp-json\/wp\/v2\/product\/981","targetHints":{"allow":["GET"]}}],"collection":[{"href":"https:\/\/www.valaz.es\/it\/wp-json\/wp\/v2\/product"}],"about":[{"href":"https:\/\/www.valaz.es\/it\/wp-json\/wp\/v2\/types\/product"}],"wp:featuredmedia":[{"embeddable":true,"href":"https:\/\/www.valaz.es\/it\/wp-json\/wp\/v2\/media\/18287"}],"wp:attachment":[{"href":"https:\/\/www.valaz.es\/it\/wp-json\/wp\/v2\/media?parent=981"}],"wp:term":[{"taxonomy":"product_brand","embeddable":true,"href":"https:\/\/www.valaz.es\/it\/wp-json\/wp\/v2\/product_brand?post=981"},{"taxonomy":"product_cat","embeddable":true,"href":"https:\/\/www.valaz.es\/it\/wp-json\/wp\/v2\/product_cat?post=981"},{"taxonomy":"product_tag","embeddable":true,"href":"https:\/\/www.valaz.es\/it\/wp-json\/wp\/v2\/product_tag?post=981"},{"taxonomy":"serie","embeddable":true,"href":"https:\/\/www.valaz.es\/it\/wp-json\/wp\/v2\/serie?post=981"},{"taxonomy":"manual-de-instalacion","embeddable":true,"href":"https:\/\/www.valaz.es\/it\/wp-json\/wp\/v2\/manual-de-instalacion?post=981"},{"taxonomy":"color","embeddable":true,"href":"https:\/\/www.valaz.es\/it\/wp-json\/wp\/v2\/color?post=981"}],"curies":[{"name":"wp","href":"https:\/\/api.w.org\/{rel}","templated":true}]}}