{"id":9752,"date":"2023-12-28T16:12:29","date_gmt":"2023-12-28T15:12:29","guid":{"rendered":"https:\/\/www.valaz.es\/?post_type=product&#038;p=9752"},"modified":"2025-11-27T14:54:43","modified_gmt":"2025-11-27T13:54:43","slug":"grifo-de-ducha-redondo-monomando-negro-mate-serie-viar","status":"publish","type":"product","link":"https:\/\/www.valaz.es\/it\/prodotto\/grifo-de-ducha-redondo-monomando-negro-mate-serie-viar\/","title":{"rendered":"Grifo de ducha redondo monomando negro mate &#8211; Serie Viar"},"content":{"rendered":"<p class=\"\" data-start=\"62\" data-end=\"386\">Este grifo de ducha monomando redondo de la Serie Viar en acabado negro mate es ideal para quienes buscan un dise\u00f1o minimalista y moderno para su ba\u00f1o. Su elegante acabado mate no solo resalta en cualquier ambiente, sino que tambi\u00e9n ofrece un f\u00e1cil control de la temperatura y el flujo de agua mediante su sistema monomando.<\/p>\n<p class=\"\" data-start=\"388\" data-end=\"403\"><strong data-start=\"388\" data-end=\"403\">Materiales:<\/strong><\/p>\n<ul data-start=\"405\" data-end=\"476\">\n<li class=\"\" data-start=\"405\" data-end=\"446\">\n<p class=\"\" data-start=\"407\" data-end=\"446\">Cuerpo de grifer\u00eda de lat\u00f3n negro mate.<\/p>\n<\/li>\n<li class=\"\" data-start=\"447\" data-end=\"476\">\n<p class=\"\" data-start=\"449\" data-end=\"476\">Cartucho cer\u00e1mico de 35 mm.<\/p>\n<\/li>\n<li data-start=\"447\" data-end=\"476\">Alcachofa de mano y flexo: PVC.<\/li>\n<\/ul>\n<p class=\"\" data-start=\"478\" data-end=\"499\"><strong data-start=\"478\" data-end=\"499\">Especificaciones:<\/strong><\/p>\n<ul data-start=\"501\" data-end=\"629\">\n<li class=\"\" data-start=\"501\" data-end=\"528\">\n<p class=\"\" data-start=\"503\" data-end=\"528\">Tipo de grifo: Monomando.<\/p>\n<\/li>\n<li class=\"\" data-start=\"529\" data-end=\"551\">\n<p class=\"\" data-start=\"531\" data-end=\"551\">Acabado: Negro mate.<\/p>\n<\/li>\n<li class=\"\" data-start=\"552\" data-end=\"582\">\n<p class=\"\" data-start=\"554\" data-end=\"582\">Cartucho: Cer\u00e1mico de 35 mm.<\/p>\n<\/li>\n<li class=\"\" data-start=\"583\" data-end=\"600\">\n<p class=\"\" data-start=\"585\" data-end=\"600\">Conexi\u00f3n: 1\/2&#8243;.<\/p>\n<\/li>\n<li class=\"\" data-start=\"601\" data-end=\"629\">\n<p class=\"\" data-start=\"603\" data-end=\"629\">Latiguillos 3\/8 incluidos.<\/p>\n<\/li>\n<\/ul>\n<p class=\"\" data-start=\"631\" data-end=\"709\"><strong data-start=\"631\" data-end=\"647\">Instalaci\u00f3n:<\/strong> Este grifo tiene una distancia est\u00e1ndar de 15 cm entre tomas.<\/p>\n","protected":false},"excerpt":{"rendered":"<p>Este grifo de ducha monomando redondo de la Serie Viar  [&#8230;]<\/p>\n","protected":false},"featured_media":9733,"template":"","meta":[],"product_brand":[],"product_cat":[405],"product_tag":[],"serie":[381],"manual-de-instalacion":[],"color":[27],"class_list":{"0":"post-9752","1":"product","2":"type-product","3":"status-publish","4":"has-post-thumbnail","6":"product_cat-grifos-de-ducha","7":"serie-viar","8":"color-negro-mate","10":"first","11":"instock","12":"taxable","13":"shipping-taxable","14":"product-type-simple"},"_links":{"self":[{"href":"https:\/\/www.valaz.es\/it\/wp-json\/wp\/v2\/product\/9752","targetHints":{"allow":["GET"]}}],"collection":[{"href":"https:\/\/www.valaz.es\/it\/wp-json\/wp\/v2\/product"}],"about":[{"href":"https:\/\/www.valaz.es\/it\/wp-json\/wp\/v2\/types\/product"}],"wp:featuredmedia":[{"embeddable":true,"href":"https:\/\/www.valaz.es\/it\/wp-json\/wp\/v2\/media\/9733"}],"wp:attachment":[{"href":"https:\/\/www.valaz.es\/it\/wp-json\/wp\/v2\/media?parent=9752"}],"wp:term":[{"taxonomy":"product_brand","embeddable":true,"href":"https:\/\/www.valaz.es\/it\/wp-json\/wp\/v2\/product_brand?post=9752"},{"taxonomy":"product_cat","embeddable":true,"href":"https:\/\/www.valaz.es\/it\/wp-json\/wp\/v2\/product_cat?post=9752"},{"taxonomy":"product_tag","embeddable":true,"href":"https:\/\/www.valaz.es\/it\/wp-json\/wp\/v2\/product_tag?post=9752"},{"taxonomy":"serie","embeddable":true,"href":"https:\/\/www.valaz.es\/it\/wp-json\/wp\/v2\/serie?post=9752"},{"taxonomy":"manual-de-instalacion","embeddable":true,"href":"https:\/\/www.valaz.es\/it\/wp-json\/wp\/v2\/manual-de-instalacion?post=9752"},{"taxonomy":"color","embeddable":true,"href":"https:\/\/www.valaz.es\/it\/wp-json\/wp\/v2\/color?post=9752"}],"curies":[{"name":"wp","href":"https:\/\/api.w.org\/{rel}","templated":true}]}}