{"id":974,"date":"2022-11-15T16:21:17","date_gmt":"2022-11-15T15:21:17","guid":{"rendered":"https:\/\/www.valaz.es\/?post_type=product&#038;p=974"},"modified":"2025-04-10T09:50:33","modified_gmt":"2025-04-10T07:50:33","slug":"grifo-de-lavabo-encastrado-monomando-alto-para-pica-oro-mate-con-proteccion-pvd-serie-guadalope","status":"publish","type":"product","link":"https:\/\/www.valaz.es\/it\/prodotto\/grifo-de-lavabo-encastrado-monomando-alto-para-pica-oro-mate-con-proteccion-pvd-serie-guadalope\/","title":{"rendered":"Grifo de lavabo encastrado monomando alto para pica oro mate con protecci\u00f3n PVD &#8211; Serie Guadalope"},"content":{"rendered":"<p class=\"\" data-start=\"291\" data-end=\"810\">El grifo de lavabo encastrado monomando alto para pica de la Serie Guadalope, en acabado oro mate con protecci\u00f3n PVD, es la elecci\u00f3n perfecta para quienes buscan un toque de lujo y sofisticaci\u00f3n en su ba\u00f1o. Su dise\u00f1o alto y el ca\u00f1o giratorio de 360\u00ba permiten una mayor comodidad y versatilidad. El acabado oro mate no solo ofrece una est\u00e9tica c\u00e1lida y elegante, sino que tambi\u00e9n asegura mayor durabilidad y resistencia gracias a su protecci\u00f3n PVD, manteniendo su apariencia intacta durante m\u00e1s tiempo.<\/p>\n<p class=\"\" data-start=\"812\" data-end=\"835\"><strong data-start=\"812\" data-end=\"832\">Especificaciones<\/strong>:<\/p>\n<ul data-start=\"836\" data-end=\"1135\">\n<li class=\"\" data-start=\"836\" data-end=\"885\">\n<p class=\"\" data-start=\"838\" data-end=\"885\"><strong data-start=\"838\" data-end=\"846\">Tipo<\/strong>: Monomando encastrado alto para pica<\/p>\n<\/li>\n<li class=\"\" data-start=\"886\" data-end=\"918\">\n<p class=\"\" data-start=\"888\" data-end=\"918\"><strong data-start=\"888\" data-end=\"898\">Dise\u00f1o<\/strong>: Alto y giratorio<\/p>\n<\/li>\n<li class=\"\" data-start=\"919\" data-end=\"956\">\n<p class=\"\" data-start=\"921\" data-end=\"956\"><strong data-start=\"921\" data-end=\"933\">Rotaci\u00f3n<\/strong>: Ca\u00f1o giratorio 360\u00ba<\/p>\n<\/li>\n<li class=\"\" data-start=\"957\" data-end=\"1029\">\n<p class=\"\" data-start=\"959\" data-end=\"1029\"><strong data-start=\"959\" data-end=\"982\">Material del cuerpo<\/strong>: Lat\u00f3n con acabado oro mate (protecci\u00f3n PVD)<\/p>\n<\/li>\n<li class=\"\" data-start=\"1030\" data-end=\"1065\">\n<p class=\"\" data-start=\"1032\" data-end=\"1065\"><strong data-start=\"1032\" data-end=\"1044\">Cartucho<\/strong>: Cer\u00e1mico de 35 mm<\/p>\n<\/li>\n<li class=\"\" data-start=\"1066\" data-end=\"1092\">\n<p class=\"\" data-start=\"1068\" data-end=\"1092\"><strong data-start=\"1068\" data-end=\"1083\">Latiguillos<\/strong>: 50 cm<\/p>\n<\/li>\n<li class=\"\" data-start=\"1093\" data-end=\"1135\">\n<p class=\"\" data-start=\"1095\" data-end=\"1135\"><strong data-start=\"1095\" data-end=\"1106\">Acabado<\/strong>: Oro mate con protecci\u00f3n PVD<\/p>\n<\/li>\n<\/ul>\n","protected":false},"excerpt":{"rendered":"<p>Serie Guadalope con acabado redondos, destacada su dise\u00f1o con las partes del grifo por separado la hace diferente por su elegancia y su funcionalidad. Por un lado, est\u00e1 el ca\u00f1o con el cuerpo de la grifer\u00eda en lat\u00f3n y por otro lado el monomando con su cartucho de cer\u00e1mico de 35mm, latiguillos de 50 cm, sus acabados son dorado cepillado, negro y cromado.<\/p>\n<p>La garant\u00eda de todos nuestros productos es de 3 a\u00f1os, para funcionamiento, duraci\u00f3n del esmaltado y anticorrosi\u00f3n.<\/p>\n<p>Recomendamos para un correcto mantenimiento de la grifer\u00eda y evitar el deterioro por el uso. Secar las gotas de agua con un pa\u00f1o suave despu\u00e9s del uso, evitando que se posen en la superficie y deterioran el acabado, no utilizar esponjas que puedan rayar la grifer\u00eda, utilizar limpiadores como vinagre limpieza, agua caliente y jab\u00f3n con ph neutro.<\/p>\n<p>&nbsp;<\/p>\n<p><strong>Nuestro departamento\u00a0t\u00e9cnico\u00a0dispone de\u00a0gu\u00edas\u00a0de todos los\u00a0modelos\u00a0empotrados\u00a0que vendemos<\/strong><strong>,\u00a0si tiene alguna duda con la\u00a0instalaci\u00f3n\u00a0contacte con nosotros mediante\u00a0tel\u00e9fono,\u00a0WhatsApp\u00a0o email dentro del horario laboral indicado en la web.<\/strong><\/p>\n<p><strong>Recuerden que una vez instalado el cuerpo\u00a0empotrado\u00a0de la\u00a0grifer\u00eda\u00a0revisar de su correcto funcionamiento de paso de agua, comprobaci\u00f3n de cartuchos y corte de agua, si detecta alguna\u00a0anomal\u00eda\u00a0informe a nuestro\u00a0departamento\u00a0para darle una\u00a0soluci\u00f3n, no\u00a0contin\u00fae\u00a0con la\u00a0instalaci\u00f3n\u00a0de cerramiento de la pared.<\/strong><\/p>\n","protected":false},"featured_media":965,"template":"","meta":[],"product_brand":[],"product_cat":[48],"product_tag":[],"serie":[41],"manual-de-instalacion":[],"color":[34],"class_list":{"0":"post-974","1":"product","2":"type-product","3":"status-publish","4":"has-post-thumbnail","6":"product_cat-grifos-de-lavabo","7":"serie-guadalope","8":"color-dorado-cepillado","10":"first","11":"instock","12":"taxable","13":"shipping-taxable","14":"product-type-simple"},"_links":{"self":[{"href":"https:\/\/www.valaz.es\/it\/wp-json\/wp\/v2\/product\/974","targetHints":{"allow":["GET"]}}],"collection":[{"href":"https:\/\/www.valaz.es\/it\/wp-json\/wp\/v2\/product"}],"about":[{"href":"https:\/\/www.valaz.es\/it\/wp-json\/wp\/v2\/types\/product"}],"wp:featuredmedia":[{"embeddable":true,"href":"https:\/\/www.valaz.es\/it\/wp-json\/wp\/v2\/media\/965"}],"wp:attachment":[{"href":"https:\/\/www.valaz.es\/it\/wp-json\/wp\/v2\/media?parent=974"}],"wp:term":[{"taxonomy":"product_brand","embeddable":true,"href":"https:\/\/www.valaz.es\/it\/wp-json\/wp\/v2\/product_brand?post=974"},{"taxonomy":"product_cat","embeddable":true,"href":"https:\/\/www.valaz.es\/it\/wp-json\/wp\/v2\/product_cat?post=974"},{"taxonomy":"product_tag","embeddable":true,"href":"https:\/\/www.valaz.es\/it\/wp-json\/wp\/v2\/product_tag?post=974"},{"taxonomy":"serie","embeddable":true,"href":"https:\/\/www.valaz.es\/it\/wp-json\/wp\/v2\/serie?post=974"},{"taxonomy":"manual-de-instalacion","embeddable":true,"href":"https:\/\/www.valaz.es\/it\/wp-json\/wp\/v2\/manual-de-instalacion?post=974"},{"taxonomy":"color","embeddable":true,"href":"https:\/\/www.valaz.es\/it\/wp-json\/wp\/v2\/color?post=974"}],"curies":[{"name":"wp","href":"https:\/\/api.w.org\/{rel}","templated":true}]}}