{"id":950,"date":"2022-11-15T15:49:46","date_gmt":"2022-11-15T14:49:46","guid":{"rendered":"https:\/\/www.valaz.es\/?post_type=product&#038;p=950"},"modified":"2026-03-23T21:04:35","modified_gmt":"2026-03-23T20:04:35","slug":"ducha-empotrada-monomando-a-pared-cuadrada-negro-mate-serie-eresma","status":"publish","type":"product","link":"https:\/\/www.valaz.es\/it\/prodotto\/ducha-empotrada-monomando-a-pared-cuadrada-negro-mate-serie-eresma\/","title":{"rendered":"Ducha empotrada monomando a pared cuadrada negro mate &#8211; Serie Eresma"},"content":{"rendered":"<p class=\"\" data-start=\"74\" data-end=\"400\">La ducha empotrada monomando a pared cuadrada de la Serie Eresma en acabado negro mate es una elecci\u00f3n moderna y elegante, dise\u00f1ada para brindar una experiencia de ducha \u00fanica. Con un rociador de efecto lluvia y una alcachofa de mano, ofrece versatilidad y confort en cada uso, adapt\u00e1ndose a tus necesidades.<\/p>\n<p class=\"\" data-start=\"402\" data-end=\"416\"><strong data-start=\"402\" data-end=\"413\">Incluye<\/strong>:<\/p>\n<ul data-start=\"417\" data-end=\"947\">\n<li class=\"\" data-start=\"417\" data-end=\"566\">\n<p class=\"\" data-start=\"419\" data-end=\"566\"><strong data-start=\"419\" data-end=\"431\">Rociador<\/strong>: Disponible en tama\u00f1os de 20&#215;20, 25&#215;25, 30&#215;30 y 40&#215;40, lo que te permite elegir el tama\u00f1o ideal seg\u00fan el espacio y tus preferencias.<\/p>\n<\/li>\n<li class=\"\" data-start=\"567\" data-end=\"654\">\n<p class=\"\" data-start=\"569\" data-end=\"654\"><strong data-start=\"569\" data-end=\"588\">Soporte a pared<\/strong>: Para asegurar una instalaci\u00f3n robusta y duradera del rociador.<\/p>\n<\/li>\n<li class=\"\" data-start=\"655\" data-end=\"791\">\n<p class=\"\" data-start=\"657\" data-end=\"791\"><strong data-start=\"657\" data-end=\"680\">Monomando de 2 v\u00edas<\/strong>: Permite seleccionar entre el rociador de efecto lluvia y la alcachofa de mano, proporcionando flexibilidad.<\/p>\n<\/li>\n<li class=\"\" data-start=\"792\" data-end=\"870\">\n<p class=\"\" data-start=\"794\" data-end=\"870\"><strong data-start=\"794\" data-end=\"813\">Flexo de 150 cm<\/strong>: Asegura mayor comodidad al usar la alcachofa de mano.<\/p>\n<\/li>\n<li class=\"\" data-start=\"871\" data-end=\"947\">\n<p class=\"\" data-start=\"873\" data-end=\"947\"><strong data-start=\"873\" data-end=\"906\">Alcachofa de mano con soporte<\/strong>: Para un manejo f\u00e1cil y c\u00f3modo del agua.<\/p>\n<\/li>\n<li data-start=\"871\" data-end=\"947\">Caja box empotrable<\/li>\n<\/ul>\n<p class=\"\" data-start=\"949\" data-end=\"966\"><strong data-start=\"949\" data-end=\"963\">Materiales<\/strong>:<\/p>\n<ul data-start=\"967\" data-end=\"1089\">\n<li class=\"\" data-start=\"967\" data-end=\"1001\">\n<p class=\"\" data-start=\"969\" data-end=\"1001\"><strong data-start=\"969\" data-end=\"981\">Rociador<\/strong>: Acero inoxidable<\/p>\n<\/li>\n<li class=\"\" data-start=\"1002\" data-end=\"1026\">\n<p class=\"\" data-start=\"1004\" data-end=\"1026\"><strong data-start=\"1004\" data-end=\"1017\">Monomando<\/strong>: Lat\u00f3n<\/p>\n<\/li>\n<li class=\"\" data-start=\"1027\" data-end=\"1057\">\n<p class=\"\" data-start=\"1029\" data-end=\"1057\"><strong data-start=\"1029\" data-end=\"1050\">Alcachofa de mano y flexo<\/strong>: PVC<\/p>\n<\/li>\n<\/ul>\n<p class=\"\" data-start=\"1091\" data-end=\"1174\"><strong data-start=\"1091\" data-end=\"1102\">Acabado<\/strong>: Negro mate, que aporta un toque sofisticado y contempor\u00e1neo a tu ba\u00f1o.<\/p>\n","protected":false},"excerpt":{"rendered":"<p>Serie Eresma l\u00edneas rectas y cuadradas que aportan estilo y dise\u00f1o a cualquier ba\u00f1o, se diferencia por la alcachofa de mano ancha. Actualmente disponemos de diferentes acabados cromado y negro mate. Tenemos Ducha empotradas cuadrada a techo y pared<\/p>\n<p>&nbsp;<\/p>\n<p>La garant\u00eda de todos nuestros productos es de 3 a\u00f1os, para funcionamiento, duraci\u00f3n del esmaltado y anticorrosi\u00f3n.<\/p>\n<p>Recomendamos para un correcto mantenimiento de la grifer\u00eda y evitar el deterioro por el uso. Secar las gotas de agua con un pa\u00f1o suave despu\u00e9s del uso, evitando que se posen en la superficie y deterioran el acabado, no utilizar esponjas que puedan rayar la grifer\u00eda, utilizar limpiadores como vinagre limpieza, agua caliente y jab\u00f3n con ph neutro.<\/p>\n<p>&nbsp;<\/p>\n<p>Nuestro departamento t\u00e9cnico dispone de gu\u00edas de todos los modelos empotrados que vendemos, si tiene alguna duda con la instalaci\u00f3n contacte con nosotros mediante tel\u00e9fono, WhatsApp o email dentro del horario laboral indicado en la web.<\/p>\n<p>Recuerden que una vez instalado el cuerpo empotrado de la grifer\u00eda revisar de su correcto funcionamiento de paso de agua, comprobaci\u00f3n de cartuchos y corte de agua, si detecta alguna anomal\u00eda informe a nuestro departamento para darle una soluci\u00f3n, no contin\u00fae con la instalaci\u00f3n de cerramiento de la pared.<\/p>\n","protected":false},"featured_media":948,"template":"","meta":[],"product_brand":[],"product_cat":[57,47],"product_tag":[],"serie":[45],"manual-de-instalacion":[78],"color":[27],"class_list":{"0":"post-950","1":"product","2":"type-product","3":"status-publish","4":"has-post-thumbnail","6":"product_cat-duchas-empotradas","7":"product_cat-duchas","8":"pa_tamano-rociador-20cm","9":"pa_tamano-rociador-25cm","10":"pa_tamano-rociador-30cm","11":"serie-eresma","12":"manual-de-instalacion-guia-instalacion-duchas-empotradas-monomando","13":"color-negro-mate","15":"first","16":"instock","17":"taxable","18":"shipping-taxable","19":"product-type-variable"},"_links":{"self":[{"href":"https:\/\/www.valaz.es\/it\/wp-json\/wp\/v2\/product\/950","targetHints":{"allow":["GET"]}}],"collection":[{"href":"https:\/\/www.valaz.es\/it\/wp-json\/wp\/v2\/product"}],"about":[{"href":"https:\/\/www.valaz.es\/it\/wp-json\/wp\/v2\/types\/product"}],"wp:featuredmedia":[{"embeddable":true,"href":"https:\/\/www.valaz.es\/it\/wp-json\/wp\/v2\/media\/948"}],"wp:attachment":[{"href":"https:\/\/www.valaz.es\/it\/wp-json\/wp\/v2\/media?parent=950"}],"wp:term":[{"taxonomy":"product_brand","embeddable":true,"href":"https:\/\/www.valaz.es\/it\/wp-json\/wp\/v2\/product_brand?post=950"},{"taxonomy":"product_cat","embeddable":true,"href":"https:\/\/www.valaz.es\/it\/wp-json\/wp\/v2\/product_cat?post=950"},{"taxonomy":"product_tag","embeddable":true,"href":"https:\/\/www.valaz.es\/it\/wp-json\/wp\/v2\/product_tag?post=950"},{"taxonomy":"serie","embeddable":true,"href":"https:\/\/www.valaz.es\/it\/wp-json\/wp\/v2\/serie?post=950"},{"taxonomy":"manual-de-instalacion","embeddable":true,"href":"https:\/\/www.valaz.es\/it\/wp-json\/wp\/v2\/manual-de-instalacion?post=950"},{"taxonomy":"color","embeddable":true,"href":"https:\/\/www.valaz.es\/it\/wp-json\/wp\/v2\/color?post=950"}],"curies":[{"name":"wp","href":"https:\/\/api.w.org\/{rel}","templated":true}]}}