{"id":941,"date":"2022-11-15T15:47:52","date_gmt":"2022-11-15T14:47:52","guid":{"rendered":"https:\/\/www.valaz.es\/?post_type=product&#038;p=941"},"modified":"2026-02-11T00:23:16","modified_gmt":"2026-02-10T23:23:16","slug":"ducha-empotrada-monomando-a-pared-cuadrada-cromada-serie-eresma","status":"publish","type":"product","link":"https:\/\/www.valaz.es\/it\/prodotto\/ducha-empotrada-monomando-a-pared-cuadrada-cromada-serie-eresma\/","title":{"rendered":"Ducha empotrada monomando a pared cuadrada cromada &#8211; Serie Eresma"},"content":{"rendered":"<p class=\"\" data-start=\"71\" data-end=\"537\">La ducha empotrada monomando a pared cuadrada cromada de la Serie Eresma combina funcionalidad y dise\u00f1o moderno para brindar una experiencia de ducha de alta calidad. Su acabado cromado resalta el espacio del ba\u00f1o, mientras que su instalaci\u00f3n empotrada aporta un estilo limpio y contempor\u00e1neo. Esta ducha cuenta con dos funciones, ofreciendo tanto el efecto lluvia del rociador como el uso de la alcachofa de mano para mayor versatilidad y confort.<\/p>\n<p class=\"\" data-start=\"539\" data-end=\"553\"><strong data-start=\"539\" data-end=\"550\">Incluye<\/strong>:<\/p>\n<ul data-start=\"554\" data-end=\"1056\">\n<li class=\"\" data-start=\"554\" data-end=\"712\">\n<p class=\"\" data-start=\"556\" data-end=\"712\"><strong data-start=\"556\" data-end=\"568\">Rociador<\/strong>: Disponible en tama\u00f1os de 20&#215;20, 25&#215;25, 30&#215;30 y 40&#215;40, con soporte a pared, adapt\u00e1ndose a tus preferencias de tama\u00f1o y distribuci\u00f3n del agua.<\/p>\n<\/li>\n<li class=\"\" data-start=\"713\" data-end=\"836\">\n<p class=\"\" data-start=\"715\" data-end=\"836\"><strong data-start=\"715\" data-end=\"738\">Monomando de 2 v\u00edas<\/strong>: Controla con facilidad el flujo de agua para el rociador efecto lluvia y la alcachofa de mano.<\/p>\n<\/li>\n<li class=\"\" data-start=\"837\" data-end=\"963\">\n<p class=\"\" data-start=\"839\" data-end=\"963\"><strong data-start=\"839\" data-end=\"890\">Flexo de 150 cm y alcachofa de mano con soporte<\/strong>: Para mayor comodidad en el uso y flexibilidad al momento de ducharte.<\/p>\n<\/li>\n<li class=\"\" data-start=\"964\" data-end=\"1056\">\n<p class=\"\" data-start=\"966\" data-end=\"1056\"><strong data-start=\"966\" data-end=\"997\">Soporte de rociador a pared<\/strong>: Proporciona estabilidad y permite una instalaci\u00f3n segura.<\/p>\n<\/li>\n<li data-start=\"964\" data-end=\"1056\">Caja box empotrable<\/li>\n<\/ul>\n<p class=\"\" data-start=\"1058\" data-end=\"1075\"><strong data-start=\"1058\" data-end=\"1072\">Materiales<\/strong>:<\/p>\n<ul data-start=\"1076\" data-end=\"1196\">\n<li class=\"\" data-start=\"1076\" data-end=\"1110\">\n<p class=\"\" data-start=\"1078\" data-end=\"1110\"><strong data-start=\"1078\" data-end=\"1090\">Rociador<\/strong>: Acero inoxidable<\/p>\n<\/li>\n<li class=\"\" data-start=\"1111\" data-end=\"1135\">\n<p class=\"\" data-start=\"1113\" data-end=\"1135\"><strong data-start=\"1113\" data-end=\"1126\">Monomando<\/strong>: Lat\u00f3n<\/p>\n<\/li>\n<li class=\"\" data-start=\"1136\" data-end=\"1166\">\n<p class=\"\" data-start=\"1138\" data-end=\"1166\"><strong data-start=\"1138\" data-end=\"1159\">Alcachofa de mano<\/strong>: PVC<\/p>\n<\/li>\n<li class=\"\" data-start=\"1167\" data-end=\"1196\">\n<p class=\"\" data-start=\"1169\" data-end=\"1196\"><strong data-start=\"1169\" data-end=\"1178\">Flexo<\/strong>: Acero inoxidable<\/p>\n<\/li>\n<\/ul>\n<p class=\"\" data-start=\"1198\" data-end=\"1323\"><strong data-start=\"1198\" data-end=\"1209\">Acabado<\/strong>: Cromado.<\/p>\n","protected":false},"excerpt":{"rendered":"<p>Serie Eresma l\u00edneas rectas y cuadradas que aportan estilo y dise\u00f1o a cualquier ba\u00f1o, se diferencia por la alcachofa de mano ancha. Actualmente disponemos de diferentes acabados cromado y negro mate. Tenemos Ducha empotradas cuadrada a techo y pared<\/p>\n<p>&nbsp;<\/p>\n<p>La garant\u00eda de todos nuestros productos es de 3 a\u00f1os, para funcionamiento, duraci\u00f3n del esmaltado y anticorrosi\u00f3n.<\/p>\n<p>Recomendamos para un correcto mantenimiento de la grifer\u00eda y evitar el deterioro por el uso. Secar las gotas de agua con un pa\u00f1o suave despu\u00e9s del uso, evitando que se posen en la superficie y deterioran el acabado, no utilizar esponjas que puedan rayar la grifer\u00eda, utilizar limpiadores como vinagre limpieza, agua caliente y jab\u00f3n con ph neutro.<\/p>\n<p>&nbsp;<\/p>\n<p>Nuestro departamento t\u00e9cnico dispone de gu\u00edas de todos los modelos empotrados que vendemos, si tiene alguna duda con la instalaci\u00f3n contacte con nosotros mediante tel\u00e9fono, WhatsApp o email dentro del horario laboral indicado en la web.<\/p>\n<p>Recuerden que una vez instalado el cuerpo empotrado de la grifer\u00eda revisar de su correcto funcionamiento de paso de agua, comprobaci\u00f3n de cartuchos y corte de agua, si detecta alguna anomal\u00eda informe a nuestro departamento para darle una soluci\u00f3n, no contin\u00fae con la instalaci\u00f3n de cerramiento de la pared.<\/p>\n","protected":false},"featured_media":946,"template":"","meta":[],"product_brand":[],"product_cat":[57,47],"product_tag":[],"serie":[45],"manual-de-instalacion":[78],"color":[26],"class_list":{"0":"post-941","1":"product","2":"type-product","3":"status-publish","4":"has-post-thumbnail","6":"product_cat-duchas-empotradas","7":"product_cat-duchas","8":"pa_tamano-rociador-20cm","9":"pa_tamano-rociador-25cm","10":"pa_tamano-rociador-30cm","11":"pa_tamano-rociador-40cm","12":"serie-eresma","13":"manual-de-instalacion-guia-instalacion-duchas-empotradas-monomando","14":"color-cromo","16":"first","17":"instock","18":"taxable","19":"shipping-taxable","20":"product-type-variable"},"_links":{"self":[{"href":"https:\/\/www.valaz.es\/it\/wp-json\/wp\/v2\/product\/941","targetHints":{"allow":["GET"]}}],"collection":[{"href":"https:\/\/www.valaz.es\/it\/wp-json\/wp\/v2\/product"}],"about":[{"href":"https:\/\/www.valaz.es\/it\/wp-json\/wp\/v2\/types\/product"}],"wp:featuredmedia":[{"embeddable":true,"href":"https:\/\/www.valaz.es\/it\/wp-json\/wp\/v2\/media\/946"}],"wp:attachment":[{"href":"https:\/\/www.valaz.es\/it\/wp-json\/wp\/v2\/media?parent=941"}],"wp:term":[{"taxonomy":"product_brand","embeddable":true,"href":"https:\/\/www.valaz.es\/it\/wp-json\/wp\/v2\/product_brand?post=941"},{"taxonomy":"product_cat","embeddable":true,"href":"https:\/\/www.valaz.es\/it\/wp-json\/wp\/v2\/product_cat?post=941"},{"taxonomy":"product_tag","embeddable":true,"href":"https:\/\/www.valaz.es\/it\/wp-json\/wp\/v2\/product_tag?post=941"},{"taxonomy":"serie","embeddable":true,"href":"https:\/\/www.valaz.es\/it\/wp-json\/wp\/v2\/serie?post=941"},{"taxonomy":"manual-de-instalacion","embeddable":true,"href":"https:\/\/www.valaz.es\/it\/wp-json\/wp\/v2\/manual-de-instalacion?post=941"},{"taxonomy":"color","embeddable":true,"href":"https:\/\/www.valaz.es\/it\/wp-json\/wp\/v2\/color?post=941"}],"curies":[{"name":"wp","href":"https:\/\/api.w.org\/{rel}","templated":true}]}}