{"id":940,"date":"2022-11-15T15:45:15","date_gmt":"2022-11-15T14:45:15","guid":{"rendered":"https:\/\/www.valaz.es\/?post_type=product&#038;p=940"},"modified":"2026-02-09T20:23:22","modified_gmt":"2026-02-09T19:23:22","slug":"ducha-empotrada-monomando-a-pared-redonda-cromada-con-maneta-ancha-serie-cabriel","status":"publish","type":"product","link":"https:\/\/www.valaz.es\/it\/prodotto\/ducha-empotrada-monomando-a-pared-redonda-cromada-con-maneta-ancha-serie-cabriel\/","title":{"rendered":"Ducha empotrada monomando a pared redonda cromada con maneta ancha &#8211; Serie Cabriel"},"content":{"rendered":"<p class=\"\" data-start=\"88\" data-end=\"495\">La ducha empotrada monomando a pared redonda cromada con maneta ancha de la Serie Cabriel ofrece un dise\u00f1o moderno y elegante que se adapta perfectamente a tu ba\u00f1o. Con su acabado cromado brillante y sus componentes de alta calidad, esta ducha proporciona una experiencia de ducha confortable y pr\u00e1ctica. Adem\u00e1s, su instalaci\u00f3n empotrada optimiza el espacio y aporta un estilo minimalista.<\/p>\n<p class=\"\" data-start=\"497\" data-end=\"511\"><strong data-start=\"497\" data-end=\"508\">Incluye<\/strong>:<\/p>\n<ul data-start=\"512\" data-end=\"1022\">\n<li class=\"\" data-start=\"512\" data-end=\"600\">\n<p class=\"\" data-start=\"514\" data-end=\"600\"><strong data-start=\"514\" data-end=\"552\">Embellecedor y soporte de rociador<\/strong>: Garantiza una instalaci\u00f3n limpia y ordenada.<\/p>\n<\/li>\n<li class=\"\" data-start=\"601\" data-end=\"721\">\n<p class=\"\" data-start=\"603\" data-end=\"721\"><strong data-start=\"603\" data-end=\"615\">Rociador<\/strong>: Disponible en tama\u00f1os de 20 cm, 25 cm y 30 cm, para elegir seg\u00fan tus necesidades de cobertura de agua.<\/p>\n<\/li>\n<li class=\"\" data-start=\"722\" data-end=\"807\">\n<p class=\"\" data-start=\"724\" data-end=\"807\"><strong data-start=\"724\" data-end=\"753\">Soporte alcachofa de mano<\/strong>: Para mayor comodidad al usar la alcachofa de mano.<\/p>\n<\/li>\n<li class=\"\" data-start=\"808\" data-end=\"882\">\n<p class=\"\" data-start=\"810\" data-end=\"882\"><strong data-start=\"810\" data-end=\"839\">Alcachofa de mano y flexo<\/strong>: Para una ducha m\u00e1s vers\u00e1til y pr\u00e1ctica.<\/p>\n<\/li>\n<li class=\"\" data-start=\"883\" data-end=\"1022\">\n<p class=\"\" data-start=\"885\" data-end=\"1022\"><strong data-start=\"885\" data-end=\"930\">Caja box, embellecedor, maneta y selector<\/strong>: Facilitan el control del flujo de agua y permiten una experiencia m\u00e1s c\u00f3moda y controlada.<\/p>\n<\/li>\n<\/ul>\n<p class=\"\" data-start=\"1024\" data-end=\"1041\"><strong data-start=\"1024\" data-end=\"1038\">Materiales<\/strong>:<\/p>\n<ul data-start=\"1042\" data-end=\"1170\">\n<li class=\"\" data-start=\"1042\" data-end=\"1076\">\n<p class=\"\" data-start=\"1044\" data-end=\"1076\"><strong data-start=\"1044\" data-end=\"1056\">Rociador<\/strong>: Acero inoxidable<\/p>\n<\/li>\n<li class=\"\" data-start=\"1077\" data-end=\"1109\">\n<p class=\"\" data-start=\"1079\" data-end=\"1109\"><strong data-start=\"1079\" data-end=\"1092\">Monomando<\/strong>: Lat\u00f3n cromado<\/p>\n<\/li>\n<li class=\"\" data-start=\"1110\" data-end=\"1140\">\n<p class=\"\" data-start=\"1112\" data-end=\"1140\"><strong data-start=\"1112\" data-end=\"1133\">Alcachofa de mano<\/strong>: PVC<\/p>\n<\/li>\n<li class=\"\" data-start=\"1141\" data-end=\"1170\">\n<p class=\"\" data-start=\"1143\" data-end=\"1170\"><strong data-start=\"1143\" data-end=\"1152\">Flexo<\/strong>: Acero inoxidable<\/p>\n<\/li>\n<\/ul>\n<p class=\"\" data-start=\"1172\" data-end=\"1271\"><strong data-start=\"1172\" data-end=\"1183\">Acabado<\/strong>: Cromado<\/p>\n","protected":false},"excerpt":{"rendered":"<p>Serie Cabriel es con l\u00edneas redondas y cl\u00e1sicas destaca su maneta ancha y agrada por su acabado, esta disponible en cromado y negro mate. La ducha empotrada es a pared o techo. Todos nuestros modelos de grifer\u00eda empotrada incluyen la caja box con cartucho monomando y selector, soporte de ducha, flexo y alcachofa de mano junto con el rociador.<\/p>\n<p>La garant\u00eda de todos nuestros productos es de 3 a\u00f1os, para funcionamiento, duraci\u00f3n del esmaltado y anticorrosi\u00f3n.<\/p>\n<p>Recomendamos para un correcto mantenimiento de la grifer\u00eda y evitar el deterioro por el uso. Secar las gotas de agua con un pa\u00f1o suave despu\u00e9s del uso, evitando que se posen en la superficie y deterioran el acabado, no utilizar esponjas que puedan rayar la grifer\u00eda, utilizar limpiadores como vinagre limpieza, agua caliente y jab\u00f3n con ph neutro.<\/p>\n<p>&nbsp;<\/p>\n<p><strong>Nuestro departamento\u00a0t\u00e9cnico\u00a0dispone de\u00a0gu\u00edas\u00a0de todos los\u00a0modelos\u00a0empotrados\u00a0que vendemos<\/strong><strong>,\u00a0si tiene alguna duda con la\u00a0instalaci\u00f3n\u00a0contacte con nosotros mediante\u00a0tel\u00e9fono,\u00a0WhatsApp\u00a0o email dentro del horario laboral indicado en la web.<\/strong><\/p>\n<p><strong>Recuerden que una vez instalado el cuerpo\u00a0empotrado\u00a0de la\u00a0grifer\u00eda\u00a0revisar de su correcto funcionamiento de paso de agua, comprobaci\u00f3n de cartuchos y corte de agua, si detecta alguna\u00a0anomal\u00eda\u00a0informe a nuestro\u00a0departamento\u00a0para darle una\u00a0soluci\u00f3n, no\u00a0contin\u00fae\u00a0con la\u00a0instalaci\u00f3n\u00a0de cerramiento de la pared.<\/strong><\/p>\n","protected":false},"featured_media":952,"template":"","meta":[],"product_brand":[],"product_cat":[57,47],"product_tag":[],"serie":[44],"manual-de-instalacion":[78],"color":[26],"class_list":{"0":"post-940","1":"product","2":"type-product","3":"status-publish","4":"has-post-thumbnail","6":"product_cat-duchas-empotradas","7":"product_cat-duchas","8":"pa_tamano-rociador-20cm","9":"pa_tamano-rociador-25cm","10":"pa_tamano-rociador-30cm","11":"serie-cabriel","12":"manual-de-instalacion-guia-instalacion-duchas-empotradas-monomando","13":"color-cromo","15":"first","16":"instock","17":"taxable","18":"shipping-taxable","19":"product-type-variable"},"_links":{"self":[{"href":"https:\/\/www.valaz.es\/it\/wp-json\/wp\/v2\/product\/940","targetHints":{"allow":["GET"]}}],"collection":[{"href":"https:\/\/www.valaz.es\/it\/wp-json\/wp\/v2\/product"}],"about":[{"href":"https:\/\/www.valaz.es\/it\/wp-json\/wp\/v2\/types\/product"}],"wp:featuredmedia":[{"embeddable":true,"href":"https:\/\/www.valaz.es\/it\/wp-json\/wp\/v2\/media\/952"}],"wp:attachment":[{"href":"https:\/\/www.valaz.es\/it\/wp-json\/wp\/v2\/media?parent=940"}],"wp:term":[{"taxonomy":"product_brand","embeddable":true,"href":"https:\/\/www.valaz.es\/it\/wp-json\/wp\/v2\/product_brand?post=940"},{"taxonomy":"product_cat","embeddable":true,"href":"https:\/\/www.valaz.es\/it\/wp-json\/wp\/v2\/product_cat?post=940"},{"taxonomy":"product_tag","embeddable":true,"href":"https:\/\/www.valaz.es\/it\/wp-json\/wp\/v2\/product_tag?post=940"},{"taxonomy":"serie","embeddable":true,"href":"https:\/\/www.valaz.es\/it\/wp-json\/wp\/v2\/serie?post=940"},{"taxonomy":"manual-de-instalacion","embeddable":true,"href":"https:\/\/www.valaz.es\/it\/wp-json\/wp\/v2\/manual-de-instalacion?post=940"},{"taxonomy":"color","embeddable":true,"href":"https:\/\/www.valaz.es\/it\/wp-json\/wp\/v2\/color?post=940"}],"curies":[{"name":"wp","href":"https:\/\/api.w.org\/{rel}","templated":true}]}}