{"id":938,"date":"2022-11-15T15:36:37","date_gmt":"2022-11-15T14:36:37","guid":{"rendered":"https:\/\/www.valaz.es\/?post_type=product&#038;p=938"},"modified":"2026-03-09T00:59:15","modified_gmt":"2026-03-08T23:59:15","slug":"grifo-de-cocina-osmosis-3-vias-redondo-acero-cepillado-serie-nilo","status":"publish","type":"product","link":"https:\/\/www.valaz.es\/it\/prodotto\/grifo-de-cocina-osmosis-3-vias-redondo-acero-cepillado-serie-nilo\/","title":{"rendered":"Grifo de cocina \u00f3smosis 3 v\u00edas redondo acero cepillado &#8211; Serie Nilo"},"content":{"rendered":"<p class=\"\" data-start=\"73\" data-end=\"409\">Este grifo de cocina est\u00e1 dise\u00f1ado con tres v\u00edas integradas para ofrecer agua fr\u00eda, agua caliente y \u00f3smosis, lo que lo convierte en una opci\u00f3n ideal para hogares que cuentan con un sistema de \u00f3smosis para obtener agua purificada. Con un ca\u00f1o giratorio de 360\u00ba, permite un acceso c\u00f3modo a todas las zonas del fregadero.<\/p>\n<p class=\"\" data-start=\"411\" data-end=\"433\"><strong data-start=\"411\" data-end=\"431\">Especificaciones<\/strong><\/p>\n<ul data-start=\"434\" data-end=\"644\">\n<li class=\"\" data-start=\"434\" data-end=\"470\">\n<p class=\"\" data-start=\"436\" data-end=\"470\"><strong data-start=\"436\" data-end=\"462\">Cuerpo de la grifer\u00eda:<\/strong> Lat\u00f3n<\/p>\n<\/li>\n<li class=\"\" data-start=\"471\" data-end=\"511\">\n<p class=\"\" data-start=\"473\" data-end=\"511\"><strong data-start=\"473\" data-end=\"486\">Cartucho:<\/strong> \u00d8 35 mm con KTW \/ DVGW<\/p>\n<\/li>\n<li class=\"\" data-start=\"512\" data-end=\"582\">\n<p class=\"\" data-start=\"514\" data-end=\"582\"><strong data-start=\"514\" data-end=\"539\">Manguera de conexi\u00f3n:<\/strong> 3\/8\u201d + 1\/2\u201d de acero inoxidable con DVGW<\/p>\n<\/li>\n<li class=\"\" data-start=\"583\" data-end=\"611\">\n<p class=\"\" data-start=\"585\" data-end=\"611\"><strong data-start=\"585\" data-end=\"594\">Ca\u00f1o:<\/strong> Giratorio 360\u00ba<\/p>\n<\/li>\n<li class=\"\" data-start=\"612\" data-end=\"644\">\n<p class=\"\" data-start=\"614\" data-end=\"644\"><strong data-start=\"614\" data-end=\"626\">Acabado:<\/strong> Acero cepillado<\/p>\n<\/li>\n<\/ul>\n<p class=\"\" data-start=\"646\" data-end=\"768\"><strong data-start=\"646\" data-end=\"665\">Nota Importante<\/strong><br data-start=\"665\" data-end=\"668\" \/>Este producto incluye \u00fanicamente el grifo con el latiguillo. El sistema de \u00f3smosis no est\u00e1 incluido.<\/p>\n","protected":false},"excerpt":{"rendered":"<p>Serie Nilo son grifos de cocina de osmosis con 3 v\u00edas, es una opci\u00f3n muy vers\u00e1til, ya que puede encajar en todo tipo de estilos de cocina, ya que ofrecen funcionalidad al tener un ca\u00f1o giratorio 360 grados. Disponemos de acabados en cromado, dorado cepillado, negro mate, dorado envejecido, blanco, acero cepillado, beige y negro grafito.<\/p>\n<p>La garant\u00eda de todos nuestros productos es de 3 a\u00f1os, para funcionamiento, duraci\u00f3n del esmaltado y anticorrosi\u00f3n.<\/p>\n<p>Recomendamos para un correcto mantenimiento de la grifer\u00eda y evitar el deterioro por el uso. Secar las gotas de agua con un pa\u00f1o suave despu\u00e9s del uso, evitando que se posen en la superficie y deterioran el acabado, no utilizar esponjas que puedan rayar la grifer\u00eda, utilizar limpiadores como vinagre limpieza, agua caliente y jab\u00f3n con ph neutro.<\/p>\n<p>&nbsp;<\/p>\n<p>Nuestro departamento\u00a0t\u00e9cnico\u00a0dispone de\u00a0gu\u00edas\u00a0de todos los\u00a0modelos\u00a0empotrados\u00a0que vendemos,\u00a0si tiene alguna duda con la\u00a0instalaci\u00f3n\u00a0contacte con nosotros mediante\u00a0tel\u00e9fono,\u00a0WhatsApp\u00a0o email dentro del horario laboral indicado en la web.<\/p>\n<p>Recuerden que una vez instalado el cuerpo\u00a0empotrado\u00a0de la\u00a0grifer\u00eda\u00a0revisar de su correcto funcionamiento de paso de agua, comprobaci\u00f3n de cartuchos y corte de agua, si detecta alguna\u00a0anomal\u00eda\u00a0informe a nuestro\u00a0departamento\u00a0para darle una\u00a0soluci\u00f3n, no\u00a0contin\u00fae\u00a0con la\u00a0instalaci\u00f3n\u00a0de cerramiento de la pared.<\/p>\n<p>&nbsp;<\/p>\n","protected":false},"featured_media":3991,"template":"","meta":[],"product_brand":[],"product_cat":[50],"product_tag":[],"serie":[71],"manual-de-instalacion":[83],"color":[28],"class_list":{"0":"post-938","1":"product","2":"type-product","3":"status-publish","4":"has-post-thumbnail","6":"product_cat-grifos-de-cocina","7":"serie-nilo","8":"manual-de-instalacion-guia-instalacion-grifo-superficie","9":"color-acero-cepillado","11":"first","12":"instock","13":"taxable","14":"shipping-taxable","15":"product-type-simple"},"_links":{"self":[{"href":"https:\/\/www.valaz.es\/it\/wp-json\/wp\/v2\/product\/938","targetHints":{"allow":["GET"]}}],"collection":[{"href":"https:\/\/www.valaz.es\/it\/wp-json\/wp\/v2\/product"}],"about":[{"href":"https:\/\/www.valaz.es\/it\/wp-json\/wp\/v2\/types\/product"}],"wp:featuredmedia":[{"embeddable":true,"href":"https:\/\/www.valaz.es\/it\/wp-json\/wp\/v2\/media\/3991"}],"wp:attachment":[{"href":"https:\/\/www.valaz.es\/it\/wp-json\/wp\/v2\/media?parent=938"}],"wp:term":[{"taxonomy":"product_brand","embeddable":true,"href":"https:\/\/www.valaz.es\/it\/wp-json\/wp\/v2\/product_brand?post=938"},{"taxonomy":"product_cat","embeddable":true,"href":"https:\/\/www.valaz.es\/it\/wp-json\/wp\/v2\/product_cat?post=938"},{"taxonomy":"product_tag","embeddable":true,"href":"https:\/\/www.valaz.es\/it\/wp-json\/wp\/v2\/product_tag?post=938"},{"taxonomy":"serie","embeddable":true,"href":"https:\/\/www.valaz.es\/it\/wp-json\/wp\/v2\/serie?post=938"},{"taxonomy":"manual-de-instalacion","embeddable":true,"href":"https:\/\/www.valaz.es\/it\/wp-json\/wp\/v2\/manual-de-instalacion?post=938"},{"taxonomy":"color","embeddable":true,"href":"https:\/\/www.valaz.es\/it\/wp-json\/wp\/v2\/color?post=938"}],"curies":[{"name":"wp","href":"https:\/\/api.w.org\/{rel}","templated":true}]}}