{"id":932,"date":"2022-11-15T15:33:56","date_gmt":"2022-11-15T14:33:56","guid":{"rendered":"https:\/\/www.valaz.es\/?post_type=product&#038;p=932"},"modified":"2025-11-12T11:54:29","modified_gmt":"2025-11-12T10:54:29","slug":"grifo-de-cocina-osmosis-3-vias-redondo-negro-mate-serie-nilo","status":"publish","type":"product","link":"https:\/\/www.valaz.es\/it\/prodotto\/grifo-de-cocina-osmosis-3-vias-redondo-negro-mate-serie-nilo\/","title":{"rendered":"Grifo de cocina  \u00f3smosis 3 v\u00edas redondo negro mate &#8211; Serie Nilo"},"content":{"rendered":"<p class=\"\" data-start=\"68\" data-end=\"427\">Este elegante grifo de cocina de 3 v\u00edas, dise\u00f1ado para ofrecer agua fr\u00eda, caliente y de \u00f3smosis, es la opci\u00f3n ideal para quienes buscan un grifo funcional y estilizado. Con un acabado en negro mate, aporta un toque moderno y minimalista a tu cocina, mientras que su ca\u00f1o giratorio de 360\u00ba asegura un manejo c\u00f3modo y pr\u00e1ctico en todo momento.<\/p>\n<p class=\"\" data-start=\"429\" data-end=\"451\"><strong data-start=\"429\" data-end=\"449\">Especificaciones<\/strong><\/p>\n<ul data-start=\"452\" data-end=\"657\">\n<li class=\"\" data-start=\"452\" data-end=\"488\">\n<p class=\"\" data-start=\"454\" data-end=\"488\"><strong data-start=\"454\" data-end=\"480\">Cuerpo de la grifer\u00eda:<\/strong> Lat\u00f3n<\/p>\n<\/li>\n<li class=\"\" data-start=\"489\" data-end=\"529\">\n<p class=\"\" data-start=\"491\" data-end=\"529\"><strong data-start=\"491\" data-end=\"504\">Cartucho:<\/strong> \u00d8 35 mm con KTW \/ DVGW<\/p>\n<\/li>\n<li class=\"\" data-start=\"530\" data-end=\"600\">\n<p class=\"\" data-start=\"532\" data-end=\"600\"><strong data-start=\"532\" data-end=\"557\">Manguera de conexi\u00f3n:<\/strong> 3\/8\u201d + 1\/2\u201d de acero inoxidable con DVGW<\/p>\n<\/li>\n<li class=\"\" data-start=\"601\" data-end=\"629\">\n<p class=\"\" data-start=\"603\" data-end=\"629\"><strong data-start=\"603\" data-end=\"612\">Ca\u00f1o:<\/strong> Giratorio 360\u00ba<\/p>\n<\/li>\n<li class=\"\" data-start=\"630\" data-end=\"657\">\n<p class=\"\" data-start=\"632\" data-end=\"657\"><strong data-start=\"632\" data-end=\"644\">Acabado:<\/strong> Negro mate<\/p>\n<\/li>\n<li><strong data-start=\"648\" data-end=\"670\">Sistema de \u00f3smosis<\/strong>: El sistema de \u00f3smosis no viene incluido en el producto, solo se incluye el grifo con el latiguillo.<\/li>\n<\/ul>\n","protected":false},"excerpt":{"rendered":"<p>Serie Nilo son grifos de cocina de osmosis con 3 v\u00edas, es una opci\u00f3n muy vers\u00e1til, ya que puede encajar en todo tipo de estilos de cocina, ya que ofrecen funcionalidad al tener un ca\u00f1o giratorio 360 grados. Disponemos de acabados en cromado, dorado cepillado, negro mate, dorado envejecido, blanco, acero cepillado, beige y negro grafito.<\/p>\n<p>La garant\u00eda de todos nuestros productos es de 3 a\u00f1os, para funcionamiento, duraci\u00f3n del esmaltado y anticorrosi\u00f3n.<\/p>\n<p>Recomendamos para un correcto mantenimiento de la grifer\u00eda y evitar el deterioro por el uso. Secar las gotas de agua con un pa\u00f1o suave despu\u00e9s del uso, evitando que se posen en la superficie y deterioran el acabado, no utilizar esponjas que puedan rayar la grifer\u00eda, utilizar limpiadores como vinagre limpieza, agua caliente y jab\u00f3n con ph neutro.<\/p>\n<p>Nuestro departamento\u00a0t\u00e9cnico\u00a0dispone de\u00a0gu\u00edas\u00a0de todos los\u00a0modelos\u00a0empotrados\u00a0que vendemos,\u00a0si tiene alguna duda con la\u00a0instalaci\u00f3n\u00a0contacte con nosotros mediante\u00a0tel\u00e9fono,\u00a0WhatsApp\u00a0o email dentro del horario laboral indicado en la web.<\/p>\n<p>Recuerden que una vez instalado el cuerpo\u00a0empotrado\u00a0de la\u00a0grifer\u00eda\u00a0revisar de su correcto funcionamiento de paso de agua, comprobaci\u00f3n de cartuchos y corte de agua, si detecta alguna\u00a0anomal\u00eda\u00a0informe a nuestro\u00a0departamento\u00a0para darle una\u00a0soluci\u00f3n, no\u00a0contin\u00fae\u00a0con la\u00a0instalaci\u00f3n\u00a0de cerramiento de la pared.<\/p>\n","protected":false},"featured_media":4756,"template":"","meta":[],"product_brand":[],"product_cat":[50],"product_tag":[],"serie":[71],"manual-de-instalacion":[83],"color":[27],"class_list":{"0":"post-932","1":"product","2":"type-product","3":"status-publish","4":"has-post-thumbnail","6":"product_cat-grifos-de-cocina","7":"serie-nilo","8":"manual-de-instalacion-guia-instalacion-grifo-superficie","9":"color-negro-mate","11":"first","12":"instock","13":"taxable","14":"shipping-taxable","15":"product-type-simple"},"_links":{"self":[{"href":"https:\/\/www.valaz.es\/it\/wp-json\/wp\/v2\/product\/932","targetHints":{"allow":["GET"]}}],"collection":[{"href":"https:\/\/www.valaz.es\/it\/wp-json\/wp\/v2\/product"}],"about":[{"href":"https:\/\/www.valaz.es\/it\/wp-json\/wp\/v2\/types\/product"}],"wp:featuredmedia":[{"embeddable":true,"href":"https:\/\/www.valaz.es\/it\/wp-json\/wp\/v2\/media\/4756"}],"wp:attachment":[{"href":"https:\/\/www.valaz.es\/it\/wp-json\/wp\/v2\/media?parent=932"}],"wp:term":[{"taxonomy":"product_brand","embeddable":true,"href":"https:\/\/www.valaz.es\/it\/wp-json\/wp\/v2\/product_brand?post=932"},{"taxonomy":"product_cat","embeddable":true,"href":"https:\/\/www.valaz.es\/it\/wp-json\/wp\/v2\/product_cat?post=932"},{"taxonomy":"product_tag","embeddable":true,"href":"https:\/\/www.valaz.es\/it\/wp-json\/wp\/v2\/product_tag?post=932"},{"taxonomy":"serie","embeddable":true,"href":"https:\/\/www.valaz.es\/it\/wp-json\/wp\/v2\/serie?post=932"},{"taxonomy":"manual-de-instalacion","embeddable":true,"href":"https:\/\/www.valaz.es\/it\/wp-json\/wp\/v2\/manual-de-instalacion?post=932"},{"taxonomy":"color","embeddable":true,"href":"https:\/\/www.valaz.es\/it\/wp-json\/wp\/v2\/color?post=932"}],"curies":[{"name":"wp","href":"https:\/\/api.w.org\/{rel}","templated":true}]}}