{"id":9213,"date":"2023-11-24T13:54:17","date_gmt":"2023-11-24T12:54:17","guid":{"rendered":"https:\/\/www.valaz.es\/?post_type=product&#038;p=9213"},"modified":"2026-04-15T12:48:25","modified_gmt":"2026-04-15T10:48:25","slug":"grifo-de-banera-exenta-redondo-oro-mate-con-proteccion-pvd-serie-serpis","status":"publish","type":"product","link":"https:\/\/www.valaz.es\/it\/prodotto\/grifo-de-banera-exenta-redondo-oro-mate-con-proteccion-pvd-serie-serpis\/","title":{"rendered":"Grifo de ba\u00f1era exenta redondo oro mate con protecci\u00f3n PVD &#8211; Serie Serpis"},"content":{"rendered":"<p class=\"\" data-start=\"100\" data-end=\"531\">Este grifo de ba\u00f1era exenta redondo en oro mate con acabado PVD de la Serie Serpis combina elegancia y funcionalidad en una sola pieza. Dise\u00f1ado para destacar en ba\u00f1os contempor\u00e1neos, su forma redondeada y su ca\u00f1o en &#8220;C&#8221; tipo cascada aportan un flujo de agua suave y est\u00e9tico. Su acabado en oro mate con tratamiento PVD proporciona una mayor resistencia a la corrosi\u00f3n y al desgaste, manteni\u00e9ndose impecable con el paso del tiempo.<\/p>\n<p class=\"\" data-start=\"533\" data-end=\"554\"><strong data-start=\"533\" data-end=\"554\">Especificaciones:<\/strong><\/p>\n<ul data-start=\"556\" data-end=\"771\">\n<li class=\"\" data-start=\"556\" data-end=\"605\">\n<p class=\"\" data-start=\"558\" data-end=\"605\"><strong data-start=\"558\" data-end=\"575\">Tipo de grifo<\/strong>: Monomando de ba\u00f1era exenta<\/p>\n<\/li>\n<li class=\"\" data-start=\"606\" data-end=\"640\">\n<p class=\"\" data-start=\"608\" data-end=\"640\"><strong data-start=\"608\" data-end=\"631\">Material del cuerpo<\/strong>: Lat\u00f3n<\/p>\n<\/li>\n<li class=\"\" data-start=\"641\" data-end=\"685\">\n<p class=\"\" data-start=\"643\" data-end=\"685\"><strong data-start=\"643\" data-end=\"654\">Acabado<\/strong>: Oro mate con protecci\u00f3n PVD<\/p>\n<\/li>\n<li class=\"\" data-start=\"686\" data-end=\"712\">\n<p class=\"\" data-start=\"688\" data-end=\"712\"><strong data-start=\"688\" data-end=\"700\">Cartucho<\/strong>: Cer\u00e1mico<\/p>\n<\/li>\n<li class=\"\" data-start=\"713\" data-end=\"771\">\n<p class=\"\" data-start=\"715\" data-end=\"771\"><strong data-start=\"715\" data-end=\"727\">Conexi\u00f3n<\/strong>: Agua caliente y fr\u00eda con conector de 1\/2&#8221;<\/p>\n<\/li>\n<li class=\"\" data-start=\"529\" data-end=\"570\">\n<p class=\"\" data-start=\"531\" data-end=\"570\"><strong>Alcachofa de mano y flexo:<\/strong> PVC.<\/p>\n<\/li>\n<\/ul>\n","protected":false},"excerpt":{"rendered":"<p>Este grifo de ba\u00f1era exenta redondo en oro mate con  [&#8230;]<\/p>\n","protected":false},"featured_media":9214,"template":"","meta":[],"product_brand":[],"product_cat":[49],"product_tag":[],"serie":[375],"manual-de-instalacion":[84],"color":[350],"class_list":{"0":"post-9213","1":"product","2":"type-product","3":"status-publish","4":"has-post-thumbnail","6":"product_cat-grifos-de-banera-exenta","7":"serie-serpis","8":"manual-de-instalacion-guia-instalacion-grifo-exenta","9":"color-oro-mate-cepillado","11":"first","12":"instock","13":"taxable","14":"shipping-taxable","15":"product-type-simple"},"_links":{"self":[{"href":"https:\/\/www.valaz.es\/it\/wp-json\/wp\/v2\/product\/9213","targetHints":{"allow":["GET"]}}],"collection":[{"href":"https:\/\/www.valaz.es\/it\/wp-json\/wp\/v2\/product"}],"about":[{"href":"https:\/\/www.valaz.es\/it\/wp-json\/wp\/v2\/types\/product"}],"wp:featuredmedia":[{"embeddable":true,"href":"https:\/\/www.valaz.es\/it\/wp-json\/wp\/v2\/media\/9214"}],"wp:attachment":[{"href":"https:\/\/www.valaz.es\/it\/wp-json\/wp\/v2\/media?parent=9213"}],"wp:term":[{"taxonomy":"product_brand","embeddable":true,"href":"https:\/\/www.valaz.es\/it\/wp-json\/wp\/v2\/product_brand?post=9213"},{"taxonomy":"product_cat","embeddable":true,"href":"https:\/\/www.valaz.es\/it\/wp-json\/wp\/v2\/product_cat?post=9213"},{"taxonomy":"product_tag","embeddable":true,"href":"https:\/\/www.valaz.es\/it\/wp-json\/wp\/v2\/product_tag?post=9213"},{"taxonomy":"serie","embeddable":true,"href":"https:\/\/www.valaz.es\/it\/wp-json\/wp\/v2\/serie?post=9213"},{"taxonomy":"manual-de-instalacion","embeddable":true,"href":"https:\/\/www.valaz.es\/it\/wp-json\/wp\/v2\/manual-de-instalacion?post=9213"},{"taxonomy":"color","embeddable":true,"href":"https:\/\/www.valaz.es\/it\/wp-json\/wp\/v2\/color?post=9213"}],"curies":[{"name":"wp","href":"https:\/\/api.w.org\/{rel}","templated":true}]}}