{"id":9212,"date":"2023-11-27T17:12:37","date_gmt":"2023-11-27T16:12:37","guid":{"rendered":"https:\/\/www.valaz.es\/?post_type=product&#038;p=9212"},"modified":"2025-07-02T17:17:21","modified_gmt":"2025-07-02T15:17:21","slug":"grifo-de-banera-exenta-redondo-con-cano-en-c-negro-mate-serie-serpis","status":"publish","type":"product","link":"https:\/\/www.valaz.es\/it\/prodotto\/grifo-de-banera-exenta-redondo-con-cano-en-c-negro-mate-serie-serpis\/","title":{"rendered":"Grifo de ba\u00f1era exenta redondo con ca\u00f1o en c negro mate &#8211; Serie Serpis"},"content":{"rendered":"<p class=\"\" data-start=\"76\" data-end=\"549\">Este grifo de ba\u00f1era exenta de la Serie Serpis destaca por su dise\u00f1o elegante y moderno, con un ca\u00f1o en C que ofrece una est\u00e9tica \u00fanica y funcional. Su acabado en negro mate le aporta un toque sofisticado y minimalista, ideal para quienes buscan un grifo de alta calidad que complemente perfectamente su ba\u00f1o. La opci\u00f3n de exento permite una instalaci\u00f3n m\u00e1s flexible, mientras que el dise\u00f1o redondo y el ca\u00f1o curvado proporcionan una experiencia de uso c\u00f3moda y estilizada.<\/p>\n<p class=\"\" data-start=\"551\" data-end=\"566\"><strong data-start=\"551\" data-end=\"566\">Materiales:<\/strong><\/p>\n<ul data-start=\"568\" data-end=\"628\">\n<li class=\"\" data-start=\"568\" data-end=\"598\">\n<p class=\"\" data-start=\"570\" data-end=\"598\">Cuerpo de grifer\u00eda de lat\u00f3n.<\/p>\n<\/li>\n<li class=\"\" data-start=\"599\" data-end=\"628\">\n<p class=\"\" data-start=\"601\" data-end=\"628\">Cartucho cer\u00e1mico de 35 mm.<\/p>\n<\/li>\n<li data-start=\"599\" data-end=\"628\">Alcachofa de mano y flexo: PVC.<\/li>\n<\/ul>\n<p class=\"\" data-start=\"630\" data-end=\"651\"><strong data-start=\"630\" data-end=\"651\">Especificaciones:<\/strong><\/p>\n<ul data-start=\"653\" data-end=\"791\">\n<li class=\"\" data-start=\"653\" data-end=\"700\">\n<p class=\"\" data-start=\"655\" data-end=\"700\">Tipo de grifo: Exento, redondo con ca\u00f1o en C.<\/p>\n<\/li>\n<li class=\"\" data-start=\"701\" data-end=\"723\">\n<p class=\"\" data-start=\"703\" data-end=\"723\">Acabado: Negro mate.<\/p>\n<\/li>\n<li class=\"\" data-start=\"724\" data-end=\"754\">\n<p class=\"\" data-start=\"726\" data-end=\"754\">Cartucho: Cer\u00e1mico de 35 mm.<\/p>\n<\/li>\n<li class=\"\" data-start=\"755\" data-end=\"772\">\n<p class=\"\" data-start=\"757\" data-end=\"772\">Conexi\u00f3n: 1\/2&#8243;.<\/p>\n<\/li>\n<\/ul>\n","protected":false},"excerpt":{"rendered":"<p>Este grifo de ba\u00f1era exenta de la Serie Serpis destaca  [&#8230;]<\/p>\n","protected":false},"featured_media":9501,"template":"","meta":[],"product_brand":[],"product_cat":[49],"product_tag":[],"serie":[375],"manual-de-instalacion":[84],"color":[27],"class_list":{"0":"post-9212","1":"product","2":"type-product","3":"status-publish","4":"has-post-thumbnail","6":"product_cat-grifos-de-banera-exenta","7":"serie-serpis","8":"manual-de-instalacion-guia-instalacion-grifo-exenta","9":"color-negro-mate","11":"first","12":"instock","13":"taxable","14":"shipping-taxable","15":"product-type-simple"},"_links":{"self":[{"href":"https:\/\/www.valaz.es\/it\/wp-json\/wp\/v2\/product\/9212","targetHints":{"allow":["GET"]}}],"collection":[{"href":"https:\/\/www.valaz.es\/it\/wp-json\/wp\/v2\/product"}],"about":[{"href":"https:\/\/www.valaz.es\/it\/wp-json\/wp\/v2\/types\/product"}],"wp:featuredmedia":[{"embeddable":true,"href":"https:\/\/www.valaz.es\/it\/wp-json\/wp\/v2\/media\/9501"}],"wp:attachment":[{"href":"https:\/\/www.valaz.es\/it\/wp-json\/wp\/v2\/media?parent=9212"}],"wp:term":[{"taxonomy":"product_brand","embeddable":true,"href":"https:\/\/www.valaz.es\/it\/wp-json\/wp\/v2\/product_brand?post=9212"},{"taxonomy":"product_cat","embeddable":true,"href":"https:\/\/www.valaz.es\/it\/wp-json\/wp\/v2\/product_cat?post=9212"},{"taxonomy":"product_tag","embeddable":true,"href":"https:\/\/www.valaz.es\/it\/wp-json\/wp\/v2\/product_tag?post=9212"},{"taxonomy":"serie","embeddable":true,"href":"https:\/\/www.valaz.es\/it\/wp-json\/wp\/v2\/serie?post=9212"},{"taxonomy":"manual-de-instalacion","embeddable":true,"href":"https:\/\/www.valaz.es\/it\/wp-json\/wp\/v2\/manual-de-instalacion?post=9212"},{"taxonomy":"color","embeddable":true,"href":"https:\/\/www.valaz.es\/it\/wp-json\/wp\/v2\/color?post=9212"}],"curies":[{"name":"wp","href":"https:\/\/api.w.org\/{rel}","templated":true}]}}