{"id":9208,"date":"2023-11-08T15:40:13","date_gmt":"2023-11-08T14:40:13","guid":{"rendered":"https:\/\/www.valaz.es\/?post_type=product&#038;p=9208"},"modified":"2026-01-19T10:23:08","modified_gmt":"2026-01-19T09:23:08","slug":"grifo-cocina-alto-extraible-monomando-gun-metal-rosa-serie-eufrates","status":"publish","type":"product","link":"https:\/\/www.valaz.es\/it\/prodotto\/grifo-cocina-alto-extraible-monomando-gun-metal-rosa-serie-eufrates\/","title":{"rendered":"Grifo cocina alto extra\u00edble monomando Gun metal &#8211; Serie \u00c9ufrates"},"content":{"rendered":"<p class=\"\" data-start=\"0\" data-end=\"319\">Este grifo de cocina alto extra\u00edble monomando Gun Metal de la Serie \u00c9ufrates es la opci\u00f3n ideal para quienes buscan un dise\u00f1o moderno y resistente. Su acabado Gun Metal le da un toque sofisticado y elegante, mientras que su ca\u00f1o giratorio y sistema extra\u00edble ofrecen una gran versatilidad en el uso diario de la cocina.<\/p>\n<p class=\"\" data-start=\"321\" data-end=\"342\"><strong data-start=\"321\" data-end=\"342\">Especificaciones:<\/strong><\/p>\n<ul data-start=\"344\" data-end=\"661\" data-is-last-node=\"\" data-is-only-node=\"\">\n<li class=\"\" data-start=\"344\" data-end=\"398\">\n<p class=\"\" data-start=\"346\" data-end=\"398\"><strong data-start=\"346\" data-end=\"363\">Tipo de grifo<\/strong>: Monomando extra\u00edble para cocina<\/p>\n<\/li>\n<li class=\"\" data-start=\"399\" data-end=\"419\">\n<p class=\"\" data-start=\"401\" data-end=\"419\"><strong data-start=\"401\" data-end=\"411\">Dise\u00f1o<\/strong>: Alto<\/p>\n<\/li>\n<li class=\"\" data-start=\"420\" data-end=\"465\">\n<p class=\"\" data-start=\"422\" data-end=\"465\"><strong data-start=\"422\" data-end=\"434\">Material<\/strong>: Cuerpo de grifer\u00eda de lat\u00f3n<\/p>\n<\/li>\n<li class=\"\" data-start=\"466\" data-end=\"492\">\n<p class=\"\" data-start=\"468\" data-end=\"492\"><strong data-start=\"468\" data-end=\"479\">Acabado<\/strong>: Gun Metal<\/p>\n<\/li>\n<li class=\"\" data-start=\"493\" data-end=\"545\">\n<p class=\"\" data-start=\"495\" data-end=\"545\"><strong data-start=\"495\" data-end=\"507\">Cartucho<\/strong>: Cer\u00e1mico de \u00f8 35 mm con KTW \/ DVGW<\/p>\n<\/li>\n<li class=\"\" data-start=\"546\" data-end=\"628\">\n<p class=\"\" data-start=\"548\" data-end=\"628\"><strong data-start=\"548\" data-end=\"560\">Conexi\u00f3n<\/strong>: Manguera de conexi\u00f3n de 3\/8\u201d + 1\/2\u201d de acero inoxidable con DVGW<\/p>\n<\/li>\n<li class=\"\" data-start=\"629\" data-end=\"661\">\n<p class=\"\" data-start=\"631\" data-end=\"661\"><strong data-start=\"631\" data-end=\"639\">Ca\u00f1o<\/strong>: Giratorio 360 grados<\/p>\n<\/li>\n<\/ul>\n","protected":false},"excerpt":{"rendered":"<p>Este grifo de cocina alto extra\u00edble monomando Gun Metal de  [&#8230;]<\/p>\n","protected":false},"featured_media":9195,"template":"","meta":[],"product_brand":[],"product_cat":[50],"product_tag":[],"serie":[107],"manual-de-instalacion":[83],"color":[30],"class_list":{"0":"post-9208","1":"product","2":"type-product","3":"status-publish","4":"has-post-thumbnail","6":"product_cat-grifos-de-cocina","7":"serie-eufrate","8":"manual-de-instalacion-guia-instalacion-grifo-superficie","9":"color-gun-metal","11":"first","12":"instock","13":"taxable","14":"shipping-taxable","15":"product-type-simple"},"_links":{"self":[{"href":"https:\/\/www.valaz.es\/it\/wp-json\/wp\/v2\/product\/9208","targetHints":{"allow":["GET"]}}],"collection":[{"href":"https:\/\/www.valaz.es\/it\/wp-json\/wp\/v2\/product"}],"about":[{"href":"https:\/\/www.valaz.es\/it\/wp-json\/wp\/v2\/types\/product"}],"wp:featuredmedia":[{"embeddable":true,"href":"https:\/\/www.valaz.es\/it\/wp-json\/wp\/v2\/media\/9195"}],"wp:attachment":[{"href":"https:\/\/www.valaz.es\/it\/wp-json\/wp\/v2\/media?parent=9208"}],"wp:term":[{"taxonomy":"product_brand","embeddable":true,"href":"https:\/\/www.valaz.es\/it\/wp-json\/wp\/v2\/product_brand?post=9208"},{"taxonomy":"product_cat","embeddable":true,"href":"https:\/\/www.valaz.es\/it\/wp-json\/wp\/v2\/product_cat?post=9208"},{"taxonomy":"product_tag","embeddable":true,"href":"https:\/\/www.valaz.es\/it\/wp-json\/wp\/v2\/product_tag?post=9208"},{"taxonomy":"serie","embeddable":true,"href":"https:\/\/www.valaz.es\/it\/wp-json\/wp\/v2\/serie?post=9208"},{"taxonomy":"manual-de-instalacion","embeddable":true,"href":"https:\/\/www.valaz.es\/it\/wp-json\/wp\/v2\/manual-de-instalacion?post=9208"},{"taxonomy":"color","embeddable":true,"href":"https:\/\/www.valaz.es\/it\/wp-json\/wp\/v2\/color?post=9208"}],"curies":[{"name":"wp","href":"https:\/\/api.w.org\/{rel}","templated":true}]}}