{"id":9100,"date":"2023-11-07T16:35:30","date_gmt":"2023-11-07T15:35:30","guid":{"rendered":"https:\/\/www.valaz.es\/?post_type=product&#038;p=9100"},"modified":"2025-05-30T14:54:26","modified_gmt":"2025-05-30T12:54:26","slug":"grifo-de-cocina-con-cano-flexible-monomando-oro-mate-serie-gaya","status":"publish","type":"product","link":"https:\/\/www.valaz.es\/it\/prodotto\/grifo-de-cocina-con-cano-flexible-monomando-oro-mate-serie-gaya\/","title":{"rendered":"Grifo de cocina con ca\u00f1o flexible monomando oro mate con protecci\u00f3n PVD &#8211; Serie Gaya"},"content":{"rendered":"<p class=\"\" data-start=\"90\" data-end=\"362\">Este grifo de cocina flexible de la Serie Gaya, con acabado oro mate y flexo negro, ofrece una excelente combinaci\u00f3n de estilo y funcionalidad. Su protecci\u00f3n PVD garantiza mayor durabilidad, mientras que su ca\u00f1o giratorio de 360 grados facilita el uso diario en la cocina.<\/p>\n<p class=\"\" data-start=\"364\" data-end=\"385\"><strong data-start=\"364\" data-end=\"385\">Especificaciones:<\/strong><\/p>\n<ul data-start=\"387\" data-end=\"665\" data-is-last-node=\"\" data-is-only-node=\"\">\n<li class=\"\" data-start=\"387\" data-end=\"437\">\n<p class=\"\" data-start=\"389\" data-end=\"437\"><strong data-start=\"389\" data-end=\"406\">Tipo de grifo<\/strong>: Monomando con ca\u00f1o flexible<\/p>\n<\/li>\n<li class=\"\" data-start=\"438\" data-end=\"496\">\n<p class=\"\" data-start=\"440\" data-end=\"496\"><strong data-start=\"440\" data-end=\"451\">Acabado<\/strong>: Oro mate con protecci\u00f3n PVD y flexo negro<\/p>\n<\/li>\n<li class=\"\" data-start=\"497\" data-end=\"542\">\n<p class=\"\" data-start=\"499\" data-end=\"542\"><strong data-start=\"499\" data-end=\"511\">Material<\/strong>: Cuerpo de grifer\u00eda de lat\u00f3n<\/p>\n<\/li>\n<li class=\"\" data-start=\"543\" data-end=\"580\">\n<p class=\"\" data-start=\"545\" data-end=\"580\"><strong data-start=\"545\" data-end=\"557\">Cartucho<\/strong>: Cer\u00e1mico de \u00f8 35 mm<\/p>\n<\/li>\n<li class=\"\" data-start=\"581\" data-end=\"632\">\n<p class=\"\" data-start=\"583\" data-end=\"632\"><strong data-start=\"583\" data-end=\"595\">Conexi\u00f3n<\/strong>: 2 mangueras de conexi\u00f3n incluidas<\/p>\n<\/li>\n<li class=\"\" data-start=\"633\" data-end=\"665\">\n<p class=\"\" data-start=\"635\" data-end=\"665\"><strong data-start=\"635\" data-end=\"643\">Ca\u00f1o<\/strong>: Giratorio 360 grados<\/p>\n<\/li>\n<\/ul>\n","protected":false},"excerpt":{"rendered":"<p>Este grifo de cocina flexible de la Serie Gaya, con  [&#8230;]<\/p>\n","protected":false},"featured_media":9101,"template":"","meta":[],"product_brand":[],"product_cat":[50],"product_tag":[],"serie":[372],"manual-de-instalacion":[83],"color":[350],"class_list":{"0":"post-9100","1":"product","2":"type-product","3":"status-publish","4":"has-post-thumbnail","6":"product_cat-grifos-de-cocina","7":"serie-gaya","8":"manual-de-instalacion-guia-instalacion-grifo-superficie","9":"color-oro-mate-cepillado","11":"first","12":"instock","13":"taxable","14":"shipping-taxable","15":"product-type-simple"},"_links":{"self":[{"href":"https:\/\/www.valaz.es\/it\/wp-json\/wp\/v2\/product\/9100","targetHints":{"allow":["GET"]}}],"collection":[{"href":"https:\/\/www.valaz.es\/it\/wp-json\/wp\/v2\/product"}],"about":[{"href":"https:\/\/www.valaz.es\/it\/wp-json\/wp\/v2\/types\/product"}],"wp:featuredmedia":[{"embeddable":true,"href":"https:\/\/www.valaz.es\/it\/wp-json\/wp\/v2\/media\/9101"}],"wp:attachment":[{"href":"https:\/\/www.valaz.es\/it\/wp-json\/wp\/v2\/media?parent=9100"}],"wp:term":[{"taxonomy":"product_brand","embeddable":true,"href":"https:\/\/www.valaz.es\/it\/wp-json\/wp\/v2\/product_brand?post=9100"},{"taxonomy":"product_cat","embeddable":true,"href":"https:\/\/www.valaz.es\/it\/wp-json\/wp\/v2\/product_cat?post=9100"},{"taxonomy":"product_tag","embeddable":true,"href":"https:\/\/www.valaz.es\/it\/wp-json\/wp\/v2\/product_tag?post=9100"},{"taxonomy":"serie","embeddable":true,"href":"https:\/\/www.valaz.es\/it\/wp-json\/wp\/v2\/serie?post=9100"},{"taxonomy":"manual-de-instalacion","embeddable":true,"href":"https:\/\/www.valaz.es\/it\/wp-json\/wp\/v2\/manual-de-instalacion?post=9100"},{"taxonomy":"color","embeddable":true,"href":"https:\/\/www.valaz.es\/it\/wp-json\/wp\/v2\/color?post=9100"}],"curies":[{"name":"wp","href":"https:\/\/api.w.org\/{rel}","templated":true}]}}