{"id":9074,"date":"2023-11-07T16:35:36","date_gmt":"2023-11-07T15:35:36","guid":{"rendered":"https:\/\/www.valaz.es\/?post_type=product&#038;p=9074"},"modified":"2026-03-18T13:38:24","modified_gmt":"2026-03-18T12:38:24","slug":"grifo-de-cocina-con-cano-flexible-monomando-cromado-serie-gaya","status":"publish","type":"product","link":"https:\/\/www.valaz.es\/it\/prodotto\/grifo-de-cocina-con-cano-flexible-monomando-cromado-serie-gaya\/","title":{"rendered":"Grifo de cocina con ca\u00f1o flexible monomando cromado &#8211; serie Gaya"},"content":{"rendered":"<p class=\"\" data-start=\"70\" data-end=\"322\">Este grifo de cocina flexible, de la Serie Gaya, combina funcionalidad y dise\u00f1o en un acabado cromado con flexo negro. Su ca\u00f1o giratorio de 360 grados y su cartucho cer\u00e1mico garantizan un rendimiento duradero y c\u00f3modo para cualquier tarea en la cocina.<\/p>\n<p class=\"\" data-start=\"324\" data-end=\"345\"><strong data-start=\"324\" data-end=\"345\">Especificaciones:<\/strong><\/p>\n<ul data-start=\"347\" data-end=\"607\" data-is-last-node=\"\" data-is-only-node=\"\">\n<li class=\"\" data-start=\"347\" data-end=\"397\">\n<p class=\"\" data-start=\"349\" data-end=\"397\"><strong data-start=\"349\" data-end=\"366\">Tipo de grifo<\/strong>: Monomando con ca\u00f1o flexible<\/p>\n<\/li>\n<li class=\"\" data-start=\"398\" data-end=\"438\">\n<p class=\"\" data-start=\"400\" data-end=\"438\"><strong data-start=\"400\" data-end=\"411\">Acabado<\/strong>: Cromado con flexo negro<\/p>\n<\/li>\n<li class=\"\" data-start=\"439\" data-end=\"484\">\n<p class=\"\" data-start=\"441\" data-end=\"484\"><strong data-start=\"441\" data-end=\"453\">Material<\/strong>: Cuerpo de grifer\u00eda de lat\u00f3n<\/p>\n<\/li>\n<li class=\"\" data-start=\"485\" data-end=\"522\">\n<p class=\"\" data-start=\"487\" data-end=\"522\"><strong data-start=\"487\" data-end=\"499\">Cartucho<\/strong>: Cer\u00e1mico de \u00f8 35 mm<\/p>\n<\/li>\n<li class=\"\" data-start=\"523\" data-end=\"574\">\n<p class=\"\" data-start=\"525\" data-end=\"574\"><strong data-start=\"525\" data-end=\"537\">Conexi\u00f3n<\/strong>: 2 mangueras de conexi\u00f3n incluidas<\/p>\n<\/li>\n<li class=\"\" data-start=\"575\" data-end=\"607\">\n<p class=\"\" data-start=\"577\" data-end=\"607\"><strong data-start=\"577\" data-end=\"585\">Ca\u00f1o<\/strong>: Giratorio 360 grados<\/p>\n<\/li>\n<\/ul>\n","protected":false},"excerpt":{"rendered":"<p>Este grifo de cocina flexible, de la Serie Gaya, combina  [&#8230;]<\/p>\n","protected":false},"featured_media":9075,"template":"","meta":[],"product_brand":[],"product_cat":[50],"product_tag":[],"serie":[372],"manual-de-instalacion":[83],"color":[26],"class_list":{"0":"post-9074","1":"product","2":"type-product","3":"status-publish","4":"has-post-thumbnail","6":"product_cat-grifos-de-cocina","7":"serie-gaya","8":"manual-de-instalacion-guia-instalacion-grifo-superficie","9":"color-cromo","11":"first","12":"instock","13":"taxable","14":"shipping-taxable","15":"product-type-simple"},"_links":{"self":[{"href":"https:\/\/www.valaz.es\/it\/wp-json\/wp\/v2\/product\/9074","targetHints":{"allow":["GET"]}}],"collection":[{"href":"https:\/\/www.valaz.es\/it\/wp-json\/wp\/v2\/product"}],"about":[{"href":"https:\/\/www.valaz.es\/it\/wp-json\/wp\/v2\/types\/product"}],"wp:featuredmedia":[{"embeddable":true,"href":"https:\/\/www.valaz.es\/it\/wp-json\/wp\/v2\/media\/9075"}],"wp:attachment":[{"href":"https:\/\/www.valaz.es\/it\/wp-json\/wp\/v2\/media?parent=9074"}],"wp:term":[{"taxonomy":"product_brand","embeddable":true,"href":"https:\/\/www.valaz.es\/it\/wp-json\/wp\/v2\/product_brand?post=9074"},{"taxonomy":"product_cat","embeddable":true,"href":"https:\/\/www.valaz.es\/it\/wp-json\/wp\/v2\/product_cat?post=9074"},{"taxonomy":"product_tag","embeddable":true,"href":"https:\/\/www.valaz.es\/it\/wp-json\/wp\/v2\/product_tag?post=9074"},{"taxonomy":"serie","embeddable":true,"href":"https:\/\/www.valaz.es\/it\/wp-json\/wp\/v2\/serie?post=9074"},{"taxonomy":"manual-de-instalacion","embeddable":true,"href":"https:\/\/www.valaz.es\/it\/wp-json\/wp\/v2\/manual-de-instalacion?post=9074"},{"taxonomy":"color","embeddable":true,"href":"https:\/\/www.valaz.es\/it\/wp-json\/wp\/v2\/color?post=9074"}],"curies":[{"name":"wp","href":"https:\/\/api.w.org\/{rel}","templated":true}]}}