{"id":9046,"date":"2023-11-03T13:12:23","date_gmt":"2023-11-03T12:12:23","guid":{"rendered":"https:\/\/www.valaz.es\/?post_type=product&#038;p=9046"},"modified":"2026-03-02T17:23:08","modified_gmt":"2026-03-02T16:23:08","slug":"grifo-cocina-con-cano-flexible-y-giratorio-monomando-gun-metal-serie-pas","status":"publish","type":"product","link":"https:\/\/www.valaz.es\/it\/prodotto\/grifo-cocina-con-cano-flexible-y-giratorio-monomando-gun-metal-serie-pas\/","title":{"rendered":"Grifo cocina con ca\u00f1o flexible y giratorio monomando gun metal &#8211; Serie Pas"},"content":{"rendered":"<p class=\"\" data-start=\"83\" data-end=\"334\">Este grifo de cocina flexible de la Serie Pas, con acabado gun metal y flexo negro, proporciona una excelente combinaci\u00f3n de estilo y rendimiento. Su ca\u00f1o giratorio de 360 grados y el material de lat\u00f3n aseguran durabilidad y versatilidad en la cocina.<\/p>\n<p class=\"\" data-start=\"336\" data-end=\"357\"><strong data-start=\"336\" data-end=\"357\">Especificaciones:<\/strong><\/p>\n<ul data-start=\"359\" data-end=\"633\" data-is-last-node=\"\" data-is-only-node=\"\">\n<li class=\"\" data-start=\"359\" data-end=\"421\">\n<p class=\"\" data-start=\"361\" data-end=\"421\"><strong data-start=\"361\" data-end=\"378\">Tipo de grifo<\/strong>: Monomando con ca\u00f1o flexible y giratorio<\/p>\n<\/li>\n<li class=\"\" data-start=\"422\" data-end=\"464\">\n<p class=\"\" data-start=\"424\" data-end=\"464\"><strong data-start=\"424\" data-end=\"435\">Acabado<\/strong>: Gun metal con flexo negro<\/p>\n<\/li>\n<li class=\"\" data-start=\"465\" data-end=\"510\">\n<p class=\"\" data-start=\"467\" data-end=\"510\"><strong data-start=\"467\" data-end=\"479\">Material<\/strong>: Cuerpo de grifer\u00eda de lat\u00f3n<\/p>\n<\/li>\n<li class=\"\" data-start=\"511\" data-end=\"548\">\n<p class=\"\" data-start=\"513\" data-end=\"548\"><strong data-start=\"513\" data-end=\"525\">Cartucho<\/strong>: Cer\u00e1mico de \u00f8 35 mm<\/p>\n<\/li>\n<li class=\"\" data-start=\"549\" data-end=\"600\">\n<p class=\"\" data-start=\"551\" data-end=\"600\"><strong data-start=\"551\" data-end=\"563\">Conexi\u00f3n<\/strong>: 2 mangueras de conexi\u00f3n incluidas<\/p>\n<\/li>\n<li class=\"\" data-start=\"601\" data-end=\"633\">\n<p class=\"\" data-start=\"603\" data-end=\"633\"><strong data-start=\"603\" data-end=\"611\">Ca\u00f1o<\/strong>: Giratorio 360 grados<\/p>\n<\/li>\n<\/ul>\n","protected":false},"excerpt":{"rendered":"<p>Este grifo de cocina flexible de la Serie Pas, con  [&#8230;]<\/p>\n","protected":false},"featured_media":9047,"template":"","meta":[],"product_brand":[],"product_cat":[50],"product_tag":[],"serie":[371],"manual-de-instalacion":[],"color":[30],"class_list":{"0":"post-9046","1":"product","2":"type-product","3":"status-publish","4":"has-post-thumbnail","6":"product_cat-grifos-de-cocina","7":"serie-pas","8":"color-gun-metal","10":"first","11":"instock","12":"taxable","13":"shipping-taxable","14":"product-type-simple"},"_links":{"self":[{"href":"https:\/\/www.valaz.es\/it\/wp-json\/wp\/v2\/product\/9046","targetHints":{"allow":["GET"]}}],"collection":[{"href":"https:\/\/www.valaz.es\/it\/wp-json\/wp\/v2\/product"}],"about":[{"href":"https:\/\/www.valaz.es\/it\/wp-json\/wp\/v2\/types\/product"}],"wp:featuredmedia":[{"embeddable":true,"href":"https:\/\/www.valaz.es\/it\/wp-json\/wp\/v2\/media\/9047"}],"wp:attachment":[{"href":"https:\/\/www.valaz.es\/it\/wp-json\/wp\/v2\/media?parent=9046"}],"wp:term":[{"taxonomy":"product_brand","embeddable":true,"href":"https:\/\/www.valaz.es\/it\/wp-json\/wp\/v2\/product_brand?post=9046"},{"taxonomy":"product_cat","embeddable":true,"href":"https:\/\/www.valaz.es\/it\/wp-json\/wp\/v2\/product_cat?post=9046"},{"taxonomy":"product_tag","embeddable":true,"href":"https:\/\/www.valaz.es\/it\/wp-json\/wp\/v2\/product_tag?post=9046"},{"taxonomy":"serie","embeddable":true,"href":"https:\/\/www.valaz.es\/it\/wp-json\/wp\/v2\/serie?post=9046"},{"taxonomy":"manual-de-instalacion","embeddable":true,"href":"https:\/\/www.valaz.es\/it\/wp-json\/wp\/v2\/manual-de-instalacion?post=9046"},{"taxonomy":"color","embeddable":true,"href":"https:\/\/www.valaz.es\/it\/wp-json\/wp\/v2\/color?post=9046"}],"curies":[{"name":"wp","href":"https:\/\/api.w.org\/{rel}","templated":true}]}}