{"id":9018,"date":"2023-11-02T13:37:08","date_gmt":"2023-11-02T12:37:08","guid":{"rendered":"https:\/\/www.valaz.es\/?post_type=product&#038;p=9018"},"modified":"2025-10-14T17:54:21","modified_gmt":"2025-10-14T15:54:21","slug":"grifo-de-cocina-osmosis-3-vias-redondo-oro-mate-serie-amazonas","status":"publish","type":"product","link":"https:\/\/www.valaz.es\/it\/prodotto\/grifo-de-cocina-osmosis-3-vias-redondo-oro-mate-serie-amazonas\/","title":{"rendered":"Grifo de cocina osmosis 3 v\u00edas redondo oro mate con protecci\u00f3n PVD &#8211; Serie Amazonas"},"content":{"rendered":"<p class=\"\" data-start=\"89\" data-end=\"332\">Este grifo de cocina de la Serie Amazonas est\u00e1 dise\u00f1ado con un sistema de 3 v\u00edas, proporcionando agua fr\u00eda, caliente y de \u00f3smosis. Su acabado en oro mate con protecci\u00f3n PVD asegura una mayor durabilidad y resistencia a los ara\u00f1azos y desgaste.<\/p>\n<p class=\"\" data-start=\"334\" data-end=\"355\"><strong data-start=\"334\" data-end=\"355\">Especificaciones:<\/strong><\/p>\n<ul data-start=\"357\" data-end=\"684\" data-is-last-node=\"\" data-is-only-node=\"\">\n<li class=\"\" data-start=\"357\" data-end=\"423\">\n<p class=\"\" data-start=\"359\" data-end=\"423\"><strong data-start=\"359\" data-end=\"376\">Tipo de grifo<\/strong>: 3 v\u00edas (agua fr\u00eda, agua caliente y \u00f3smosis)<\/p>\n<\/li>\n<li class=\"\" data-start=\"424\" data-end=\"468\">\n<p class=\"\" data-start=\"426\" data-end=\"468\"><strong data-start=\"426\" data-end=\"437\">Acabado<\/strong>: Oro mate con protecci\u00f3n PVD<\/p>\n<\/li>\n<li class=\"\" data-start=\"469\" data-end=\"514\">\n<p class=\"\" data-start=\"471\" data-end=\"514\"><strong data-start=\"471\" data-end=\"483\">Material<\/strong>: Cuerpo de grifer\u00eda de lat\u00f3n<\/p>\n<\/li>\n<li class=\"\" data-start=\"515\" data-end=\"567\">\n<p class=\"\" data-start=\"517\" data-end=\"567\"><strong data-start=\"517\" data-end=\"529\">Cartucho<\/strong>: Cer\u00e1mico de \u00f8 35 mm con KTW \/ DVGW<\/p>\n<\/li>\n<li class=\"\" data-start=\"568\" data-end=\"651\">\n<p class=\"\" data-start=\"570\" data-end=\"651\"><strong data-start=\"570\" data-end=\"582\">Conexi\u00f3n<\/strong>: Manguera de conexi\u00f3n de 3\/8 \u201d + 1\/2\u2033 de acero inoxidable con DVGW<\/p>\n<\/li>\n<li class=\"\" data-start=\"652\" data-end=\"684\">\n<p class=\"\" data-start=\"654\" data-end=\"684\"><strong data-start=\"654\" data-end=\"662\">Ca\u00f1o<\/strong>: Giratorio 360 grados<\/p>\n<\/li>\n<li><strong data-start=\"648\" data-end=\"670\">Sistema de \u00f3smosis<\/strong>: El sistema de \u00f3smosis no viene incluido en el producto, solo se incluye el grifo con el latiguillo.<\/li>\n<\/ul>\n","protected":false},"excerpt":{"rendered":"<p>Este grifo de cocina de la Serie Amazonas est\u00e1 dise\u00f1ado  [&#8230;]<\/p>\n","protected":false},"featured_media":9019,"template":"","meta":[],"product_brand":[],"product_cat":[50],"product_tag":[],"serie":[370],"manual-de-instalacion":[83],"color":[350],"class_list":{"0":"post-9018","1":"product","2":"type-product","3":"status-publish","4":"has-post-thumbnail","6":"product_cat-grifos-de-cocina","7":"serie-amazonas","8":"manual-de-instalacion-guia-instalacion-grifo-superficie","9":"color-oro-mate-cepillado","11":"first","12":"outofstock","13":"taxable","14":"shipping-taxable","15":"product-type-simple"},"_links":{"self":[{"href":"https:\/\/www.valaz.es\/it\/wp-json\/wp\/v2\/product\/9018","targetHints":{"allow":["GET"]}}],"collection":[{"href":"https:\/\/www.valaz.es\/it\/wp-json\/wp\/v2\/product"}],"about":[{"href":"https:\/\/www.valaz.es\/it\/wp-json\/wp\/v2\/types\/product"}],"wp:featuredmedia":[{"embeddable":true,"href":"https:\/\/www.valaz.es\/it\/wp-json\/wp\/v2\/media\/9019"}],"wp:attachment":[{"href":"https:\/\/www.valaz.es\/it\/wp-json\/wp\/v2\/media?parent=9018"}],"wp:term":[{"taxonomy":"product_brand","embeddable":true,"href":"https:\/\/www.valaz.es\/it\/wp-json\/wp\/v2\/product_brand?post=9018"},{"taxonomy":"product_cat","embeddable":true,"href":"https:\/\/www.valaz.es\/it\/wp-json\/wp\/v2\/product_cat?post=9018"},{"taxonomy":"product_tag","embeddable":true,"href":"https:\/\/www.valaz.es\/it\/wp-json\/wp\/v2\/product_tag?post=9018"},{"taxonomy":"serie","embeddable":true,"href":"https:\/\/www.valaz.es\/it\/wp-json\/wp\/v2\/serie?post=9018"},{"taxonomy":"manual-de-instalacion","embeddable":true,"href":"https:\/\/www.valaz.es\/it\/wp-json\/wp\/v2\/manual-de-instalacion?post=9018"},{"taxonomy":"color","embeddable":true,"href":"https:\/\/www.valaz.es\/it\/wp-json\/wp\/v2\/color?post=9018"}],"curies":[{"name":"wp","href":"https:\/\/api.w.org\/{rel}","templated":true}]}}