{"id":9017,"date":"2023-11-07T16:39:03","date_gmt":"2023-11-07T15:39:03","guid":{"rendered":"https:\/\/www.valaz.es\/?post_type=product&#038;p=9017"},"modified":"2026-03-11T13:03:09","modified_gmt":"2026-03-11T12:03:09","slug":"grifo-de-cocina-osmosis-3-vias-redondo-cromado-serie-amazonas","status":"publish","type":"product","link":"https:\/\/www.valaz.es\/it\/prodotto\/grifo-de-cocina-osmosis-3-vias-redondo-cromado-serie-amazonas\/","title":{"rendered":"Grifo de cocina osmosis 3 v\u00edas redondo cromado &#8211; Serie Amazonas"},"content":{"rendered":"<p class=\"\" data-start=\"0\" data-end=\"268\">Este grifo de cocina con 3 v\u00edas para \u00f3smosis integrado de la Serie Amazonas es ideal para quienes buscan comodidad y eficiencia en su cocina. Permite la salida de agua fr\u00eda, caliente y de \u00f3smosis, facilitando el acceso a agua potable de calidad, todo en un solo grifo.<\/p>\n<p class=\"\" data-start=\"270\" data-end=\"291\"><strong data-start=\"270\" data-end=\"291\">Especificaciones:<\/strong><\/p>\n<ul data-start=\"293\" data-end=\"607\" data-is-last-node=\"\" data-is-only-node=\"\">\n<li class=\"\" data-start=\"293\" data-end=\"364\">\n<p class=\"\" data-start=\"295\" data-end=\"364\"><strong data-start=\"295\" data-end=\"312\">Tipo de grifo<\/strong>: Monomando 3 v\u00edas (agua fr\u00eda, caliente y \u00f3smosis)<\/p>\n<\/li>\n<li class=\"\" data-start=\"365\" data-end=\"389\">\n<p class=\"\" data-start=\"367\" data-end=\"389\"><strong data-start=\"367\" data-end=\"378\">Acabado<\/strong>: Cromado<\/p>\n<\/li>\n<li class=\"\" data-start=\"390\" data-end=\"435\">\n<p class=\"\" data-start=\"392\" data-end=\"435\"><strong data-start=\"392\" data-end=\"404\">Material<\/strong>: Cuerpo de grifer\u00eda de lat\u00f3n<\/p>\n<\/li>\n<li class=\"\" data-start=\"436\" data-end=\"488\">\n<p class=\"\" data-start=\"438\" data-end=\"488\"><strong data-start=\"438\" data-end=\"450\">Cartucho<\/strong>: Cer\u00e1mico de \u00f8 35 mm con KTW \/ DVGW<\/p>\n<\/li>\n<li class=\"\" data-start=\"489\" data-end=\"572\">\n<p class=\"\" data-start=\"491\" data-end=\"572\"><strong data-start=\"491\" data-end=\"503\">Conexi\u00f3n<\/strong>: Manguera de conexi\u00f3n de 3\/8 \u201d + 1\/2\u2033 de acero inoxidable con DVGW<\/p>\n<\/li>\n<li class=\"\" data-start=\"573\" data-end=\"607\">\n<p class=\"\" data-start=\"575\" data-end=\"607\"><strong data-start=\"575\" data-end=\"583\">Ca\u00f1o<\/strong>: Giratorio 360 grados<\/p>\n<\/li>\n<li><strong data-start=\"648\" data-end=\"670\">Sistema de \u00f3smosis<\/strong>: El sistema de \u00f3smosis no viene incluido en el producto, solo se incluye el grifo con el latiguillo.<\/li>\n<\/ul>\n","protected":false},"excerpt":{"rendered":"<p>Este grifo de cocina con 3 v\u00edas para \u00f3smosis integrado  [&#8230;]<\/p>\n","protected":false},"featured_media":9155,"template":"","meta":[],"product_brand":[],"product_cat":[50],"product_tag":[],"serie":[370],"manual-de-instalacion":[83],"color":[26],"class_list":{"0":"post-9017","1":"product","2":"type-product","3":"status-publish","4":"has-post-thumbnail","6":"product_cat-grifos-de-cocina","7":"serie-amazonas","8":"manual-de-instalacion-guia-instalacion-grifo-superficie","9":"color-cromo","11":"first","12":"instock","13":"taxable","14":"shipping-taxable","15":"product-type-simple"},"_links":{"self":[{"href":"https:\/\/www.valaz.es\/it\/wp-json\/wp\/v2\/product\/9017","targetHints":{"allow":["GET"]}}],"collection":[{"href":"https:\/\/www.valaz.es\/it\/wp-json\/wp\/v2\/product"}],"about":[{"href":"https:\/\/www.valaz.es\/it\/wp-json\/wp\/v2\/types\/product"}],"wp:featuredmedia":[{"embeddable":true,"href":"https:\/\/www.valaz.es\/it\/wp-json\/wp\/v2\/media\/9155"}],"wp:attachment":[{"href":"https:\/\/www.valaz.es\/it\/wp-json\/wp\/v2\/media?parent=9017"}],"wp:term":[{"taxonomy":"product_brand","embeddable":true,"href":"https:\/\/www.valaz.es\/it\/wp-json\/wp\/v2\/product_brand?post=9017"},{"taxonomy":"product_cat","embeddable":true,"href":"https:\/\/www.valaz.es\/it\/wp-json\/wp\/v2\/product_cat?post=9017"},{"taxonomy":"product_tag","embeddable":true,"href":"https:\/\/www.valaz.es\/it\/wp-json\/wp\/v2\/product_tag?post=9017"},{"taxonomy":"serie","embeddable":true,"href":"https:\/\/www.valaz.es\/it\/wp-json\/wp\/v2\/serie?post=9017"},{"taxonomy":"manual-de-instalacion","embeddable":true,"href":"https:\/\/www.valaz.es\/it\/wp-json\/wp\/v2\/manual-de-instalacion?post=9017"},{"taxonomy":"color","embeddable":true,"href":"https:\/\/www.valaz.es\/it\/wp-json\/wp\/v2\/color?post=9017"}],"curies":[{"name":"wp","href":"https:\/\/api.w.org\/{rel}","templated":true}]}}