{"id":8966,"date":"2023-11-02T12:58:13","date_gmt":"2023-11-02T11:58:13","guid":{"rendered":"https:\/\/www.valaz.es\/?post_type=product&#038;p=8966"},"modified":"2025-11-08T12:54:27","modified_gmt":"2025-11-08T11:54:27","slug":"grifo-de-lavabo-alto-para-pica-monomando-redondo-oro-mate-con-proteccion-pvd-serie-turia","status":"publish","type":"product","link":"https:\/\/www.valaz.es\/it\/prodotto\/grifo-de-lavabo-alto-para-pica-monomando-redondo-oro-mate-con-proteccion-pvd-serie-turia\/","title":{"rendered":"Grifo de lavabo alto para pica monomando redondo oro mate con protecci\u00f3n PVD &#8211; Serie Turia"},"content":{"rendered":"<p class=\"\" data-start=\"96\" data-end=\"294\">Este elegante grifo monomando para lavabo destaca por su dise\u00f1o moderno en oro mate con protecci\u00f3n PVD, que le otorga una alta resistencia al desgaste. Ideal para dar un toque sofisticado a tu ba\u00f1o.<\/p>\n<p class=\"\" data-start=\"296\" data-end=\"317\"><strong data-start=\"296\" data-end=\"317\">Especificaciones:<\/strong><\/p>\n<ul data-start=\"319\" data-end=\"562\" data-is-last-node=\"\" data-is-only-node=\"\">\n<li class=\"\" data-start=\"319\" data-end=\"361\">\n<p class=\"\" data-start=\"321\" data-end=\"361\"><strong data-start=\"321\" data-end=\"338\">Tipo de grifo<\/strong>: Monomando de lavabo<\/p>\n<\/li>\n<li class=\"\" data-start=\"362\" data-end=\"406\">\n<p class=\"\" data-start=\"364\" data-end=\"406\"><strong data-start=\"364\" data-end=\"375\">Acabado<\/strong>: Oro mate con protecci\u00f3n PVD<\/p>\n<\/li>\n<li class=\"\" data-start=\"407\" data-end=\"452\">\n<p class=\"\" data-start=\"409\" data-end=\"452\"><strong data-start=\"409\" data-end=\"421\">Material<\/strong>: Cuerpo de grifer\u00eda en lat\u00f3n<\/p>\n<\/li>\n<li class=\"\" data-start=\"453\" data-end=\"488\">\n<p class=\"\" data-start=\"455\" data-end=\"488\"><strong data-start=\"455\" data-end=\"467\">Cartucho<\/strong>: Cer\u00e1mico de 35 mm<\/p>\n<\/li>\n<li class=\"\" data-start=\"489\" data-end=\"535\">\n<p class=\"\" data-start=\"491\" data-end=\"535\"><strong data-start=\"491\" data-end=\"503\">Conexi\u00f3n<\/strong>: Latiguillos de 3\/8 incluidos<\/p>\n<\/li>\n<li class=\"\" data-start=\"536\" data-end=\"562\">\n<p class=\"\" data-start=\"538\" data-end=\"562\"><strong data-start=\"538\" data-end=\"546\">Ca\u00f1o<\/strong>: Alto para pica<\/p>\n<\/li>\n<\/ul>\n","protected":false},"excerpt":{"rendered":"<p>Este elegante grifo monomando para lavabo destaca por su dise\u00f1o  [&#8230;]<\/p>\n","protected":false},"featured_media":8975,"template":"","meta":[],"product_brand":[],"product_cat":[48],"product_tag":[],"serie":[22],"manual-de-instalacion":[83],"color":[350],"class_list":{"0":"post-8966","1":"product","2":"type-product","3":"status-publish","4":"has-post-thumbnail","6":"product_cat-grifos-de-lavabo","7":"serie-turia","8":"manual-de-instalacion-guia-instalacion-grifo-superficie","9":"color-oro-mate-cepillado","11":"first","12":"instock","13":"taxable","14":"shipping-taxable","15":"product-type-simple"},"_links":{"self":[{"href":"https:\/\/www.valaz.es\/it\/wp-json\/wp\/v2\/product\/8966","targetHints":{"allow":["GET"]}}],"collection":[{"href":"https:\/\/www.valaz.es\/it\/wp-json\/wp\/v2\/product"}],"about":[{"href":"https:\/\/www.valaz.es\/it\/wp-json\/wp\/v2\/types\/product"}],"wp:featuredmedia":[{"embeddable":true,"href":"https:\/\/www.valaz.es\/it\/wp-json\/wp\/v2\/media\/8975"}],"wp:attachment":[{"href":"https:\/\/www.valaz.es\/it\/wp-json\/wp\/v2\/media?parent=8966"}],"wp:term":[{"taxonomy":"product_brand","embeddable":true,"href":"https:\/\/www.valaz.es\/it\/wp-json\/wp\/v2\/product_brand?post=8966"},{"taxonomy":"product_cat","embeddable":true,"href":"https:\/\/www.valaz.es\/it\/wp-json\/wp\/v2\/product_cat?post=8966"},{"taxonomy":"product_tag","embeddable":true,"href":"https:\/\/www.valaz.es\/it\/wp-json\/wp\/v2\/product_tag?post=8966"},{"taxonomy":"serie","embeddable":true,"href":"https:\/\/www.valaz.es\/it\/wp-json\/wp\/v2\/serie?post=8966"},{"taxonomy":"manual-de-instalacion","embeddable":true,"href":"https:\/\/www.valaz.es\/it\/wp-json\/wp\/v2\/manual-de-instalacion?post=8966"},{"taxonomy":"color","embeddable":true,"href":"https:\/\/www.valaz.es\/it\/wp-json\/wp\/v2\/color?post=8966"}],"curies":[{"name":"wp","href":"https:\/\/api.w.org\/{rel}","templated":true}]}}