{"id":894,"date":"2022-11-15T11:35:29","date_gmt":"2022-11-15T10:35:29","guid":{"rendered":"https:\/\/www.valaz.es\/?post_type=product&#038;p=894"},"modified":"2026-04-16T08:40:28","modified_gmt":"2026-04-16T06:40:28","slug":"valvula-click-clack-para-lavabo-o-bide-redondo-dorado-cepillado","status":"publish","type":"product","link":"https:\/\/www.valaz.es\/it\/prodotto\/valvula-click-clack-para-lavabo-o-bide-redondo-dorado-cepillado\/","title":{"rendered":"Valvula click clack para lavabo o bide redondo dorado cepillado"},"content":{"rendered":"<p class=\"\" data-start=\"69\" data-end=\"463\">La v\u00e1lvula Click Clack redonda en acabado dorado cepillado ofrece una soluci\u00f3n elegante y funcional para tu lavabo o bid\u00e9. Este modelo de alta calidad destaca por su dise\u00f1o refinado y moderno, ideal para ba\u00f1os de estilo contempor\u00e1neo o cl\u00e1sicos. El sistema de apertura y cierre asegura una durabilidad de 20.000 ciclos, garantizando su buen funcionamiento durante muchos a\u00f1os.<\/p>\n<p class=\"\" data-start=\"465\" data-end=\"487\"><strong data-start=\"465\" data-end=\"485\">Especificaciones<\/strong><\/p>\n<ul data-start=\"488\" data-end=\"789\">\n<li class=\"\" data-start=\"488\" data-end=\"554\">\n<p class=\"\" data-start=\"490\" data-end=\"554\"><strong data-start=\"490\" data-end=\"504\">Apto para:<\/strong> Todos los lavabos y bid\u00e9s, con o sin rebosadero<\/p>\n<\/li>\n<li class=\"\" data-start=\"555\" data-end=\"628\">\n<p class=\"\" data-start=\"557\" data-end=\"628\"><strong data-start=\"557\" data-end=\"588\">Sistema de apertura\/cierre:<\/strong> Garantizado para 20.000 ciclos de uso<\/p>\n<\/li>\n<li class=\"\" data-start=\"629\" data-end=\"658\">\n<p class=\"\" data-start=\"631\" data-end=\"658\"><strong data-start=\"631\" data-end=\"650\">Rosca inferior:<\/strong> 1 1\/4<\/p>\n<\/li>\n<li class=\"\" data-start=\"659\" data-end=\"695\">\n<p class=\"\" data-start=\"661\" data-end=\"695\"><strong data-start=\"661\" data-end=\"674\">Material:<\/strong> Fabricada en lat\u00f3n<\/p>\n<\/li>\n<li class=\"\" data-start=\"696\" data-end=\"789\">\n<p class=\"\" data-start=\"698\" data-end=\"789\"><strong data-start=\"698\" data-end=\"710\">Acabado:<\/strong> Dorado cepillado, que combina belleza y resistencia, con una est\u00e9tica lujosa<\/p>\n<\/li>\n<\/ul>\n","protected":false},"excerpt":{"rendered":"<p>La v\u00e1lvula Click Clack redonda en acabado dorado cepillado ofrece  [&#8230;]<\/p>\n","protected":false},"featured_media":15073,"template":"","meta":[],"product_brand":[],"product_cat":[387],"product_tag":[],"serie":[],"manual-de-instalacion":[],"color":[34],"class_list":{"0":"post-894","1":"product","2":"type-product","3":"status-publish","4":"has-post-thumbnail","6":"product_cat-valvulas-y-sifones","7":"color-dorado-cepillado","9":"first","10":"instock","11":"taxable","12":"shipping-taxable","13":"product-type-simple"},"_links":{"self":[{"href":"https:\/\/www.valaz.es\/it\/wp-json\/wp\/v2\/product\/894","targetHints":{"allow":["GET"]}}],"collection":[{"href":"https:\/\/www.valaz.es\/it\/wp-json\/wp\/v2\/product"}],"about":[{"href":"https:\/\/www.valaz.es\/it\/wp-json\/wp\/v2\/types\/product"}],"wp:featuredmedia":[{"embeddable":true,"href":"https:\/\/www.valaz.es\/it\/wp-json\/wp\/v2\/media\/15073"}],"wp:attachment":[{"href":"https:\/\/www.valaz.es\/it\/wp-json\/wp\/v2\/media?parent=894"}],"wp:term":[{"taxonomy":"product_brand","embeddable":true,"href":"https:\/\/www.valaz.es\/it\/wp-json\/wp\/v2\/product_brand?post=894"},{"taxonomy":"product_cat","embeddable":true,"href":"https:\/\/www.valaz.es\/it\/wp-json\/wp\/v2\/product_cat?post=894"},{"taxonomy":"product_tag","embeddable":true,"href":"https:\/\/www.valaz.es\/it\/wp-json\/wp\/v2\/product_tag?post=894"},{"taxonomy":"serie","embeddable":true,"href":"https:\/\/www.valaz.es\/it\/wp-json\/wp\/v2\/serie?post=894"},{"taxonomy":"manual-de-instalacion","embeddable":true,"href":"https:\/\/www.valaz.es\/it\/wp-json\/wp\/v2\/manual-de-instalacion?post=894"},{"taxonomy":"color","embeddable":true,"href":"https:\/\/www.valaz.es\/it\/wp-json\/wp\/v2\/color?post=894"}],"curies":[{"name":"wp","href":"https:\/\/api.w.org\/{rel}","templated":true}]}}