{"id":893,"date":"2022-11-15T12:04:20","date_gmt":"2022-11-15T11:04:20","guid":{"rendered":"https:\/\/www.valaz.es\/?post_type=product&#038;p=893"},"modified":"2026-04-10T13:12:51","modified_gmt":"2026-04-10T11:12:51","slug":"valvula-click-clack-para-lavabo-o-bide-redondo-negro-mate","status":"publish","type":"product","link":"https:\/\/www.valaz.es\/it\/prodotto\/valvula-click-clack-para-lavabo-o-bide-redondo-negro-mate\/","title":{"rendered":"Valvula click clack para lavabo o bide redondo negro mate"},"content":{"rendered":"<p class=\"\" data-start=\"63\" data-end=\"398\">La v\u00e1lvula Click Clack redonda en acabado negro mate es la opci\u00f3n perfecta para quienes buscan un dise\u00f1o moderno y minimalista en su ba\u00f1o. Con un sistema de apertura y cierre eficiente, esta v\u00e1lvula ofrece una experiencia de uso c\u00f3moda y duradera, adapt\u00e1ndose a la mayor\u00eda de los lavabos y bid\u00e9s con o sin rebosadero.<\/p>\n<p class=\"\" data-start=\"400\" data-end=\"422\"><strong data-start=\"400\" data-end=\"420\">Especificaciones<\/strong><\/p>\n<ul data-start=\"423\" data-end=\"766\">\n<li class=\"\" data-start=\"423\" data-end=\"489\">\n<p class=\"\" data-start=\"425\" data-end=\"489\"><strong data-start=\"425\" data-end=\"439\">Apto para:<\/strong> Todos los lavabos y bid\u00e9s, con o sin rebosadero<\/p>\n<\/li>\n<li class=\"\" data-start=\"490\" data-end=\"563\">\n<p class=\"\" data-start=\"492\" data-end=\"563\"><strong data-start=\"492\" data-end=\"523\">Sistema de apertura\/cierre:<\/strong> Garantizado para 20.000 ciclos de uso<\/p>\n<\/li>\n<li class=\"\" data-start=\"564\" data-end=\"593\">\n<p class=\"\" data-start=\"566\" data-end=\"593\"><strong data-start=\"566\" data-end=\"585\">Rosca inferior:<\/strong> 1 1\/4<\/p>\n<\/li>\n<li class=\"\" data-start=\"594\" data-end=\"686\">\n<p class=\"\" data-start=\"596\" data-end=\"686\"><strong data-start=\"596\" data-end=\"609\">Material:<\/strong> Fabricada en lat\u00f3n de alta calidad para asegurar resistencia y durabilidad<\/p>\n<\/li>\n<li class=\"\" data-start=\"687\" data-end=\"766\">\n<p class=\"\" data-start=\"689\" data-end=\"766\"><strong data-start=\"689\" data-end=\"701\">Acabado:<\/strong> Negro mate, ideal para ba\u00f1os de estilo moderno y contempor\u00e1neo<\/p>\n<\/li>\n<\/ul>\n","protected":false},"excerpt":{"rendered":"<p>La v\u00e1lvula Click Clack redonda en acabado negro mate es  [&#8230;]<\/p>\n","protected":false},"featured_media":9118,"template":"","meta":[],"product_brand":[],"product_cat":[387],"product_tag":[],"serie":[],"manual-de-instalacion":[],"color":[27],"class_list":{"0":"post-893","1":"product","2":"type-product","3":"status-publish","4":"has-post-thumbnail","6":"product_cat-valvulas-y-sifones","7":"color-negro-mate","9":"first","10":"instock","11":"taxable","12":"shipping-taxable","13":"product-type-simple"},"_links":{"self":[{"href":"https:\/\/www.valaz.es\/it\/wp-json\/wp\/v2\/product\/893","targetHints":{"allow":["GET"]}}],"collection":[{"href":"https:\/\/www.valaz.es\/it\/wp-json\/wp\/v2\/product"}],"about":[{"href":"https:\/\/www.valaz.es\/it\/wp-json\/wp\/v2\/types\/product"}],"wp:featuredmedia":[{"embeddable":true,"href":"https:\/\/www.valaz.es\/it\/wp-json\/wp\/v2\/media\/9118"}],"wp:attachment":[{"href":"https:\/\/www.valaz.es\/it\/wp-json\/wp\/v2\/media?parent=893"}],"wp:term":[{"taxonomy":"product_brand","embeddable":true,"href":"https:\/\/www.valaz.es\/it\/wp-json\/wp\/v2\/product_brand?post=893"},{"taxonomy":"product_cat","embeddable":true,"href":"https:\/\/www.valaz.es\/it\/wp-json\/wp\/v2\/product_cat?post=893"},{"taxonomy":"product_tag","embeddable":true,"href":"https:\/\/www.valaz.es\/it\/wp-json\/wp\/v2\/product_tag?post=893"},{"taxonomy":"serie","embeddable":true,"href":"https:\/\/www.valaz.es\/it\/wp-json\/wp\/v2\/serie?post=893"},{"taxonomy":"manual-de-instalacion","embeddable":true,"href":"https:\/\/www.valaz.es\/it\/wp-json\/wp\/v2\/manual-de-instalacion?post=893"},{"taxonomy":"color","embeddable":true,"href":"https:\/\/www.valaz.es\/it\/wp-json\/wp\/v2\/color?post=893"}],"curies":[{"name":"wp","href":"https:\/\/api.w.org\/{rel}","templated":true}]}}