{"id":8828,"date":"2023-10-31T13:56:22","date_gmt":"2023-10-31T12:56:22","guid":{"rendered":"https:\/\/www.valaz.es\/?post_type=product&#038;p=8828"},"modified":"2025-12-12T14:54:46","modified_gmt":"2025-12-12T13:54:46","slug":"grifo-de-lavabo-alto-para-pica-con-apertura-en-agua-fria-monomando-cuadrado-cromado-serie-muga","status":"publish","type":"product","link":"https:\/\/www.valaz.es\/it\/prodotto\/grifo-de-lavabo-alto-para-pica-con-apertura-en-agua-fria-monomando-cuadrado-cromado-serie-muga\/","title":{"rendered":"Grifo de lavabo alto para pica con apertura en agua fr\u00eda monomando cuadrado cromado &#8211; Serie Muga"},"content":{"rendered":"<p class=\"\" data-start=\"102\" data-end=\"278\">Este grifo de lavabo alto para pica presenta un dise\u00f1o cuadrado y moderno en cromado, con apertura en agua fr\u00eda, ideal para a\u00f1adir un toque de estilo y funcionalidad a tu ba\u00f1o.<\/p>\n<p class=\"\" data-start=\"280\" data-end=\"301\"><strong data-start=\"280\" data-end=\"301\">Especificaciones:<\/strong><\/p>\n<ul data-start=\"303\" data-end=\"529\" data-is-last-node=\"\" data-is-only-node=\"\">\n<li class=\"\" data-start=\"303\" data-end=\"384\">\n<p class=\"\" data-start=\"305\" data-end=\"384\"><strong data-start=\"305\" data-end=\"322\">Tipo de grifo<\/strong>: Monomando de lavabo alto para pica con apertura en agua fr\u00eda<\/p>\n<\/li>\n<li class=\"\" data-start=\"385\" data-end=\"407\">\n<p class=\"\" data-start=\"387\" data-end=\"407\"><strong data-start=\"387\" data-end=\"397\">Dise\u00f1o<\/strong>: Cuadrado<\/p>\n<\/li>\n<li class=\"\" data-start=\"408\" data-end=\"462\">\n<p class=\"\" data-start=\"410\" data-end=\"462\"><strong data-start=\"410\" data-end=\"422\">Material<\/strong>: Cuerpo de la grifer\u00eda en lat\u00f3n cromado<\/p>\n<\/li>\n<li class=\"\" data-start=\"463\" data-end=\"496\">\n<p class=\"\" data-start=\"465\" data-end=\"496\"><strong data-start=\"465\" data-end=\"477\">Cartucho<\/strong>: Cer\u00e1mico de 25 mm<\/p>\n<\/li>\n<li class=\"\" data-start=\"497\" data-end=\"529\">\n<p class=\"\" data-start=\"499\" data-end=\"529\"><strong data-start=\"499\" data-end=\"514\">Latiguillos<\/strong>: 3\/8 incluidos<\/p>\n<\/li>\n<\/ul>\n","protected":false},"excerpt":{"rendered":"<p>Este grifo de lavabo alto para pica presenta un dise\u00f1o  [&#8230;]<\/p>\n","protected":false},"featured_media":8907,"template":"","meta":[],"product_brand":[],"product_cat":[48],"product_tag":[],"serie":[363],"manual-de-instalacion":[83],"color":[26],"class_list":{"0":"post-8828","1":"product","2":"type-product","3":"status-publish","4":"has-post-thumbnail","6":"product_cat-grifos-de-lavabo","7":"serie-muga","8":"manual-de-instalacion-guia-instalacion-grifo-superficie","9":"color-cromo","11":"first","12":"instock","13":"taxable","14":"shipping-taxable","15":"product-type-simple"},"_links":{"self":[{"href":"https:\/\/www.valaz.es\/it\/wp-json\/wp\/v2\/product\/8828","targetHints":{"allow":["GET"]}}],"collection":[{"href":"https:\/\/www.valaz.es\/it\/wp-json\/wp\/v2\/product"}],"about":[{"href":"https:\/\/www.valaz.es\/it\/wp-json\/wp\/v2\/types\/product"}],"wp:featuredmedia":[{"embeddable":true,"href":"https:\/\/www.valaz.es\/it\/wp-json\/wp\/v2\/media\/8907"}],"wp:attachment":[{"href":"https:\/\/www.valaz.es\/it\/wp-json\/wp\/v2\/media?parent=8828"}],"wp:term":[{"taxonomy":"product_brand","embeddable":true,"href":"https:\/\/www.valaz.es\/it\/wp-json\/wp\/v2\/product_brand?post=8828"},{"taxonomy":"product_cat","embeddable":true,"href":"https:\/\/www.valaz.es\/it\/wp-json\/wp\/v2\/product_cat?post=8828"},{"taxonomy":"product_tag","embeddable":true,"href":"https:\/\/www.valaz.es\/it\/wp-json\/wp\/v2\/product_tag?post=8828"},{"taxonomy":"serie","embeddable":true,"href":"https:\/\/www.valaz.es\/it\/wp-json\/wp\/v2\/serie?post=8828"},{"taxonomy":"manual-de-instalacion","embeddable":true,"href":"https:\/\/www.valaz.es\/it\/wp-json\/wp\/v2\/manual-de-instalacion?post=8828"},{"taxonomy":"color","embeddable":true,"href":"https:\/\/www.valaz.es\/it\/wp-json\/wp\/v2\/color?post=8828"}],"curies":[{"name":"wp","href":"https:\/\/api.w.org\/{rel}","templated":true}]}}