{"id":8827,"date":"2023-10-31T13:58:14","date_gmt":"2023-10-31T12:58:14","guid":{"rendered":"https:\/\/www.valaz.es\/?post_type=product&#038;p=8827"},"modified":"2025-09-04T12:54:40","modified_gmt":"2025-09-04T10:54:40","slug":"grifo-de-lavabo-con-apertura-en-agua-fria-monomando-cuadrado-cromado-serie-muga","status":"publish","type":"product","link":"https:\/\/www.valaz.es\/it\/prodotto\/grifo-de-lavabo-con-apertura-en-agua-fria-monomando-cuadrado-cromado-serie-muga\/","title":{"rendered":"Grifo de lavabo con apertura en agua fr\u00eda monomando cuadrado cromado &#8211; Serie Muga"},"content":{"rendered":"<p class=\"\" data-start=\"87\" data-end=\"263\">Este grifo de lavabo cuadrado y monomando est\u00e1 dise\u00f1ado para ofrecer un control sencillo de la apertura en agua fr\u00eda, con un acabado cromado que aporta durabilidad y elegancia.<\/p>\n<p class=\"\" data-start=\"265\" data-end=\"286\"><strong data-start=\"265\" data-end=\"286\">Especificaciones:<\/strong><\/p>\n<ul data-start=\"288\" data-end=\"499\" data-is-last-node=\"\" data-is-only-node=\"\">\n<li class=\"\" data-start=\"288\" data-end=\"354\">\n<p class=\"\" data-start=\"290\" data-end=\"354\"><strong data-start=\"290\" data-end=\"307\">Tipo de grifo<\/strong>: Monomando de lavabo con apertura en agua fr\u00eda<\/p>\n<\/li>\n<li class=\"\" data-start=\"355\" data-end=\"377\">\n<p class=\"\" data-start=\"357\" data-end=\"377\"><strong data-start=\"357\" data-end=\"367\">Dise\u00f1o<\/strong>: Cuadrado<\/p>\n<\/li>\n<li class=\"\" data-start=\"378\" data-end=\"432\">\n<p class=\"\" data-start=\"380\" data-end=\"432\"><strong data-start=\"380\" data-end=\"392\">Material<\/strong>: Cuerpo de la grifer\u00eda en lat\u00f3n cromado<\/p>\n<\/li>\n<li class=\"\" data-start=\"433\" data-end=\"466\">\n<p class=\"\" data-start=\"435\" data-end=\"466\"><strong data-start=\"435\" data-end=\"447\">Cartucho<\/strong>: Cer\u00e1mico de 25 mm<\/p>\n<\/li>\n<li class=\"\" data-start=\"467\" data-end=\"499\">\n<p class=\"\" data-start=\"469\" data-end=\"499\"><strong data-start=\"469\" data-end=\"484\">Latiguillos<\/strong>: 3\/8 incluidos<\/p>\n<\/li>\n<\/ul>\n","protected":false},"excerpt":{"rendered":"<p>Este grifo de lavabo cuadrado y monomando est\u00e1 dise\u00f1ado para  [&#8230;]<\/p>\n","protected":false},"featured_media":8919,"template":"","meta":[],"product_brand":[],"product_cat":[48],"product_tag":[],"serie":[363],"manual-de-instalacion":[],"color":[26],"class_list":{"0":"post-8827","1":"product","2":"type-product","3":"status-publish","4":"has-post-thumbnail","6":"product_cat-grifos-de-lavabo","7":"serie-muga","8":"color-cromo","10":"first","11":"instock","12":"taxable","13":"shipping-taxable","14":"product-type-simple"},"_links":{"self":[{"href":"https:\/\/www.valaz.es\/it\/wp-json\/wp\/v2\/product\/8827","targetHints":{"allow":["GET"]}}],"collection":[{"href":"https:\/\/www.valaz.es\/it\/wp-json\/wp\/v2\/product"}],"about":[{"href":"https:\/\/www.valaz.es\/it\/wp-json\/wp\/v2\/types\/product"}],"wp:featuredmedia":[{"embeddable":true,"href":"https:\/\/www.valaz.es\/it\/wp-json\/wp\/v2\/media\/8919"}],"wp:attachment":[{"href":"https:\/\/www.valaz.es\/it\/wp-json\/wp\/v2\/media?parent=8827"}],"wp:term":[{"taxonomy":"product_brand","embeddable":true,"href":"https:\/\/www.valaz.es\/it\/wp-json\/wp\/v2\/product_brand?post=8827"},{"taxonomy":"product_cat","embeddable":true,"href":"https:\/\/www.valaz.es\/it\/wp-json\/wp\/v2\/product_cat?post=8827"},{"taxonomy":"product_tag","embeddable":true,"href":"https:\/\/www.valaz.es\/it\/wp-json\/wp\/v2\/product_tag?post=8827"},{"taxonomy":"serie","embeddable":true,"href":"https:\/\/www.valaz.es\/it\/wp-json\/wp\/v2\/serie?post=8827"},{"taxonomy":"manual-de-instalacion","embeddable":true,"href":"https:\/\/www.valaz.es\/it\/wp-json\/wp\/v2\/manual-de-instalacion?post=8827"},{"taxonomy":"color","embeddable":true,"href":"https:\/\/www.valaz.es\/it\/wp-json\/wp\/v2\/color?post=8827"}],"curies":[{"name":"wp","href":"https:\/\/api.w.org\/{rel}","templated":true}]}}