{"id":8816,"date":"2023-10-31T17:20:21","date_gmt":"2023-10-31T16:20:21","guid":{"rendered":"https:\/\/www.valaz.es\/?post_type=product&#038;p=8816"},"modified":"2025-09-24T15:54:26","modified_gmt":"2025-09-24T13:54:26","slug":"grifo-de-cocina-con-3-vias-osmosis-y-flexible-gun-metal-serie-manzanares","status":"publish","type":"product","link":"https:\/\/www.valaz.es\/it\/prodotto\/grifo-de-cocina-con-3-vias-osmosis-y-flexible-gun-metal-serie-manzanares\/","title":{"rendered":"Grifo de cocina con 3 v\u00edas osmosis y flexible gun metal &#8211; Serie Manzanares"},"content":{"rendered":"<p class=\"\" data-start=\"80\" data-end=\"313\">Este grifo de cocina combina estilo y funcionalidad, con un dise\u00f1o en gun metal y salida para \u00f3smosis integrada, permitiendo el acceso a agua fr\u00eda, caliente y \u00f3smosis desde el mismo punto. Perfecto para cocinas modernas y eficientes.<\/p>\n<p class=\"\" data-start=\"315\" data-end=\"336\"><strong data-start=\"315\" data-end=\"336\">Especificaciones:<\/strong><\/p>\n<ul data-start=\"338\" data-end=\"583\" data-is-last-node=\"\" data-is-only-node=\"\">\n<li class=\"\" data-start=\"338\" data-end=\"400\">\n<p class=\"\" data-start=\"340\" data-end=\"400\"><strong data-start=\"340\" data-end=\"357\">Tipo de grifo<\/strong>: Grifo de cocina con 3 v\u00edas para \u00f3smosis<\/p>\n<\/li>\n<li class=\"\" data-start=\"401\" data-end=\"427\">\n<p class=\"\" data-start=\"403\" data-end=\"427\"><strong data-start=\"403\" data-end=\"414\">Acabado<\/strong>: Gun metal<\/p>\n<\/li>\n<li class=\"\" data-start=\"428\" data-end=\"473\">\n<p class=\"\" data-start=\"430\" data-end=\"473\"><strong data-start=\"430\" data-end=\"442\">Material<\/strong>: Cuerpo de grifer\u00eda en lat\u00f3n<\/p>\n<\/li>\n<li class=\"\" data-start=\"474\" data-end=\"514\">\n<p class=\"\" data-start=\"476\" data-end=\"514\"><strong data-start=\"476\" data-end=\"488\">Cartucho<\/strong>: \u00d8 35 mm con KTW \/ DVGW<\/p>\n<\/li>\n<li class=\"\" data-start=\"515\" data-end=\"550\">\n<p class=\"\" data-start=\"517\" data-end=\"550\"><strong data-start=\"517\" data-end=\"529\">Conexi\u00f3n<\/strong>: Manguera flexible<\/p>\n<\/li>\n<li class=\"\" data-start=\"551\" data-end=\"583\">\n<p class=\"\" data-start=\"553\" data-end=\"583\"><strong data-start=\"553\" data-end=\"561\">Ca\u00f1o<\/strong>: Giratorio 360 grados<\/p>\n<\/li>\n<li><strong data-start=\"648\" data-end=\"670\">Sistema de \u00f3smosis<\/strong>: El sistema de \u00f3smosis no viene incluido en el producto, solo se incluye el grifo con el latiguillo.<\/li>\n<\/ul>\n","protected":false},"excerpt":{"rendered":"<p>Este grifo de cocina combina estilo y funcionalidad, con un  [&#8230;]<\/p>\n","protected":false},"featured_media":8992,"template":"","meta":[],"product_brand":[],"product_cat":[50],"product_tag":[],"serie":[362],"manual-de-instalacion":[83],"color":[30],"class_list":{"0":"post-8816","1":"product","2":"type-product","3":"status-publish","4":"has-post-thumbnail","6":"product_cat-grifos-de-cocina","7":"serie-manzanares","8":"manual-de-instalacion-guia-instalacion-grifo-superficie","9":"color-gun-metal","11":"first","12":"outofstock","13":"taxable","14":"shipping-taxable","15":"product-type-simple"},"_links":{"self":[{"href":"https:\/\/www.valaz.es\/it\/wp-json\/wp\/v2\/product\/8816","targetHints":{"allow":["GET"]}}],"collection":[{"href":"https:\/\/www.valaz.es\/it\/wp-json\/wp\/v2\/product"}],"about":[{"href":"https:\/\/www.valaz.es\/it\/wp-json\/wp\/v2\/types\/product"}],"wp:featuredmedia":[{"embeddable":true,"href":"https:\/\/www.valaz.es\/it\/wp-json\/wp\/v2\/media\/8992"}],"wp:attachment":[{"href":"https:\/\/www.valaz.es\/it\/wp-json\/wp\/v2\/media?parent=8816"}],"wp:term":[{"taxonomy":"product_brand","embeddable":true,"href":"https:\/\/www.valaz.es\/it\/wp-json\/wp\/v2\/product_brand?post=8816"},{"taxonomy":"product_cat","embeddable":true,"href":"https:\/\/www.valaz.es\/it\/wp-json\/wp\/v2\/product_cat?post=8816"},{"taxonomy":"product_tag","embeddable":true,"href":"https:\/\/www.valaz.es\/it\/wp-json\/wp\/v2\/product_tag?post=8816"},{"taxonomy":"serie","embeddable":true,"href":"https:\/\/www.valaz.es\/it\/wp-json\/wp\/v2\/serie?post=8816"},{"taxonomy":"manual-de-instalacion","embeddable":true,"href":"https:\/\/www.valaz.es\/it\/wp-json\/wp\/v2\/manual-de-instalacion?post=8816"},{"taxonomy":"color","embeddable":true,"href":"https:\/\/www.valaz.es\/it\/wp-json\/wp\/v2\/color?post=8816"}],"curies":[{"name":"wp","href":"https:\/\/api.w.org\/{rel}","templated":true}]}}