{"id":8813,"date":"2023-10-31T15:16:27","date_gmt":"2023-10-31T14:16:27","guid":{"rendered":"https:\/\/www.valaz.es\/?post_type=product&#038;p=8813"},"modified":"2025-08-19T15:54:24","modified_gmt":"2025-08-19T13:54:24","slug":"grifo-de-cocina-con-3-vias-osmosis-y-flexible-cromado-serie-manzanares","status":"publish","type":"product","link":"https:\/\/www.valaz.es\/it\/prodotto\/grifo-de-cocina-con-3-vias-osmosis-y-flexible-cromado-serie-manzanares\/","title":{"rendered":"Grifo de cocina con 3 v\u00edas osmosis y flexible cromado &#8211; Serie Manzanares"},"content":{"rendered":"<p class=\"\" data-start=\"78\" data-end=\"264\">Este grifo de cocina con salida de \u00f3smosis integrado de 3 v\u00edas te permite acceder a agua fr\u00eda, agua caliente y agua de \u00f3smosis, todo en un solo grifo, con un dise\u00f1o flexible y funcional.<\/p>\n<p class=\"\" data-start=\"266\" data-end=\"287\"><strong data-start=\"266\" data-end=\"287\">Especificaciones:<\/strong><\/p>\n<ul data-start=\"289\" data-end=\"528\" data-is-last-node=\"\" data-is-only-node=\"\">\n<li class=\"\" data-start=\"289\" data-end=\"372\">\n<p class=\"\" data-start=\"291\" data-end=\"372\"><strong data-start=\"291\" data-end=\"308\">Tipo de grifo<\/strong>: Monomando de cocina con 3 v\u00edas (\u00f3smosis, agua fr\u00eda y caliente)<\/p>\n<\/li>\n<li class=\"\" data-start=\"373\" data-end=\"427\">\n<p class=\"\" data-start=\"375\" data-end=\"427\"><strong data-start=\"375\" data-end=\"387\">Material<\/strong>: Cuerpo de la grifer\u00eda en lat\u00f3n cromado<\/p>\n<\/li>\n<li class=\"\" data-start=\"428\" data-end=\"476\">\n<p class=\"\" data-start=\"430\" data-end=\"476\"><strong data-start=\"430\" data-end=\"442\">Cartucho<\/strong>: Cer\u00e1mico de 35 mm con KTW \/ DVGW<\/p>\n<\/li>\n<li class=\"\" data-start=\"477\" data-end=\"501\">\n<p class=\"\" data-start=\"479\" data-end=\"501\"><strong data-start=\"479\" data-end=\"491\">Manguera<\/strong>: Flexible<\/p>\n<\/li>\n<li class=\"\" data-start=\"502\" data-end=\"528\">\n<p class=\"\" data-start=\"504\" data-end=\"528\"><strong data-start=\"504\" data-end=\"512\">Ca\u00f1o<\/strong>: Giratorio 360\u00b0<\/p>\n<\/li>\n<li><strong data-start=\"648\" data-end=\"670\">Sistema de \u00f3smosis<\/strong>: El sistema de \u00f3smosis no viene incluido en el producto, solo se incluye el grifo con el latiguillo.<\/li>\n<\/ul>\n","protected":false},"excerpt":{"rendered":"<p>Este grifo de cocina con salida de \u00f3smosis integrado de  [&#8230;]<\/p>\n","protected":false},"featured_media":8984,"template":"","meta":[],"product_brand":[],"product_cat":[50],"product_tag":[],"serie":[362],"manual-de-instalacion":[83],"color":[26],"class_list":{"0":"post-8813","1":"product","2":"type-product","3":"status-publish","4":"has-post-thumbnail","6":"product_cat-grifos-de-cocina","7":"serie-manzanares","8":"manual-de-instalacion-guia-instalacion-grifo-superficie","9":"color-cromo","11":"first","12":"outofstock","13":"taxable","14":"shipping-taxable","15":"product-type-simple"},"_links":{"self":[{"href":"https:\/\/www.valaz.es\/it\/wp-json\/wp\/v2\/product\/8813","targetHints":{"allow":["GET"]}}],"collection":[{"href":"https:\/\/www.valaz.es\/it\/wp-json\/wp\/v2\/product"}],"about":[{"href":"https:\/\/www.valaz.es\/it\/wp-json\/wp\/v2\/types\/product"}],"wp:featuredmedia":[{"embeddable":true,"href":"https:\/\/www.valaz.es\/it\/wp-json\/wp\/v2\/media\/8984"}],"wp:attachment":[{"href":"https:\/\/www.valaz.es\/it\/wp-json\/wp\/v2\/media?parent=8813"}],"wp:term":[{"taxonomy":"product_brand","embeddable":true,"href":"https:\/\/www.valaz.es\/it\/wp-json\/wp\/v2\/product_brand?post=8813"},{"taxonomy":"product_cat","embeddable":true,"href":"https:\/\/www.valaz.es\/it\/wp-json\/wp\/v2\/product_cat?post=8813"},{"taxonomy":"product_tag","embeddable":true,"href":"https:\/\/www.valaz.es\/it\/wp-json\/wp\/v2\/product_tag?post=8813"},{"taxonomy":"serie","embeddable":true,"href":"https:\/\/www.valaz.es\/it\/wp-json\/wp\/v2\/serie?post=8813"},{"taxonomy":"manual-de-instalacion","embeddable":true,"href":"https:\/\/www.valaz.es\/it\/wp-json\/wp\/v2\/manual-de-instalacion?post=8813"},{"taxonomy":"color","embeddable":true,"href":"https:\/\/www.valaz.es\/it\/wp-json\/wp\/v2\/color?post=8813"}],"curies":[{"name":"wp","href":"https:\/\/api.w.org\/{rel}","templated":true}]}}