{"id":863,"date":"2022-11-14T16:19:43","date_gmt":"2022-11-14T15:19:43","guid":{"rendered":"https:\/\/www.valaz.es\/?post_type=product&#038;p=863"},"modified":"2026-02-09T15:23:08","modified_gmt":"2026-02-09T14:23:08","slug":"grifo-de-lavabo-empotrado-redondo-bimando-dorado-cepillado-con-cano-de-21cm-serie-nalon","status":"publish","type":"product","link":"https:\/\/www.valaz.es\/it\/prodotto\/grifo-de-lavabo-empotrado-redondo-bimando-dorado-cepillado-con-cano-de-21cm-serie-nalon\/","title":{"rendered":"Grifo de lavabo empotrado redondo bimando dorado cepillado con ca\u00f1o de 21CM &#8211; Serie Nalon"},"content":{"rendered":"<p class=\"\" data-start=\"96\" data-end=\"495\">Este elegante grifo empotrado de la Serie Nalon es una opci\u00f3n ideal para quienes buscan un dise\u00f1o sofisticado con un acabado dorado cepillado. Con un estilo redondo y bimando, ofrece un control preciso de la temperatura y el caudal del agua. Su ca\u00f1o de 21 cm permite un uso c\u00f3modo y funcional, mientras que el acabado dorado cepillado le da un toque de lujo y distinci\u00f3n a tu ba\u00f1o.<\/p>\n<p class=\"\" data-start=\"497\" data-end=\"519\"><strong data-start=\"497\" data-end=\"517\">Especificaciones<\/strong><\/p>\n<ul data-start=\"520\" data-end=\"1075\">\n<li class=\"\" data-start=\"520\" data-end=\"570\">\n<p class=\"\" data-start=\"522\" data-end=\"570\"><strong data-start=\"522\" data-end=\"540\">Tipo de grifo:<\/strong> Empotrado, redondo, bimando<\/p>\n<\/li>\n<li class=\"\" data-start=\"571\" data-end=\"668\">\n<p class=\"\" data-start=\"573\" data-end=\"668\"><strong data-start=\"573\" data-end=\"585\">Acabado:<\/strong> Dorado cepillado, resistente y con un brillo elegante que a\u00f1ade un toque de lujo<\/p>\n<\/li>\n<li class=\"\" data-start=\"669\" data-end=\"756\">\n<p class=\"\" data-start=\"671\" data-end=\"756\"><strong data-start=\"671\" data-end=\"680\">Ca\u00f1o:<\/strong> 21 cm de largo, perfecto para ofrecer un flujo de agua c\u00f3modo y accesible<\/p>\n<\/li>\n<li class=\"\" data-start=\"757\" data-end=\"876\">\n<p class=\"\" data-start=\"759\" data-end=\"876\"><strong data-start=\"759\" data-end=\"772\">Material:<\/strong> Grifer\u00eda de lat\u00f3n de alta calidad, ideal para garantizar durabilidad y resistencia al paso del tiempo<\/p>\n<\/li>\n<li class=\"\" data-start=\"877\" data-end=\"973\">\n<p class=\"\" data-start=\"879\" data-end=\"973\"><strong data-start=\"879\" data-end=\"892\">Cartucho:<\/strong> De alta calidad para un control preciso de la temperatura y el caudal del agua<\/p>\n<\/li>\n<li class=\"\" data-start=\"974\" data-end=\"1075\">\n<p class=\"\" data-start=\"976\" data-end=\"1075\"><strong data-start=\"976\" data-end=\"992\">Instalaci\u00f3n:<\/strong> Empotrado, ideal para ahorrar espacio y mantener una est\u00e9tica limpia y minimalista<\/p>\n<\/li>\n<\/ul>\n","protected":false},"excerpt":{"rendered":"<p>Serie Nal\u00f3n destaca por los dos mandos, uno para lado del grifo ( agua fr\u00eda y agua caliente) para obtener la temperatura ideal y el caudal adecuado. Con acabados en cromado, dorado cepillado y negro mate y rosa. Disponemos de Grifo de lavabo empotrado y ducha empotrada<\/p>\n<p>La garant\u00eda de todos nuestros productos es de 3 a\u00f1os, para funcionamiento, duraci\u00f3n del esmaltado y anticorrosi\u00f3n.<\/p>\n<p>Recomendamos para un correcto mantenimiento de la grifer\u00eda y evitar el deterioro por el uso. Secar las gotas de agua con un pa\u00f1o suave despu\u00e9s del uso, evitando que se posen en la superficie y deterioran el acabado, no utilizar esponjas que puedan rayar la grifer\u00eda, utilizar limpiadores como vinagre limpieza, agua caliente y jab\u00f3n con ph neutro.<\/p>\n<p>&nbsp;<\/p>\n<p><strong>Nuestro departamento\u00a0t\u00e9cnico\u00a0dispone de\u00a0gu\u00edas\u00a0de todos los\u00a0modelos\u00a0empotrados\u00a0que vendemos<\/strong><strong>,\u00a0si tiene alguna duda con la\u00a0instalaci\u00f3n\u00a0contacte con nosotros mediante\u00a0tel\u00e9fono,\u00a0WhatsApp\u00a0o email dentro del horario laboral indicado en la web.<\/strong><\/p>\n<p><strong>Recuerden que una vez instalado el cuerpo\u00a0empotrado\u00a0de la\u00a0grifer\u00eda\u00a0revisar de su correcto funcionamiento de paso de agua, comprobaci\u00f3n de cartuchos y corte de agua, si detecta alguna\u00a0anomal\u00eda\u00a0informe a nuestro\u00a0departamento\u00a0para darle una\u00a0soluci\u00f3n, no\u00a0contin\u00fae\u00a0con la\u00a0instalaci\u00f3n\u00a0de cerramiento de la pared.<\/strong><\/p>\n","protected":false},"featured_media":10180,"template":"","meta":[],"product_brand":[],"product_cat":[48,58],"product_tag":[],"serie":[69],"manual-de-instalacion":[],"color":[34],"class_list":{"0":"post-863","1":"product","2":"type-product","3":"status-publish","4":"has-post-thumbnail","6":"product_cat-grifos-de-lavabo","7":"product_cat-grifos-de-lavabo-empotrados","8":"serie-nalon","9":"color-dorado-cepillado","11":"first","12":"instock","13":"taxable","14":"shipping-taxable","15":"product-type-simple"},"_links":{"self":[{"href":"https:\/\/www.valaz.es\/it\/wp-json\/wp\/v2\/product\/863","targetHints":{"allow":["GET"]}}],"collection":[{"href":"https:\/\/www.valaz.es\/it\/wp-json\/wp\/v2\/product"}],"about":[{"href":"https:\/\/www.valaz.es\/it\/wp-json\/wp\/v2\/types\/product"}],"wp:featuredmedia":[{"embeddable":true,"href":"https:\/\/www.valaz.es\/it\/wp-json\/wp\/v2\/media\/10180"}],"wp:attachment":[{"href":"https:\/\/www.valaz.es\/it\/wp-json\/wp\/v2\/media?parent=863"}],"wp:term":[{"taxonomy":"product_brand","embeddable":true,"href":"https:\/\/www.valaz.es\/it\/wp-json\/wp\/v2\/product_brand?post=863"},{"taxonomy":"product_cat","embeddable":true,"href":"https:\/\/www.valaz.es\/it\/wp-json\/wp\/v2\/product_cat?post=863"},{"taxonomy":"product_tag","embeddable":true,"href":"https:\/\/www.valaz.es\/it\/wp-json\/wp\/v2\/product_tag?post=863"},{"taxonomy":"serie","embeddable":true,"href":"https:\/\/www.valaz.es\/it\/wp-json\/wp\/v2\/serie?post=863"},{"taxonomy":"manual-de-instalacion","embeddable":true,"href":"https:\/\/www.valaz.es\/it\/wp-json\/wp\/v2\/manual-de-instalacion?post=863"},{"taxonomy":"color","embeddable":true,"href":"https:\/\/www.valaz.es\/it\/wp-json\/wp\/v2\/color?post=863"}],"curies":[{"name":"wp","href":"https:\/\/api.w.org\/{rel}","templated":true}]}}