{"id":857,"date":"2022-11-14T16:07:52","date_gmt":"2022-11-14T15:07:52","guid":{"rendered":"https:\/\/www.valaz.es\/?post_type=product&#038;p=857"},"modified":"2025-06-27T13:42:06","modified_gmt":"2025-06-27T11:42:06","slug":"ducha-empotrada-bimando-redonda-de-1-salida-via-negro-mate-serie-nalon","status":"publish","type":"product","link":"https:\/\/www.valaz.es\/it\/prodotto\/ducha-empotrada-bimando-redonda-de-1-salida-via-negro-mate-serie-nalon\/","title":{"rendered":"Ducha empotrada bimando redonda de 1 salida\/v\u00eda negro mate &#8211; Serie Nalon"},"content":{"rendered":"<div class=\"pb-left-column col-xs-12 col-sm-4 col-md-5\">\n<p class=\"\" data-start=\"78\" data-end=\"506\">La ducha empotrada bimando de la Serie Nalon en acabado negro mate combina est\u00e9tica moderna y funcionalidad. Su dise\u00f1o con 1 salida\/v\u00eda y rociador de efecto lluvia ofrece una experiencia de ducha agradable y relajante. El sistema bimando permite ajustar la temperatura del agua con precisi\u00f3n, proporcionando control total sobre la ducha. El acabado negro mate le da un toque elegante y contempor\u00e1neo a tu ba\u00f1o.<\/p>\n<p class=\"\" data-start=\"508\" data-end=\"530\"><strong data-start=\"508\" data-end=\"528\">Especificaciones<\/strong><\/p>\n<ul data-start=\"531\" data-end=\"970\">\n<li class=\"\" data-start=\"531\" data-end=\"597\">\n<p class=\"\" data-start=\"533\" data-end=\"597\"><strong data-start=\"533\" data-end=\"551\">Tipo de ducha:<\/strong> Empotrada, redonda, bimando de 1 salida\/v\u00eda<\/p>\n<\/li>\n<li class=\"\" data-start=\"598\" data-end=\"645\">\n<p class=\"\" data-start=\"600\" data-end=\"645\"><strong data-start=\"600\" data-end=\"612\">Acabado:<\/strong> Negro mate, moderno y elegante<\/p>\n<\/li>\n<li class=\"\" data-start=\"646\" data-end=\"730\">\n<p class=\"\" data-start=\"648\" data-end=\"730\"><strong data-start=\"648\" data-end=\"661\">Rociador:<\/strong> Disponible en tama\u00f1os de 20 cm, 25 cm y 30 cm, con soporte a pared<\/p>\n<\/li>\n<li class=\"\" data-start=\"731\" data-end=\"828\">\n<p class=\"\" data-start=\"733\" data-end=\"750\"><strong data-start=\"733\" data-end=\"748\">Materiales:<\/strong><\/p>\n<ul data-start=\"753\" data-end=\"828\">\n<li class=\"\" data-start=\"753\" data-end=\"787\">\n<p class=\"\" data-start=\"755\" data-end=\"787\"><strong data-start=\"755\" data-end=\"768\">Rociador:<\/strong> Acero inoxidable<\/p>\n<\/li>\n<li class=\"\" data-start=\"790\" data-end=\"828\">\n<p class=\"\" data-start=\"792\" data-end=\"828\"><strong data-start=\"792\" data-end=\"804\">Bimando:<\/strong> Lat\u00f3n de alta calidad<\/p>\n<\/li>\n<\/ul>\n<\/li>\n<li class=\"\" data-start=\"829\" data-end=\"900\">\n<p class=\"\" data-start=\"831\" data-end=\"900\"><strong data-start=\"831\" data-end=\"845\">Funciones:<\/strong> Efecto lluvia del rociador para una ducha envolvente<\/p>\n<\/li>\n<li class=\"\" data-start=\"901\" data-end=\"970\">\n<p class=\"\" data-start=\"903\" data-end=\"970\"><strong data-start=\"903\" data-end=\"919\">Instalaci\u00f3n:<\/strong> Empotrada, ideal para ba\u00f1os con dise\u00f1o minimalista<\/p>\n<\/li>\n<\/ul>\n<\/div>\n","protected":false},"excerpt":{"rendered":"<p>Serie Nal\u00f3n destaca por los dos mandos, uno para lado del grifo ( agua fr\u00eda y agua caliente) para obtener la temperatura ideal y el caudal adecuado. Con acabados en cromado, dorado cepillado y negro mate y rosa. Disponemos de Grifo de lavabo empotrado y ducha empotrada<\/p>\n<p>La garant\u00eda de todos nuestros productos es de 3 a\u00f1os, para funcionamiento, duraci\u00f3n del esmaltado y anticorrosi\u00f3n.<\/p>\n<p>Recomendamos para un correcto mantenimiento de la grifer\u00eda y evitar el deterioro por el uso. Secar las gotas de agua con un pa\u00f1o suave despu\u00e9s del uso, evitando que se posen en la superficie y deterioran el acabado, no utilizar esponjas que puedan rayar la grifer\u00eda, utilizar limpiadores como vinagre limpieza, agua caliente y jab\u00f3n con ph neutro.<\/p>\n<p>&nbsp;<\/p>\n<p><strong>Nuestro departamento\u00a0t\u00e9cnico\u00a0dispone de\u00a0gu\u00edas\u00a0de todos los\u00a0modelos\u00a0empotrados\u00a0que vendemos<\/strong><strong>,\u00a0si tiene alguna duda con la\u00a0instalaci\u00f3n\u00a0contacte con nosotros mediante\u00a0tel\u00e9fono,\u00a0WhatsApp\u00a0o email dentro del horario laboral indicado en la web.<\/strong><\/p>\n<p><strong>Recuerden que una vez instalado el cuerpo\u00a0empotrado\u00a0de la\u00a0grifer\u00eda\u00a0revisar de su correcto funcionamiento de paso de agua, comprobaci\u00f3n de cartuchos y corte de agua, si detecta alguna\u00a0anomal\u00eda\u00a0informe a nuestro\u00a0departamento\u00a0para darle una\u00a0soluci\u00f3n, no\u00a0contin\u00fae\u00a0con la\u00a0instalaci\u00f3n\u00a0de cerramiento de la pared.<\/strong><\/p>\n","protected":false},"featured_media":13190,"template":"","meta":[],"product_brand":[],"product_cat":[57,47],"product_tag":[],"serie":[69],"manual-de-instalacion":[87],"color":[27],"class_list":{"0":"post-857","1":"product","2":"type-product","3":"status-publish","4":"has-post-thumbnail","6":"product_cat-duchas-empotradas","7":"product_cat-duchas","8":"pa_tamano-rociador-20cm","9":"pa_tamano-rociador-25cm","10":"pa_tamano-rociador-30cm","11":"serie-nalon","12":"manual-de-instalacion-guia-instalacion-ducha-bimando","13":"color-negro-mate","15":"first","16":"instock","17":"taxable","18":"shipping-taxable","19":"product-type-variable"},"_links":{"self":[{"href":"https:\/\/www.valaz.es\/it\/wp-json\/wp\/v2\/product\/857","targetHints":{"allow":["GET"]}}],"collection":[{"href":"https:\/\/www.valaz.es\/it\/wp-json\/wp\/v2\/product"}],"about":[{"href":"https:\/\/www.valaz.es\/it\/wp-json\/wp\/v2\/types\/product"}],"wp:featuredmedia":[{"embeddable":true,"href":"https:\/\/www.valaz.es\/it\/wp-json\/wp\/v2\/media\/13190"}],"wp:attachment":[{"href":"https:\/\/www.valaz.es\/it\/wp-json\/wp\/v2\/media?parent=857"}],"wp:term":[{"taxonomy":"product_brand","embeddable":true,"href":"https:\/\/www.valaz.es\/it\/wp-json\/wp\/v2\/product_brand?post=857"},{"taxonomy":"product_cat","embeddable":true,"href":"https:\/\/www.valaz.es\/it\/wp-json\/wp\/v2\/product_cat?post=857"},{"taxonomy":"product_tag","embeddable":true,"href":"https:\/\/www.valaz.es\/it\/wp-json\/wp\/v2\/product_tag?post=857"},{"taxonomy":"serie","embeddable":true,"href":"https:\/\/www.valaz.es\/it\/wp-json\/wp\/v2\/serie?post=857"},{"taxonomy":"manual-de-instalacion","embeddable":true,"href":"https:\/\/www.valaz.es\/it\/wp-json\/wp\/v2\/manual-de-instalacion?post=857"},{"taxonomy":"color","embeddable":true,"href":"https:\/\/www.valaz.es\/it\/wp-json\/wp\/v2\/color?post=857"}],"curies":[{"name":"wp","href":"https:\/\/api.w.org\/{rel}","templated":true}]}}