{"id":854,"date":"2022-11-14T16:01:53","date_gmt":"2022-11-14T15:01:53","guid":{"rendered":"https:\/\/www.valaz.es\/?post_type=product&#038;p=854"},"modified":"2025-06-27T13:46:06","modified_gmt":"2025-06-27T11:46:06","slug":"ducha-empotrada-bimando-redonda-de-1-salida-via-cromado-serie-nalon","status":"publish","type":"product","link":"https:\/\/www.valaz.es\/it\/prodotto\/ducha-empotrada-bimando-redonda-de-1-salida-via-cromado-serie-nalon\/","title":{"rendered":"Ducha empotrada bimando redonda de 1 salida\/v\u00eda cromado &#8211; Serie Nalon"},"content":{"rendered":"<p class=\"\" data-start=\"75\" data-end=\"485\">La ducha empotrada bimando redonda de la Serie Nalon en acabado cromado ofrece una opci\u00f3n moderna y funcional para tu ba\u00f1o. Con un dise\u00f1o de 1 salida\/v\u00eda y rociador de efecto lluvia, proporciona una experiencia de ducha placentera y relajante. El sistema bimando te permite ajustar la temperatura con precisi\u00f3n, mientras que su acabado cromado aporta un toque brillante y elegante al entorno.<\/p>\n<p class=\"\" data-start=\"487\" data-end=\"509\"><strong data-start=\"487\" data-end=\"507\">Especificaciones<\/strong><\/p>\n<ul data-start=\"510\" data-end=\"965\">\n<li class=\"\" data-start=\"510\" data-end=\"576\">\n<p class=\"\" data-start=\"512\" data-end=\"576\"><strong data-start=\"512\" data-end=\"530\">Tipo de ducha:<\/strong> Empotrada, redonda, bimando de 1 salida\/v\u00eda<\/p>\n<\/li>\n<li class=\"\" data-start=\"577\" data-end=\"623\">\n<p class=\"\" data-start=\"579\" data-end=\"623\"><strong data-start=\"579\" data-end=\"591\">Acabado:<\/strong> Cromado, brillante y duradero<\/p>\n<\/li>\n<li class=\"\" data-start=\"624\" data-end=\"708\">\n<p class=\"\" data-start=\"626\" data-end=\"708\"><strong data-start=\"626\" data-end=\"639\">Rociador:<\/strong> Disponible en tama\u00f1os de 20 cm, 25 cm y 30 cm, con soporte a pared<\/p>\n<\/li>\n<li class=\"\" data-start=\"709\" data-end=\"806\">\n<p class=\"\" data-start=\"711\" data-end=\"728\"><strong data-start=\"711\" data-end=\"726\">Materiales:<\/strong><\/p>\n<ul data-start=\"731\" data-end=\"806\">\n<li class=\"\" data-start=\"731\" data-end=\"765\">\n<p class=\"\" data-start=\"733\" data-end=\"765\"><strong data-start=\"733\" data-end=\"746\">Rociador:<\/strong> Acero inoxidable<\/p>\n<\/li>\n<li class=\"\" data-start=\"768\" data-end=\"806\">\n<p class=\"\" data-start=\"770\" data-end=\"806\"><strong data-start=\"770\" data-end=\"782\">Bimando:<\/strong> Lat\u00f3n de alta calidad<\/p>\n<\/li>\n<\/ul>\n<\/li>\n<li class=\"\" data-start=\"807\" data-end=\"878\">\n<p class=\"\" data-start=\"809\" data-end=\"878\"><strong data-start=\"809\" data-end=\"823\">Funciones:<\/strong> Efecto lluvia del rociador para una ducha envolvente<\/p>\n<\/li>\n<li class=\"\" data-start=\"879\" data-end=\"965\">\n<p class=\"\" data-start=\"881\" data-end=\"965\"><strong data-start=\"881\" data-end=\"897\">Instalaci\u00f3n:<\/strong> Empotrada, perfecta para un dise\u00f1o de ba\u00f1o minimalista y elegante<\/p>\n<\/li>\n<\/ul>\n","protected":false},"excerpt":{"rendered":"<p>Serie Nal\u00f3n destaca por los dos mandos, uno para lado del grifo ( agua fr\u00eda y agua caliente) para obtener la temperatura ideal y el caudal adecuado. Con acabados en cromado, dorado cepillado y negro mate y rosa. Disponemos de Grifo de lavabo empotrado y ducha empotrada<\/p>\n<p>La garant\u00eda de todos nuestros productos es de 3 a\u00f1os, para funcionamiento, duraci\u00f3n del esmaltado y anticorrosi\u00f3n.<\/p>\n<p>Recomendamos para un correcto mantenimiento de la grifer\u00eda y evitar el deterioro por el uso. Secar las gotas de agua con un pa\u00f1o suave despu\u00e9s del uso, evitando que se posen en la superficie y deterioran el acabado, no utilizar esponjas que puedan rayar la grifer\u00eda, utilizar limpiadores como vinagre limpieza, agua caliente y jab\u00f3n con ph neutro.<\/p>\n<p>&nbsp;<\/p>\n<p><strong>Nuestro departamento\u00a0t\u00e9cnico\u00a0dispone de\u00a0gu\u00edas\u00a0de todos los\u00a0modelos\u00a0empotrados\u00a0que vendemos<\/strong><strong>,\u00a0si tiene alguna duda con la\u00a0instalaci\u00f3n\u00a0contacte con nosotros mediante\u00a0tel\u00e9fono,\u00a0WhatsApp\u00a0o email dentro del horario laboral indicado en la web.<\/strong><\/p>\n<p><strong>Recuerden que una vez instalado el cuerpo\u00a0empotrado\u00a0de la\u00a0grifer\u00eda\u00a0revisar de su correcto funcionamiento de paso de agua, comprobaci\u00f3n de cartuchos y corte de agua, si detecta alguna\u00a0anomal\u00eda\u00a0informe a nuestro\u00a0departamento\u00a0para darle una\u00a0soluci\u00f3n, no\u00a0contin\u00fae\u00a0con la\u00a0instalaci\u00f3n\u00a0de cerramiento de la pared.<\/strong><\/p>\n","protected":false},"featured_media":13186,"template":"","meta":[],"product_brand":[],"product_cat":[57,47],"product_tag":[],"serie":[69],"manual-de-instalacion":[87],"color":[26],"class_list":{"0":"post-854","1":"product","2":"type-product","3":"status-publish","4":"has-post-thumbnail","6":"product_cat-duchas-empotradas","7":"product_cat-duchas","8":"pa_tamano-rociador-20cm","9":"pa_tamano-rociador-25cm","10":"pa_tamano-rociador-30cm","11":"serie-nalon","12":"manual-de-instalacion-guia-instalacion-ducha-bimando","13":"color-cromo","15":"first","16":"instock","17":"taxable","18":"shipping-taxable","19":"product-type-variable"},"_links":{"self":[{"href":"https:\/\/www.valaz.es\/it\/wp-json\/wp\/v2\/product\/854","targetHints":{"allow":["GET"]}}],"collection":[{"href":"https:\/\/www.valaz.es\/it\/wp-json\/wp\/v2\/product"}],"about":[{"href":"https:\/\/www.valaz.es\/it\/wp-json\/wp\/v2\/types\/product"}],"wp:featuredmedia":[{"embeddable":true,"href":"https:\/\/www.valaz.es\/it\/wp-json\/wp\/v2\/media\/13186"}],"wp:attachment":[{"href":"https:\/\/www.valaz.es\/it\/wp-json\/wp\/v2\/media?parent=854"}],"wp:term":[{"taxonomy":"product_brand","embeddable":true,"href":"https:\/\/www.valaz.es\/it\/wp-json\/wp\/v2\/product_brand?post=854"},{"taxonomy":"product_cat","embeddable":true,"href":"https:\/\/www.valaz.es\/it\/wp-json\/wp\/v2\/product_cat?post=854"},{"taxonomy":"product_tag","embeddable":true,"href":"https:\/\/www.valaz.es\/it\/wp-json\/wp\/v2\/product_tag?post=854"},{"taxonomy":"serie","embeddable":true,"href":"https:\/\/www.valaz.es\/it\/wp-json\/wp\/v2\/serie?post=854"},{"taxonomy":"manual-de-instalacion","embeddable":true,"href":"https:\/\/www.valaz.es\/it\/wp-json\/wp\/v2\/manual-de-instalacion?post=854"},{"taxonomy":"color","embeddable":true,"href":"https:\/\/www.valaz.es\/it\/wp-json\/wp\/v2\/color?post=854"}],"curies":[{"name":"wp","href":"https:\/\/api.w.org\/{rel}","templated":true}]}}