{"id":844,"date":"2022-11-14T15:37:22","date_gmt":"2022-11-14T14:37:22","guid":{"rendered":"https:\/\/www.valaz.es\/?post_type=product&#038;p=844"},"modified":"2026-02-11T00:23:29","modified_gmt":"2026-02-10T23:23:29","slug":"grifo-de-lavabo-empotrado-cuadrado-con-cano-curvo-de-21cm-cromado-serie-niagara","status":"publish","type":"product","link":"https:\/\/www.valaz.es\/it\/prodotto\/grifo-de-lavabo-empotrado-cuadrado-con-cano-curvo-de-21cm-cromado-serie-niagara\/","title":{"rendered":"Grifo de lavabo empotrado cuadrado con ca\u00f1o curvo de 21CM cromado &#8211; Serie Niagara"},"content":{"rendered":"<p class=\"\" data-start=\"87\" data-end=\"468\">Este grifo de lavabo empotrado de la Serie Niagara presenta un dise\u00f1o cuadrado con un elegante ca\u00f1o curvo, complementado por un acabado cromado brillante que aporta una sensaci\u00f3n de lujo y sofisticaci\u00f3n a tu ba\u00f1o. Con un ca\u00f1o de 21 cm, proporciona un flujo de agua c\u00f3modo y eficiente, ideal para facilitar el uso diario del lavabo y destacar en cualquier espacio.<\/p>\n<p class=\"\" data-start=\"470\" data-end=\"492\"><strong data-start=\"470\" data-end=\"490\">Especificaciones<\/strong><\/p>\n<ul data-start=\"493\" data-end=\"855\">\n<li class=\"\" data-start=\"493\" data-end=\"551\">\n<p class=\"\" data-start=\"495\" data-end=\"551\"><strong data-start=\"495\" data-end=\"513\">Tipo de grifo:<\/strong> Empotrado, cuadrado, con ca\u00f1o curvo<\/p>\n<\/li>\n<li class=\"\" data-start=\"552\" data-end=\"583\">\n<p class=\"\" data-start=\"554\" data-end=\"583\"><strong data-start=\"554\" data-end=\"563\">Ca\u00f1o:<\/strong> 21 cm de longitud<\/p>\n<\/li>\n<li class=\"\" data-start=\"584\" data-end=\"618\">\n<p class=\"\" data-start=\"586\" data-end=\"618\"><strong data-start=\"586\" data-end=\"598\">Acabado:<\/strong> Cromado brillante<\/p>\n<\/li>\n<li class=\"\" data-start=\"619\" data-end=\"716\">\n<p class=\"\" data-start=\"621\" data-end=\"638\"><strong data-start=\"621\" data-end=\"636\">Materiales:<\/strong><\/p>\n<ul data-start=\"641\" data-end=\"716\">\n<li class=\"\" data-start=\"641\" data-end=\"678\">\n<p class=\"\" data-start=\"643\" data-end=\"678\"><strong data-start=\"643\" data-end=\"654\">Cuerpo:<\/strong> Lat\u00f3n de alta calidad<\/p>\n<\/li>\n<li class=\"\" data-start=\"681\" data-end=\"716\">\n<p class=\"\" data-start=\"683\" data-end=\"716\"><strong data-start=\"683\" data-end=\"696\">Cartucho:<\/strong> Cer\u00e1mico de 35 mm<\/p>\n<\/li>\n<\/ul>\n<\/li>\n<li class=\"\" data-start=\"717\" data-end=\"781\">\n<p class=\"\" data-start=\"719\" data-end=\"781\"><strong data-start=\"719\" data-end=\"735\">Instalaci\u00f3n:<\/strong> Empotrado, para un dise\u00f1o limpio y elegante<\/p>\n<\/li>\n<li class=\"\" data-start=\"782\" data-end=\"855\">\n<p class=\"\" data-start=\"784\" data-end=\"855\"><strong data-start=\"784\" data-end=\"795\">Dise\u00f1o:<\/strong> Cuadrado con ca\u00f1o curvo, perfecto para ambientes modernos<\/p>\n<\/li>\n<\/ul>\n","protected":false},"excerpt":{"rendered":"<p>Serie Niagara destaca por sus l\u00edneas cuadradas, es diferente ya que tiene un rociador con dos funciones cascada y lluvia, actualmente disponemos de dos acabados negro mate y cromado.\u00a0 Con ducha empotrada pared y grifo lavabo, la diferencia por caudal en forma de cascada.<\/p>\n<p>La garant\u00eda de todos nuestros productos es de 3 a\u00f1os, para funcionamiento, duraci\u00f3n del esmaltado y anticorrosi\u00f3n.<\/p>\n<p>Recomendamos para un correcto mantenimiento de la grifer\u00eda y evitar el deterioro por el uso. Secar las gotas de agua con un pa\u00f1o suave despu\u00e9s del uso, evitando que se posen en la superficie y deterioran el acabado, no utilizar esponjas que puedan rayar la grifer\u00eda, utilizar limpiadores como vinagre limpieza, agua caliente y jab\u00f3n con ph neutro.<\/p>\n<p>&nbsp;<\/p>\n<p><strong>Nuestro departamento\u00a0t\u00e9cnico\u00a0dispone de\u00a0gu\u00edas\u00a0de todos los\u00a0modelos\u00a0empotrados\u00a0que vendemos<\/strong><strong>,\u00a0si tiene alguna duda con la\u00a0instalaci\u00f3n\u00a0contacte con nosotros mediante\u00a0tel\u00e9fono,\u00a0WhatsApp\u00a0o email dentro del horario laboral indicado en la web.<\/strong><\/p>\n<p><strong>Recuerden que una vez instalado el cuerpo\u00a0empotrado\u00a0de la\u00a0grifer\u00eda\u00a0revisar de su correcto funcionamiento de paso de agua, comprobaci\u00f3n de cartuchos y corte de agua, si detecta alguna\u00a0anomal\u00eda\u00a0informe a nuestro\u00a0departamento\u00a0para darle una\u00a0soluci\u00f3n, no\u00a0contin\u00fae\u00a0con la\u00a0instalaci\u00f3n\u00a0de cerramiento de la pared.<\/strong><\/p>\n","protected":false},"featured_media":1031,"template":"","meta":[],"product_brand":[],"product_cat":[48,58],"product_tag":[],"serie":[68],"manual-de-instalacion":[80],"color":[26],"class_list":{"0":"post-844","1":"product","2":"type-product","3":"status-publish","4":"has-post-thumbnail","6":"product_cat-grifos-de-lavabo","7":"product_cat-grifos-de-lavabo-empotrados","8":"serie-niagara","9":"manual-de-instalacion-guia-instalacion-grifo-lavabo-empotrado-con-caja","10":"color-cromo","12":"first","13":"instock","14":"taxable","15":"shipping-taxable","16":"product-type-simple"},"_links":{"self":[{"href":"https:\/\/www.valaz.es\/it\/wp-json\/wp\/v2\/product\/844","targetHints":{"allow":["GET"]}}],"collection":[{"href":"https:\/\/www.valaz.es\/it\/wp-json\/wp\/v2\/product"}],"about":[{"href":"https:\/\/www.valaz.es\/it\/wp-json\/wp\/v2\/types\/product"}],"wp:featuredmedia":[{"embeddable":true,"href":"https:\/\/www.valaz.es\/it\/wp-json\/wp\/v2\/media\/1031"}],"wp:attachment":[{"href":"https:\/\/www.valaz.es\/it\/wp-json\/wp\/v2\/media?parent=844"}],"wp:term":[{"taxonomy":"product_brand","embeddable":true,"href":"https:\/\/www.valaz.es\/it\/wp-json\/wp\/v2\/product_brand?post=844"},{"taxonomy":"product_cat","embeddable":true,"href":"https:\/\/www.valaz.es\/it\/wp-json\/wp\/v2\/product_cat?post=844"},{"taxonomy":"product_tag","embeddable":true,"href":"https:\/\/www.valaz.es\/it\/wp-json\/wp\/v2\/product_tag?post=844"},{"taxonomy":"serie","embeddable":true,"href":"https:\/\/www.valaz.es\/it\/wp-json\/wp\/v2\/serie?post=844"},{"taxonomy":"manual-de-instalacion","embeddable":true,"href":"https:\/\/www.valaz.es\/it\/wp-json\/wp\/v2\/manual-de-instalacion?post=844"},{"taxonomy":"color","embeddable":true,"href":"https:\/\/www.valaz.es\/it\/wp-json\/wp\/v2\/color?post=844"}],"curies":[{"name":"wp","href":"https:\/\/api.w.org\/{rel}","templated":true}]}}