{"id":841,"date":"2022-11-14T15:30:45","date_gmt":"2022-11-14T14:30:45","guid":{"rendered":"https:\/\/www.valaz.es\/?post_type=product&#038;p=841"},"modified":"2025-06-27T13:47:05","modified_gmt":"2025-06-27T11:47:05","slug":"ducha-empotrada-monomando-cuadrada-cascada-y-lluvia-negro-mate-serie-niagara","status":"publish","type":"product","link":"https:\/\/www.valaz.es\/it\/prodotto\/ducha-empotrada-monomando-cuadrada-cascada-y-lluvia-negro-mate-serie-niagara\/","title":{"rendered":"Ducha empotrada monomando cuadrada cascada y lluvia negro mate &#8211; Serie Niagara"},"content":{"rendered":"<p class=\"\" data-start=\"84\" data-end=\"556\">La ducha empotrada monomando de la Serie Niagara combina un dise\u00f1o cuadrado moderno con las funciones de cascada y lluvia para una experiencia de ducha \u00fanica. Su acabado en negro mate aporta elegancia y sofisticaci\u00f3n, mientras que la funcionalidad de sus tres v\u00edas ofrece diferentes opciones de salida de agua para adaptarse a tus preferencias. Perfecta para un ba\u00f1o de lujo, esta ducha es ideal para quienes buscan una experiencia de bienestar completa.<\/p>\n<p class=\"\" data-start=\"558\" data-end=\"580\"><strong data-start=\"558\" data-end=\"578\">Especificaciones<\/strong><\/p>\n<ul data-start=\"581\" data-end=\"1258\">\n<li class=\"\" data-start=\"581\" data-end=\"629\">\n<p class=\"\" data-start=\"583\" data-end=\"629\"><strong data-start=\"583\" data-end=\"601\">Tipo de grifo:<\/strong> Ducha empotrada monomando<\/p>\n<\/li>\n<li class=\"\" data-start=\"630\" data-end=\"705\">\n<p class=\"\" data-start=\"632\" data-end=\"705\"><strong data-start=\"632\" data-end=\"651\">Salida de agua:<\/strong> 3 v\u00edas (efecto lluvia, cascada y alcachofa de mano)<\/p>\n<\/li>\n<li class=\"\" data-start=\"706\" data-end=\"733\">\n<p class=\"\" data-start=\"708\" data-end=\"733\"><strong data-start=\"708\" data-end=\"720\">Acabado:<\/strong> Negro mate<\/p>\n<\/li>\n<li class=\"\" data-start=\"734\" data-end=\"900\">\n<p class=\"\" data-start=\"736\" data-end=\"753\"><strong data-start=\"736\" data-end=\"751\">Materiales:<\/strong><\/p>\n<ul data-start=\"756\" data-end=\"900\">\n<li class=\"\" data-start=\"756\" data-end=\"792\">\n<p class=\"\" data-start=\"758\" data-end=\"792\"><strong data-start=\"758\" data-end=\"784\">Cuerpo de la grifer\u00eda:<\/strong> Lat\u00f3n<\/p>\n<\/li>\n<li class=\"\" data-start=\"795\" data-end=\"867\">\n<p class=\"\" data-start=\"797\" data-end=\"867\"><strong data-start=\"797\" data-end=\"848\">Rociador: <\/strong>Acero inoxidable<\/p>\n<\/li>\n<li class=\"\" data-start=\"795\" data-end=\"867\">\n<p class=\"\" data-start=\"797\" data-end=\"867\"><strong data-start=\"797\" data-end=\"848\">Flexo:<\/strong> PVC<\/p>\n<\/li>\n<li class=\"\" data-start=\"870\" data-end=\"900\">\n<p class=\"\" data-start=\"872\" data-end=\"900\"><strong data-start=\"872\" data-end=\"894\">Alcachofa de mano:<\/strong> Lat\u00f3n<\/p>\n<\/li>\n<\/ul>\n<\/li>\n<li class=\"\" data-start=\"901\" data-end=\"1113\">\n<p class=\"\" data-start=\"903\" data-end=\"917\"><strong data-start=\"903\" data-end=\"915\">Incluye:<\/strong><\/p>\n<ul data-start=\"920\" data-end=\"1113\">\n<li class=\"\" data-start=\"920\" data-end=\"950\">\n<p class=\"\" data-start=\"922\" data-end=\"950\">Caja box empotrado monomando 3 v\u00edas<\/p>\n<\/li>\n<li class=\"\" data-start=\"953\" data-end=\"973\">\n<p class=\"\" data-start=\"955\" data-end=\"973\">Soporte rociador<\/p>\n<\/li>\n<li class=\"\" data-start=\"976\" data-end=\"1017\">\n<p class=\"\" data-start=\"978\" data-end=\"1017\">Rociador especial de cascada y lluvia<\/p>\n<\/li>\n<li class=\"\" data-start=\"1020\" data-end=\"1067\">\n<p class=\"\" data-start=\"1022\" data-end=\"1067\">Salida de agua\/soporte de alcachofa de mano<\/p>\n<\/li>\n<li class=\"\" data-start=\"1070\" data-end=\"1089\">\n<p class=\"\" data-start=\"1072\" data-end=\"1089\">Flexo de 150 cm<\/p>\n<\/li>\n<li class=\"\" data-start=\"1092\" data-end=\"1113\">\n<p class=\"\" data-start=\"1094\" data-end=\"1113\">Alcachofa de mano<\/p>\n<\/li>\n<\/ul>\n<\/li>\n<\/ul>\n","protected":false},"excerpt":{"rendered":"<p>Serie Niagara destaca por sus l\u00edneas cuadradas, es diferente ya que tiene un rociador con dos funciones cascada y lluvia, actualmente disponemos de dos acabados negro mate y cromado.\u00a0 Con ducha empotrada pared y grifo lavabo, la diferencia por caudal en forma de cascada.<\/p>\n<p>La garant\u00eda de todos nuestros productos es de 3 a\u00f1os, para funcionamiento, duraci\u00f3n del esmaltado y anticorrosi\u00f3n.<\/p>\n<p>Recomendamos para un correcto mantenimiento de la grifer\u00eda y evitar el deterioro por el uso. Secar las gotas de agua con un pa\u00f1o suave despu\u00e9s del uso, evitando que se posen en la superficie y deterioran el acabado, no utilizar esponjas que puedan rayar la grifer\u00eda, utilizar limpiadores como vinagre limpieza, agua caliente y jab\u00f3n con ph neutro.<\/p>\n<p>&nbsp;<\/p>\n<p><strong>Nuestro departamento\u00a0t\u00e9cnico\u00a0dispone de\u00a0gu\u00edas\u00a0de todos los\u00a0modelos\u00a0empotrados\u00a0que vendemos<\/strong><strong>,\u00a0si tiene alguna duda con la\u00a0instalaci\u00f3n\u00a0contacte con nosotros mediante\u00a0tel\u00e9fono,\u00a0WhatsApp\u00a0o email dentro del horario laboral indicado en la web.<\/strong><\/p>\n<p><strong>Recuerden que una vez instalado el cuerpo\u00a0empotrado\u00a0de la\u00a0grifer\u00eda\u00a0revisar de su correcto funcionamiento de paso de agua, comprobaci\u00f3n de cartuchos y corte de agua, si detecta alguna\u00a0anomal\u00eda\u00a0informe a nuestro\u00a0departamento\u00a0para darle una\u00a0soluci\u00f3n, no\u00a0contin\u00fae\u00a0con la\u00a0instalaci\u00f3n\u00a0de cerramiento de la pared.<\/strong><\/p>\n","protected":false},"featured_media":846,"template":"","meta":[],"product_brand":[],"product_cat":[57,47],"product_tag":[],"serie":[68],"manual-de-instalacion":[352],"color":[27],"class_list":{"0":"post-841","1":"product","2":"type-product","3":"status-publish","4":"has-post-thumbnail","6":"product_cat-duchas-empotradas","7":"product_cat-duchas","8":"serie-niagara","9":"manual-de-instalacion-guia-instalacion-ducha-empotrada-monomando-cascada","10":"color-negro-mate","12":"first","13":"instock","14":"taxable","15":"shipping-taxable","16":"product-type-simple"},"_links":{"self":[{"href":"https:\/\/www.valaz.es\/it\/wp-json\/wp\/v2\/product\/841","targetHints":{"allow":["GET"]}}],"collection":[{"href":"https:\/\/www.valaz.es\/it\/wp-json\/wp\/v2\/product"}],"about":[{"href":"https:\/\/www.valaz.es\/it\/wp-json\/wp\/v2\/types\/product"}],"wp:featuredmedia":[{"embeddable":true,"href":"https:\/\/www.valaz.es\/it\/wp-json\/wp\/v2\/media\/846"}],"wp:attachment":[{"href":"https:\/\/www.valaz.es\/it\/wp-json\/wp\/v2\/media?parent=841"}],"wp:term":[{"taxonomy":"product_brand","embeddable":true,"href":"https:\/\/www.valaz.es\/it\/wp-json\/wp\/v2\/product_brand?post=841"},{"taxonomy":"product_cat","embeddable":true,"href":"https:\/\/www.valaz.es\/it\/wp-json\/wp\/v2\/product_cat?post=841"},{"taxonomy":"product_tag","embeddable":true,"href":"https:\/\/www.valaz.es\/it\/wp-json\/wp\/v2\/product_tag?post=841"},{"taxonomy":"serie","embeddable":true,"href":"https:\/\/www.valaz.es\/it\/wp-json\/wp\/v2\/serie?post=841"},{"taxonomy":"manual-de-instalacion","embeddable":true,"href":"https:\/\/www.valaz.es\/it\/wp-json\/wp\/v2\/manual-de-instalacion?post=841"},{"taxonomy":"color","embeddable":true,"href":"https:\/\/www.valaz.es\/it\/wp-json\/wp\/v2\/color?post=841"}],"curies":[{"name":"wp","href":"https:\/\/api.w.org\/{rel}","templated":true}]}}