{"id":8352,"date":"2023-09-19T17:00:53","date_gmt":"2023-09-19T15:00:53","guid":{"rendered":"https:\/\/www.valaz.es\/?post_type=product&#038;p=8352"},"modified":"2025-09-03T09:27:45","modified_gmt":"2025-09-03T07:27:45","slug":"grifo-de-bide-monomando-cano-recto-maneta-luxury-negro-mate-serie-bidasoa","status":"publish","type":"product","link":"https:\/\/www.valaz.es\/it\/prodotto\/grifo-de-bide-monomando-cano-recto-maneta-luxury-negro-mate-serie-bidasoa\/","title":{"rendered":"Grifo de bid\u00e9 monomando ca\u00f1o recto maneta luxury negro mate &#8211; Serie Bidasoa"},"content":{"rendered":"<p class=\"\" data-start=\"81\" data-end=\"342\">Este grifo de bid\u00e9 monomando con un ca\u00f1o recto y maneta de estilo luxury en negro mate presenta un dise\u00f1o moderno y sofisticado, combinado con una alta durabilidad gracias a su construcci\u00f3n en lat\u00f3n. Es perfecto para aportar elegancia y funcionalidad a tu ba\u00f1o.<\/p>\n<p class=\"\" data-start=\"344\" data-end=\"365\"><strong data-start=\"344\" data-end=\"365\">Especificaciones:<\/strong><\/p>\n<ul data-start=\"367\" data-end=\"582\" data-is-last-node=\"\" data-is-only-node=\"\">\n<li class=\"\" data-start=\"367\" data-end=\"397\">\n<p class=\"\" data-start=\"369\" data-end=\"397\"><strong data-start=\"369\" data-end=\"386\">Tipo de grifo<\/strong>: Monomando<\/p>\n<\/li>\n<li class=\"\" data-start=\"398\" data-end=\"421\">\n<p class=\"\" data-start=\"400\" data-end=\"421\"><strong data-start=\"400\" data-end=\"409\">Color<\/strong>: Negro mate<\/p>\n<\/li>\n<li class=\"\" data-start=\"422\" data-end=\"465\">\n<p class=\"\" data-start=\"424\" data-end=\"465\"><strong data-start=\"424\" data-end=\"436\">Material<\/strong>: Cuerpo de grifer\u00eda en lat\u00f3n<\/p>\n<\/li>\n<li class=\"\" data-start=\"466\" data-end=\"499\">\n<p class=\"\" data-start=\"468\" data-end=\"499\"><strong data-start=\"468\" data-end=\"480\">Cartucho<\/strong>: Cer\u00e1mico de 35 mm<\/p>\n<\/li>\n<li class=\"\" data-start=\"500\" data-end=\"517\">\n<p class=\"\" data-start=\"502\" data-end=\"517\"><strong data-start=\"502\" data-end=\"510\">Ca\u00f1o<\/strong>: Recto<\/p>\n<\/li>\n<li class=\"\" data-start=\"518\" data-end=\"538\">\n<p class=\"\" data-start=\"520\" data-end=\"538\"><strong data-start=\"520\" data-end=\"530\">Maneta<\/strong>: Luxury<\/p>\n<\/li>\n<li class=\"\" data-start=\"539\" data-end=\"582\">\n<p class=\"\" data-start=\"541\" data-end=\"582\"><strong data-start=\"541\" data-end=\"553\">Conexi\u00f3n<\/strong>: Latiguillos 3\/8 \u201d incluidos<\/p>\n<\/li>\n<\/ul>\n","protected":false},"excerpt":{"rendered":"<p>Este grifo de bid\u00e9 monomando con un ca\u00f1o recto y  [&#8230;]<\/p>\n","protected":false},"featured_media":8348,"template":"","meta":[],"product_brand":[],"product_cat":[54],"product_tag":[],"serie":[351],"manual-de-instalacion":[83],"color":[27],"class_list":{"0":"post-8352","1":"product","2":"type-product","3":"status-publish","4":"has-post-thumbnail","6":"product_cat-grifos-de-bidet","7":"serie-bidasoa","8":"manual-de-instalacion-guia-instalacion-grifo-superficie","9":"color-negro-mate","11":"first","12":"instock","13":"taxable","14":"shipping-taxable","15":"product-type-simple"},"_links":{"self":[{"href":"https:\/\/www.valaz.es\/it\/wp-json\/wp\/v2\/product\/8352","targetHints":{"allow":["GET"]}}],"collection":[{"href":"https:\/\/www.valaz.es\/it\/wp-json\/wp\/v2\/product"}],"about":[{"href":"https:\/\/www.valaz.es\/it\/wp-json\/wp\/v2\/types\/product"}],"wp:featuredmedia":[{"embeddable":true,"href":"https:\/\/www.valaz.es\/it\/wp-json\/wp\/v2\/media\/8348"}],"wp:attachment":[{"href":"https:\/\/www.valaz.es\/it\/wp-json\/wp\/v2\/media?parent=8352"}],"wp:term":[{"taxonomy":"product_brand","embeddable":true,"href":"https:\/\/www.valaz.es\/it\/wp-json\/wp\/v2\/product_brand?post=8352"},{"taxonomy":"product_cat","embeddable":true,"href":"https:\/\/www.valaz.es\/it\/wp-json\/wp\/v2\/product_cat?post=8352"},{"taxonomy":"product_tag","embeddable":true,"href":"https:\/\/www.valaz.es\/it\/wp-json\/wp\/v2\/product_tag?post=8352"},{"taxonomy":"serie","embeddable":true,"href":"https:\/\/www.valaz.es\/it\/wp-json\/wp\/v2\/serie?post=8352"},{"taxonomy":"manual-de-instalacion","embeddable":true,"href":"https:\/\/www.valaz.es\/it\/wp-json\/wp\/v2\/manual-de-instalacion?post=8352"},{"taxonomy":"color","embeddable":true,"href":"https:\/\/www.valaz.es\/it\/wp-json\/wp\/v2\/color?post=8352"}],"curies":[{"name":"wp","href":"https:\/\/api.w.org\/{rel}","templated":true}]}}