{"id":835,"date":"2022-11-14T13:43:40","date_gmt":"2022-11-14T12:43:40","guid":{"rendered":"https:\/\/www.valaz.es\/?post_type=product&#038;p=835"},"modified":"2026-04-24T12:15:58","modified_gmt":"2026-04-24T10:15:58","slug":"ducha-empotrada-monomando-cuadrada-a-pared-dorado-cepillado-serie-mino","status":"publish","type":"product","link":"https:\/\/www.valaz.es\/it\/prodotto\/ducha-empotrada-monomando-cuadrada-a-pared-dorado-cepillado-serie-mino\/","title":{"rendered":"Ducha empotrada monomando cuadrada a pared dorado cepillado &#8211; Serie Mi\u00f1o"},"content":{"rendered":"<p class=\"\" data-start=\"78\" data-end=\"492\">La ducha empotrada monomando cuadrada a pared de la Serie Mi\u00f1o en acabado dorado cepillado ofrece una est\u00e9tica sofisticada y moderna. Su dise\u00f1o empotrado asegura un aspecto limpio y sin interrupciones, mientras que el acabado dorado cepillado aporta un toque de elegancia al ba\u00f1o. Es una opci\u00f3n ideal para quienes buscan un equilibrio perfecto entre funcionalidad, dise\u00f1o y calidad en su espacio.<\/p>\n<p class=\"\" data-start=\"494\" data-end=\"516\"><strong data-start=\"494\" data-end=\"514\">Especificaciones<\/strong><\/p>\n<ul data-start=\"517\" data-end=\"1080\">\n<li class=\"\" data-start=\"517\" data-end=\"582\">\n<p class=\"\" data-start=\"519\" data-end=\"582\"><strong data-start=\"519\" data-end=\"537\">Tipo de grifo:<\/strong> Ducha empotrada monomando cuadrada a pared<\/p>\n<\/li>\n<li class=\"\" data-start=\"583\" data-end=\"616\">\n<p class=\"\" data-start=\"585\" data-end=\"616\"><strong data-start=\"585\" data-end=\"597\">Acabado:<\/strong> Dorado cepillado<\/p>\n<\/li>\n<li class=\"\" data-start=\"617\" data-end=\"779\">\n<p class=\"\" data-start=\"619\" data-end=\"636\"><strong data-start=\"619\" data-end=\"634\">Materiales:<\/strong><\/p>\n<ul data-start=\"639\" data-end=\"779\">\n<li class=\"\" data-start=\"639\" data-end=\"675\">\n<p class=\"\" data-start=\"641\" data-end=\"675\"><strong data-start=\"641\" data-end=\"667\">Cuerpo de la grifer\u00eda:<\/strong> Lat\u00f3n<\/p>\n<\/li>\n<li class=\"\" data-start=\"678\" data-end=\"712\">\n<p class=\"\" data-start=\"680\" data-end=\"712\"><strong data-start=\"680\" data-end=\"693\">Rociador:<\/strong> Acero inoxidable<\/p>\n<\/li>\n<li class=\"\" data-start=\"715\" data-end=\"745\">\n<p class=\"\" data-start=\"717\" data-end=\"745\"><strong data-start=\"717\" data-end=\"739\">Alcachofa de mano:<\/strong> PVC<\/p>\n<\/li>\n<li class=\"\" data-start=\"748\" data-end=\"779\">\n<p class=\"\" data-start=\"750\" data-end=\"779\"><strong data-start=\"750\" data-end=\"760\">Flexo:<\/strong> PVC<\/p>\n<\/li>\n<\/ul>\n<\/li>\n<li class=\"\" data-start=\"780\" data-end=\"1021\">\n<p class=\"\" data-start=\"782\" data-end=\"796\"><strong data-start=\"782\" data-end=\"794\">Incluye:<\/strong><\/p>\n<ul data-start=\"799\" data-end=\"1021\">\n<li class=\"\" data-start=\"799\" data-end=\"829\">\n<p class=\"\" data-start=\"801\" data-end=\"829\">Caja box empotrado monomando 2 v\u00edas<\/p>\n<\/li>\n<li class=\"\" data-start=\"832\" data-end=\"851\">\n<p class=\"\" data-start=\"834\" data-end=\"851\">Marco empotrado<\/p>\n<\/li>\n<li class=\"\" data-start=\"854\" data-end=\"940\">\n<p class=\"\" data-start=\"856\" data-end=\"940\">Rociador de tama\u00f1o disponible en 20&#215;20, 25&#215;25, 30&#215;30, 40&#215;40 cm con soporte a pared<\/p>\n<\/li>\n<li class=\"\" data-start=\"943\" data-end=\"975\">\n<p class=\"\" data-start=\"945\" data-end=\"975\">Soporte de alcachofa de mano<\/p>\n<\/li>\n<li class=\"\" data-start=\"978\" data-end=\"997\">\n<p class=\"\" data-start=\"980\" data-end=\"997\">Flexo de 150 cm<\/p>\n<\/li>\n<li class=\"\" data-start=\"1000\" data-end=\"1021\">\n<p class=\"\" data-start=\"1002\" data-end=\"1021\">Alcachofa de mano<\/p>\n<\/li>\n<\/ul>\n<\/li>\n<li class=\"\" data-start=\"1022\" data-end=\"1080\">\n<p class=\"\" data-start=\"1024\" data-end=\"1040\"><strong data-start=\"1024\" data-end=\"1038\">Funciones:<\/strong><\/p>\n<ul data-start=\"1043\" data-end=\"1080\">\n<li class=\"\" data-start=\"1043\" data-end=\"1080\">\n<p class=\"\" data-start=\"1045\" data-end=\"1080\"><strong data-start=\"1045\" data-end=\"1062\">Efecto lluvia<\/strong> con el rociador<\/p>\n<\/li>\n<\/ul>\n<\/li>\n<\/ul>\n","protected":false},"excerpt":{"rendered":"<p>&nbsp;<\/p>\n<p>Serie Mi\u00f1o con l\u00edneas redondas y acabados rectangulares se diferencia por tu empotrado de cuadrado y rectangular donde queda todo uniforme. Disponemos de acabados en cromado, dorado cepillado, negro mate tanto con soporte a pared como a ras del techo. Nuestro kit de ducha empotrado viene completo con caja box de 2 v\u00edas, marco o soporte a pared, rociador a elegir, salida de agua , soporte de alcachofa de mano y flexo.<\/p>\n<p>La garant\u00eda de todos nuestros productos es de 3 a\u00f1os, para funcionamiento, duraci\u00f3n del esmaltado y anticorrosi\u00f3n.<\/p>\n<p>Recomendamos para un correcto mantenimiento de la grifer\u00eda y evitar el deterioro por el uso. Secar las gotas de agua con un pa\u00f1o suave despu\u00e9s del uso, evitando que se posen en la superficie y deterioran el acabado, no utilizar esponjas que puedan rayar la grifer\u00eda, utilizar limpiadores como vinagre limpieza, agua caliente y jab\u00f3n con ph neutro.<\/p>\n<p>&nbsp;<\/p>\n<p><strong>Nuestro departamento\u00a0t\u00e9cnico\u00a0dispone de\u00a0gu\u00edas\u00a0de todos los\u00a0modelos\u00a0empotrados\u00a0que vendemos<\/strong><strong>,\u00a0si tiene alguna duda con la\u00a0instalaci\u00f3n\u00a0contacte con nosotros mediante\u00a0tel\u00e9fono,\u00a0WhatsApp\u00a0o email dentro del horario laboral indicado en la web.<\/strong><\/p>\n<p><strong>Recuerden que una vez instalado el cuerpo\u00a0empotrado\u00a0de la\u00a0grifer\u00eda\u00a0revisar de su correcto funcionamiento de paso de agua, comprobaci\u00f3n de cartuchos y corte de agua, si detecta alguna\u00a0anomal\u00eda\u00a0informe a nuestro\u00a0departamento\u00a0para darle una\u00a0soluci\u00f3n, no\u00a0contin\u00fae\u00a0con la\u00a0instalaci\u00f3n\u00a0de cerramiento de la pared.<\/strong><\/p>\n","protected":false},"featured_media":21209,"template":"","meta":[],"product_brand":[],"product_cat":[57,47],"product_tag":[],"serie":[67],"manual-de-instalacion":[85],"color":[34],"class_list":{"0":"post-835","1":"product","2":"type-product","3":"status-publish","4":"has-post-thumbnail","6":"product_cat-duchas-empotradas","7":"product_cat-duchas","8":"pa_tamano-rociador-20cm","9":"pa_tamano-rociador-25cm","10":"pa_tamano-rociador-30cm","11":"pa_tamano-rociador-40cm","12":"serie-mino","13":"manual-de-instalacion-guia-instalacion-mino","14":"color-dorado-cepillado","16":"first","17":"instock","18":"taxable","19":"shipping-taxable","20":"product-type-variable"},"_links":{"self":[{"href":"https:\/\/www.valaz.es\/it\/wp-json\/wp\/v2\/product\/835","targetHints":{"allow":["GET"]}}],"collection":[{"href":"https:\/\/www.valaz.es\/it\/wp-json\/wp\/v2\/product"}],"about":[{"href":"https:\/\/www.valaz.es\/it\/wp-json\/wp\/v2\/types\/product"}],"wp:featuredmedia":[{"embeddable":true,"href":"https:\/\/www.valaz.es\/it\/wp-json\/wp\/v2\/media\/21209"}],"wp:attachment":[{"href":"https:\/\/www.valaz.es\/it\/wp-json\/wp\/v2\/media?parent=835"}],"wp:term":[{"taxonomy":"product_brand","embeddable":true,"href":"https:\/\/www.valaz.es\/it\/wp-json\/wp\/v2\/product_brand?post=835"},{"taxonomy":"product_cat","embeddable":true,"href":"https:\/\/www.valaz.es\/it\/wp-json\/wp\/v2\/product_cat?post=835"},{"taxonomy":"product_tag","embeddable":true,"href":"https:\/\/www.valaz.es\/it\/wp-json\/wp\/v2\/product_tag?post=835"},{"taxonomy":"serie","embeddable":true,"href":"https:\/\/www.valaz.es\/it\/wp-json\/wp\/v2\/serie?post=835"},{"taxonomy":"manual-de-instalacion","embeddable":true,"href":"https:\/\/www.valaz.es\/it\/wp-json\/wp\/v2\/manual-de-instalacion?post=835"},{"taxonomy":"color","embeddable":true,"href":"https:\/\/www.valaz.es\/it\/wp-json\/wp\/v2\/color?post=835"}],"curies":[{"name":"wp","href":"https:\/\/api.w.org\/{rel}","templated":true}]}}