{"id":834,"date":"2022-11-14T13:44:46","date_gmt":"2022-11-14T12:44:46","guid":{"rendered":"https:\/\/www.valaz.es\/?post_type=product&#038;p=834"},"modified":"2026-02-07T12:23:58","modified_gmt":"2026-02-07T11:23:58","slug":"ducha-encastrada-monomando-a-ras-techo-cuadrada-cromada-serie-mino","status":"publish","type":"product","link":"https:\/\/www.valaz.es\/it\/prodotto\/ducha-encastrada-monomando-a-ras-techo-cuadrada-cromada-serie-mino\/","title":{"rendered":"Ducha encastrada monomando a ras techo cuadrada cromada &#8211; Serie Mi\u00f1o"},"content":{"rendered":"<p class=\"\" data-start=\"201\" data-end=\"493\">Sistema de ducha empotrado con dise\u00f1o cuadrado, pensado para instalaciones a ras de techo. Ideal para ba\u00f1os modernos que buscan limpieza visual sin renunciar a funcionalidad. Este conjunto permite una experiencia completa gracias al rociador superior y la alcachofa de mano.<\/p>\n<p class=\"\" data-start=\"495\" data-end=\"517\"><strong data-start=\"495\" data-end=\"515\">Especificaciones<\/strong><\/p>\n<ul data-start=\"518\" data-end=\"732\">\n<li class=\"\" data-start=\"518\" data-end=\"551\">\n<p class=\"\" data-start=\"520\" data-end=\"551\">Monomando de 2 v\u00edas empotrado<\/p>\n<\/li>\n<li class=\"\" data-start=\"518\" data-end=\"551\">\n<p class=\"\" data-start=\"520\" data-end=\"551\">Premarco a ras techo<\/p>\n<\/li>\n<li class=\"\" data-start=\"518\" data-end=\"551\">\n<p class=\"\" data-start=\"520\" data-end=\"551\">Rociador cuadrado de acero inoxidable<\/p>\n<\/li>\n<li class=\"\" data-start=\"518\" data-end=\"551\">\n<p class=\"\" data-start=\"520\" data-end=\"551\">Cuerpo de grifer\u00eda en lat\u00f3n<\/p>\n<\/li>\n<li class=\"\" data-start=\"518\" data-end=\"551\">\n<p class=\"\" data-start=\"520\" data-end=\"551\">Alcachofa de mano de PVC<\/p>\n<\/li>\n<li class=\"\" data-start=\"518\" data-end=\"551\">\n<p class=\"\" data-start=\"520\" data-end=\"551\">Flexo de acero inoxidable<\/p>\n<\/li>\n<li class=\"\" data-start=\"518\" data-end=\"551\">\n<p class=\"\" data-start=\"520\" data-end=\"551\">Acabado: cromado<\/p>\n<\/li>\n<li data-start=\"518\" data-end=\"551\">Incluye caja box empotrable<\/li>\n<\/ul>\n","protected":false},"excerpt":{"rendered":"<p>&nbsp;<\/p>\n<p>Serie Mi\u00f1o con l\u00edneas redondas y acabados rectangulares se diferencia por tu empotrado de cuadrado y rectangular donde queda todo uniforme. Disponemos de acabados en cromado, dorado cepillado, negro mate tanto con soporte a pared como a ras del techo. Nuestro kit de ducha empotrado viene completo con caja box de 2 v\u00edas, marco o soporte a pared, rociador a elegir, salida de agua , soporte de alcachofa de mano y flexo.<\/p>\n<p>La garant\u00eda de todos nuestros productos es de 3 a\u00f1os, para funcionamiento, duraci\u00f3n del esmaltado y anticorrosi\u00f3n.<\/p>\n<p>Recomendamos para un correcto mantenimiento de la grifer\u00eda y evitar el deterioro por el uso. Secar las gotas de agua con un pa\u00f1o suave despu\u00e9s del uso, evitando que se posen en la superficie y deterioran el acabado, no utilizar esponjas que puedan rayar la grifer\u00eda, utilizar limpiadores como vinagre limpieza, agua caliente y jab\u00f3n con ph neutro.<\/p>\n<p>&nbsp;<\/p>\n<p><strong>Nuestro departamento\u00a0t\u00e9cnico\u00a0dispone de\u00a0gu\u00edas\u00a0de todos los\u00a0modelos\u00a0empotrados\u00a0que vendemos<\/strong><strong>,\u00a0si tiene alguna duda con la\u00a0instalaci\u00f3n\u00a0contacte con nosotros mediante\u00a0tel\u00e9fono,\u00a0WhatsApp\u00a0o email dentro del horario laboral indicado en la web.<\/strong><\/p>\n<p><strong>Recuerden que una vez instalado el cuerpo\u00a0empotrado\u00a0de la\u00a0grifer\u00eda\u00a0revisar de su correcto funcionamiento de paso de agua, comprobaci\u00f3n de cartuchos y corte de agua, si detecta alguna\u00a0anomal\u00eda\u00a0informe a nuestro\u00a0departamento\u00a0para darle una\u00a0soluci\u00f3n, no\u00a0contin\u00fae\u00a0con la\u00a0instalaci\u00f3n\u00a0de cerramiento de la pared.<\/strong><\/p>\n","protected":false},"featured_media":885,"template":"","meta":[],"product_brand":[],"product_cat":[57,47],"product_tag":[],"serie":[67],"manual-de-instalacion":[86],"color":[26],"class_list":{"0":"post-834","1":"product","2":"type-product","3":"status-publish","4":"has-post-thumbnail","6":"product_cat-duchas-empotradas","7":"product_cat-duchas","8":"pa_tamano-rociador-30cm","9":"pa_tamano-rociador-40cm","10":"serie-mino","11":"manual-de-instalacion-guia-instalacion-ducha-ras","12":"color-cromo","14":"first","15":"instock","16":"taxable","17":"shipping-taxable","18":"product-type-variable"},"_links":{"self":[{"href":"https:\/\/www.valaz.es\/it\/wp-json\/wp\/v2\/product\/834","targetHints":{"allow":["GET"]}}],"collection":[{"href":"https:\/\/www.valaz.es\/it\/wp-json\/wp\/v2\/product"}],"about":[{"href":"https:\/\/www.valaz.es\/it\/wp-json\/wp\/v2\/types\/product"}],"wp:featuredmedia":[{"embeddable":true,"href":"https:\/\/www.valaz.es\/it\/wp-json\/wp\/v2\/media\/885"}],"wp:attachment":[{"href":"https:\/\/www.valaz.es\/it\/wp-json\/wp\/v2\/media?parent=834"}],"wp:term":[{"taxonomy":"product_brand","embeddable":true,"href":"https:\/\/www.valaz.es\/it\/wp-json\/wp\/v2\/product_brand?post=834"},{"taxonomy":"product_cat","embeddable":true,"href":"https:\/\/www.valaz.es\/it\/wp-json\/wp\/v2\/product_cat?post=834"},{"taxonomy":"product_tag","embeddable":true,"href":"https:\/\/www.valaz.es\/it\/wp-json\/wp\/v2\/product_tag?post=834"},{"taxonomy":"serie","embeddable":true,"href":"https:\/\/www.valaz.es\/it\/wp-json\/wp\/v2\/serie?post=834"},{"taxonomy":"manual-de-instalacion","embeddable":true,"href":"https:\/\/www.valaz.es\/it\/wp-json\/wp\/v2\/manual-de-instalacion?post=834"},{"taxonomy":"color","embeddable":true,"href":"https:\/\/www.valaz.es\/it\/wp-json\/wp\/v2\/color?post=834"}],"curies":[{"name":"wp","href":"https:\/\/api.w.org\/{rel}","templated":true}]}}