{"id":8315,"date":"2023-09-19T17:01:04","date_gmt":"2023-09-19T15:01:04","guid":{"rendered":"https:\/\/www.valaz.es\/?post_type=product&#038;p=8315"},"modified":"2025-09-03T09:25:18","modified_gmt":"2025-09-03T07:25:18","slug":"grifo-de-bide-monomando-cano-recto-maneta-luxury-oro-mate-con-proteccion-pvd-serie-bidasoa","status":"publish","type":"product","link":"https:\/\/www.valaz.es\/it\/prodotto\/grifo-de-bide-monomando-cano-recto-maneta-luxury-oro-mate-con-proteccion-pvd-serie-bidasoa\/","title":{"rendered":"Grifo de bid\u00e9 monomando ca\u00f1o recto maneta luxury oro mate con protecci\u00f3n PVD &#8211; Serie Bidasoa"},"content":{"rendered":"<p class=\"\" data-start=\"98\" data-end=\"317\">Este grifo de bid\u00e9 monomando con un elegante ca\u00f1o recto y maneta de estilo luxury en oro mate ofrece una alta resistencia y un dise\u00f1o sofisticado gracias a su protecci\u00f3n PVD. Ideal para darle un toque de lujo a tu ba\u00f1o.<\/p>\n<p class=\"\" data-start=\"319\" data-end=\"340\"><strong data-start=\"319\" data-end=\"340\">Especificaciones:<\/strong><\/p>\n<ul data-start=\"342\" data-end=\"574\" data-is-last-node=\"\" data-is-only-node=\"\">\n<li class=\"\" data-start=\"342\" data-end=\"372\">\n<p class=\"\" data-start=\"344\" data-end=\"372\"><strong data-start=\"344\" data-end=\"361\">Tipo de grifo<\/strong>: Monomando<\/p>\n<\/li>\n<li class=\"\" data-start=\"373\" data-end=\"413\">\n<p class=\"\" data-start=\"375\" data-end=\"413\"><strong data-start=\"375\" data-end=\"384\">Color<\/strong>: Oro mate con protecci\u00f3n PVD<\/p>\n<\/li>\n<li class=\"\" data-start=\"414\" data-end=\"457\">\n<p class=\"\" data-start=\"416\" data-end=\"457\"><strong data-start=\"416\" data-end=\"428\">Material<\/strong>: Cuerpo de grifer\u00eda en lat\u00f3n<\/p>\n<\/li>\n<li class=\"\" data-start=\"458\" data-end=\"491\">\n<p class=\"\" data-start=\"460\" data-end=\"491\"><strong data-start=\"460\" data-end=\"472\">Cartucho<\/strong>: Cer\u00e1mico de 35 mm<\/p>\n<\/li>\n<li class=\"\" data-start=\"492\" data-end=\"509\">\n<p class=\"\" data-start=\"494\" data-end=\"509\"><strong data-start=\"494\" data-end=\"502\">Ca\u00f1o<\/strong>: Recto<\/p>\n<\/li>\n<li class=\"\" data-start=\"510\" data-end=\"530\">\n<p class=\"\" data-start=\"512\" data-end=\"530\"><strong data-start=\"512\" data-end=\"522\">Maneta<\/strong>: Luxury<\/p>\n<\/li>\n<li class=\"\" data-start=\"531\" data-end=\"574\">\n<p class=\"\" data-start=\"533\" data-end=\"574\"><strong data-start=\"533\" data-end=\"545\">Conexi\u00f3n<\/strong>: Latiguillos 3\/8 \u201d incluidos<\/p>\n<\/li>\n<\/ul>\n","protected":false},"excerpt":{"rendered":"<p>Este grifo de bid\u00e9 monomando con un elegante ca\u00f1o recto  [&#8230;]<\/p>\n","protected":false},"featured_media":8344,"template":"","meta":[],"product_brand":[],"product_cat":[54],"product_tag":[],"serie":[351],"manual-de-instalacion":[83],"color":[350],"class_list":{"0":"post-8315","1":"product","2":"type-product","3":"status-publish","4":"has-post-thumbnail","6":"product_cat-grifos-de-bidet","7":"serie-bidasoa","8":"manual-de-instalacion-guia-instalacion-grifo-superficie","9":"color-oro-mate-cepillado","11":"first","12":"instock","13":"taxable","14":"shipping-taxable","15":"product-type-simple"},"_links":{"self":[{"href":"https:\/\/www.valaz.es\/it\/wp-json\/wp\/v2\/product\/8315","targetHints":{"allow":["GET"]}}],"collection":[{"href":"https:\/\/www.valaz.es\/it\/wp-json\/wp\/v2\/product"}],"about":[{"href":"https:\/\/www.valaz.es\/it\/wp-json\/wp\/v2\/types\/product"}],"wp:featuredmedia":[{"embeddable":true,"href":"https:\/\/www.valaz.es\/it\/wp-json\/wp\/v2\/media\/8344"}],"wp:attachment":[{"href":"https:\/\/www.valaz.es\/it\/wp-json\/wp\/v2\/media?parent=8315"}],"wp:term":[{"taxonomy":"product_brand","embeddable":true,"href":"https:\/\/www.valaz.es\/it\/wp-json\/wp\/v2\/product_brand?post=8315"},{"taxonomy":"product_cat","embeddable":true,"href":"https:\/\/www.valaz.es\/it\/wp-json\/wp\/v2\/product_cat?post=8315"},{"taxonomy":"product_tag","embeddable":true,"href":"https:\/\/www.valaz.es\/it\/wp-json\/wp\/v2\/product_tag?post=8315"},{"taxonomy":"serie","embeddable":true,"href":"https:\/\/www.valaz.es\/it\/wp-json\/wp\/v2\/serie?post=8315"},{"taxonomy":"manual-de-instalacion","embeddable":true,"href":"https:\/\/www.valaz.es\/it\/wp-json\/wp\/v2\/manual-de-instalacion?post=8315"},{"taxonomy":"color","embeddable":true,"href":"https:\/\/www.valaz.es\/it\/wp-json\/wp\/v2\/color?post=8315"}],"curies":[{"name":"wp","href":"https:\/\/api.w.org\/{rel}","templated":true}]}}