{"id":8278,"date":"2023-09-15T09:03:08","date_gmt":"2023-09-15T07:03:08","guid":{"rendered":"https:\/\/www.valaz.es\/?post_type=product&#038;p=8278"},"modified":"2025-09-04T10:59:08","modified_gmt":"2025-09-04T08:59:08","slug":"grifo-lavabo-empotrado-redondo-monomando-negro-mate-maneta-luxury-serie-besaya","status":"publish","type":"product","link":"https:\/\/www.valaz.es\/it\/prodotto\/grifo-lavabo-empotrado-redondo-monomando-negro-mate-maneta-luxury-serie-besaya\/","title":{"rendered":"Grifo lavabo empotrado redondo monomando negro mate maneta luxury con ca\u00f1o 21CM &#8211; Serie Besaya"},"content":{"rendered":"<p class=\"\" data-start=\"103\" data-end=\"439\">El grifo lavabo empotrado redondo monomando con maneta luxury en oro mate con protecci\u00f3n PVD de la serie Besaya ofrece una est\u00e9tica moderna y elegante, ideal para ba\u00f1os sofisticados. Su acabado en oro mate con protecci\u00f3n PVD asegura un rendimiento duradero y resistente, mientras que su dise\u00f1o minimalista aporta un toque de distinci\u00f3n.<\/p>\n<p class=\"\" data-start=\"441\" data-end=\"462\"><strong data-start=\"441\" data-end=\"462\">Especificaciones:<\/strong><\/p>\n<ul data-start=\"464\" data-end=\"791\">\n<li class=\"\" data-start=\"464\" data-end=\"525\">\n<p class=\"\" data-start=\"466\" data-end=\"525\"><strong data-start=\"466\" data-end=\"483\">Tipo de grifo<\/strong>: Grifo lavabo empotrado redondo monomando<\/p>\n<\/li>\n<li class=\"\" data-start=\"526\" data-end=\"593\">\n<p class=\"\" data-start=\"528\" data-end=\"543\"><strong data-start=\"528\" data-end=\"542\">Materiales<\/strong>:<\/p>\n<ul data-start=\"546\" data-end=\"593\">\n<li class=\"\" data-start=\"546\" data-end=\"575\">\n<p class=\"\" data-start=\"548\" data-end=\"575\">Cuerpo de grifer\u00eda en lat\u00f3n<\/p>\n<\/li>\n<li class=\"\" data-start=\"578\" data-end=\"593\">\n<p class=\"\" data-start=\"580\" data-end=\"593\">Maneta luxury<\/p>\n<\/li>\n<\/ul>\n<\/li>\n<li class=\"\" data-start=\"594\" data-end=\"636\">\n<p class=\"\" data-start=\"596\" data-end=\"636\"><strong data-start=\"596\" data-end=\"607\">Acabado<\/strong>: Oro mate con protecci\u00f3n PVD<\/p>\n<\/li>\n<li class=\"\" data-start=\"637\" data-end=\"670\">\n<p class=\"\" data-start=\"639\" data-end=\"670\"><strong data-start=\"639\" data-end=\"651\">Cartucho<\/strong>: Cer\u00e1mico de 35 mm<\/p>\n<\/li>\n<li class=\"\" data-start=\"671\" data-end=\"746\">\n<p class=\"\" data-start=\"673\" data-end=\"685\"><strong data-start=\"673\" data-end=\"684\">Incluye<\/strong>:<\/p>\n<ul data-start=\"688\" data-end=\"746\">\n<li class=\"\" data-start=\"688\" data-end=\"708\">\n<p class=\"\" data-start=\"690\" data-end=\"708\">Monomando de 1 v\u00eda<\/p>\n<\/li>\n<li class=\"\" data-start=\"711\" data-end=\"746\">\n<p class=\"\" data-start=\"713\" data-end=\"746\">Instalaci\u00f3n empotrada en la pared<\/p>\n<\/li>\n<\/ul>\n<\/li>\n<li class=\"\" data-start=\"747\" data-end=\"791\">\n<p class=\"\" data-start=\"749\" data-end=\"791\"><strong data-start=\"749\" data-end=\"761\">Conexi\u00f3n<\/strong>: 3\/8\u201d (latiguillos incluidos)<\/p>\n<\/li>\n<\/ul>\n","protected":false},"excerpt":{"rendered":"<p>El grifo lavabo empotrado redondo monomando con maneta luxury en  [&#8230;]<\/p>\n","protected":false},"featured_media":8274,"template":"","meta":[],"product_brand":[],"product_cat":[58],"product_tag":[],"serie":[349],"manual-de-instalacion":[81],"color":[27],"class_list":{"0":"post-8278","1":"product","2":"type-product","3":"status-publish","4":"has-post-thumbnail","6":"product_cat-grifos-de-lavabo-empotrados","7":"serie-besaya","8":"manual-de-instalacion-guia-instalacion-grifo-lavabo-empotrado-sin-caja","9":"color-negro-mate","11":"first","12":"instock","13":"taxable","14":"shipping-taxable","15":"product-type-simple"},"_links":{"self":[{"href":"https:\/\/www.valaz.es\/it\/wp-json\/wp\/v2\/product\/8278","targetHints":{"allow":["GET"]}}],"collection":[{"href":"https:\/\/www.valaz.es\/it\/wp-json\/wp\/v2\/product"}],"about":[{"href":"https:\/\/www.valaz.es\/it\/wp-json\/wp\/v2\/types\/product"}],"wp:featuredmedia":[{"embeddable":true,"href":"https:\/\/www.valaz.es\/it\/wp-json\/wp\/v2\/media\/8274"}],"wp:attachment":[{"href":"https:\/\/www.valaz.es\/it\/wp-json\/wp\/v2\/media?parent=8278"}],"wp:term":[{"taxonomy":"product_brand","embeddable":true,"href":"https:\/\/www.valaz.es\/it\/wp-json\/wp\/v2\/product_brand?post=8278"},{"taxonomy":"product_cat","embeddable":true,"href":"https:\/\/www.valaz.es\/it\/wp-json\/wp\/v2\/product_cat?post=8278"},{"taxonomy":"product_tag","embeddable":true,"href":"https:\/\/www.valaz.es\/it\/wp-json\/wp\/v2\/product_tag?post=8278"},{"taxonomy":"serie","embeddable":true,"href":"https:\/\/www.valaz.es\/it\/wp-json\/wp\/v2\/serie?post=8278"},{"taxonomy":"manual-de-instalacion","embeddable":true,"href":"https:\/\/www.valaz.es\/it\/wp-json\/wp\/v2\/manual-de-instalacion?post=8278"},{"taxonomy":"color","embeddable":true,"href":"https:\/\/www.valaz.es\/it\/wp-json\/wp\/v2\/color?post=8278"}],"curies":[{"name":"wp","href":"https:\/\/api.w.org\/{rel}","templated":true}]}}