{"id":812,"date":"2022-11-14T13:29:53","date_gmt":"2022-11-14T12:29:53","guid":{"rendered":"https:\/\/www.valaz.es\/?post_type=product&#038;p=812"},"modified":"2026-03-23T10:23:08","modified_gmt":"2026-03-23T09:23:08","slug":"ducha-empotrada-monomando-pared-ovalada-redonda-cromado-serie-duero","status":"publish","type":"product","link":"https:\/\/www.valaz.es\/it\/prodotto\/ducha-empotrada-monomando-pared-ovalada-redonda-cromado-serie-duero\/","title":{"rendered":"Ducha empotrada monomando pared ovalada redonda cromado &#8211; Serie Duero"},"content":{"rendered":"<p class=\"\" data-start=\"77\" data-end=\"471\">La ducha empotrada monomando a pared ovalada redonda de la Serie Duero, con acabado cromado, es la opci\u00f3n perfecta para quienes buscan una experiencia de ducha moderna y elegante. Con un dise\u00f1o ovalado redondeado y un monomando funcional, este modelo combina est\u00e9tica y eficacia, ofreciendo dos opciones de salida de agua: el rociador de efecto lluvia y la alcachofa de mano.<\/p>\n<p class=\"\" data-start=\"473\" data-end=\"495\"><strong data-start=\"473\" data-end=\"493\">Especificaciones<\/strong><\/p>\n<ul data-start=\"496\" data-end=\"944\">\n<li class=\"\" data-start=\"496\" data-end=\"542\">\n<p class=\"\" data-start=\"498\" data-end=\"542\"><strong data-start=\"498\" data-end=\"522\">Tipo de instalaci\u00f3n:<\/strong> Empotrado a pared<\/p>\n<\/li>\n<li data-start=\"496\" data-end=\"542\">Incluye caja box empotrable<\/li>\n<li class=\"\" data-start=\"543\" data-end=\"567\">\n<p class=\"\" data-start=\"545\" data-end=\"567\"><strong data-start=\"545\" data-end=\"557\">Acabado:<\/strong> Cromado<\/p>\n<\/li>\n<li class=\"\" data-start=\"568\" data-end=\"711\">\n<p class=\"\" data-start=\"570\" data-end=\"587\"><strong data-start=\"570\" data-end=\"585\">Materiales:<\/strong><\/p>\n<ul data-start=\"590\" data-end=\"711\">\n<li class=\"\" data-start=\"590\" data-end=\"624\">\n<p class=\"\" data-start=\"592\" data-end=\"624\"><strong data-start=\"592\" data-end=\"605\">Rociador:<\/strong> Acero inoxidable<\/p>\n<\/li>\n<li class=\"\" data-start=\"627\" data-end=\"651\">\n<p class=\"\" data-start=\"629\" data-end=\"651\"><strong data-start=\"629\" data-end=\"643\">Monomando:<\/strong> Lat\u00f3n<\/p>\n<\/li>\n<li class=\"\" data-start=\"654\" data-end=\"711\">\n<p class=\"\" data-start=\"656\" data-end=\"711\"><strong data-start=\"656\" data-end=\"686\">Alcachofa de mano :<\/strong> PVC<\/p>\n<\/li>\n<li><strong data-start=\"656\" data-end=\"686\">Flexo:<\/strong> Acero inoxidable<\/li>\n<\/ul>\n<\/li>\n<li class=\"\" data-start=\"712\" data-end=\"774\">\n<p class=\"\" data-start=\"714\" data-end=\"774\"><strong data-start=\"714\" data-end=\"751\">Tama\u00f1os disponibles del rociador:<\/strong> 20 cm, 25 cm y 30 cm<\/p>\n<\/li>\n<li class=\"\" data-start=\"775\" data-end=\"877\">\n<p class=\"\" data-start=\"777\" data-end=\"793\"><strong data-start=\"777\" data-end=\"791\">Funciones:<\/strong><\/p>\n<ul data-start=\"796\" data-end=\"877\">\n<li class=\"\" data-start=\"796\" data-end=\"839\">\n<p class=\"\" data-start=\"798\" data-end=\"839\"><strong data-start=\"798\" data-end=\"811\">Salida 1:<\/strong> Rociador de efecto lluvia<\/p>\n<\/li>\n<li class=\"\" data-start=\"842\" data-end=\"877\">\n<p class=\"\" data-start=\"844\" data-end=\"877\"><strong data-start=\"844\" data-end=\"857\">Salida 2:<\/strong> Alcachofa de mano<\/p>\n<\/li>\n<\/ul>\n<\/li>\n<li class=\"\" data-start=\"878\" data-end=\"899\">\n<p class=\"\" data-start=\"880\" data-end=\"899\"><strong data-start=\"880\" data-end=\"890\">Flexo:<\/strong> 150 cm<\/p>\n<\/li>\n<\/ul>\n","protected":false},"excerpt":{"rendered":"<p>Serie Duero con l\u00ednea ovaladas y redondas aporta confort, elegancia y bienestar, perfecta para todo tipo de ba\u00f1os. Actualmente disponemos diferentes acabados cromados, acero cepillado, dorado cepilladlo, dorado envejecido, negro mate, blanco. Es una de nuestras series m\u00e1s completa, ya que tenemos una gran variedad Ducha empotrada donde puedes a\u00f1adir ca\u00f1o para el ba\u00f1o, grifo empotrado de lavabo, grifo de bid\u00e9, grifo t\u00f3tem empotrado de ba\u00f1era exenta. Todos nuestros modelos de grifer\u00eda empotrada incluyen la caja box con cartucho monomando y selector, soporte de ducha, flexo y alcachofa de mano junto con el rociador.<\/p>\n<p>&nbsp;<\/p>\n<p>&nbsp;<\/p>\n<p>La garant\u00eda de todos nuestros productos es de 3 a\u00f1os, para funcionamiento, duraci\u00f3n del esmaltado y anticorrosi\u00f3n.<\/p>\n<p>Recomendamos para un correcto mantenimiento de la grifer\u00eda y evitar el deterioro por el uso. Secar las gotas de agua con un pa\u00f1o suave despu\u00e9s del uso, evitando que se posen en la superficie y deterioran el acabado, no utilizar esponjas que puedan rayar la grifer\u00eda, utilizar limpiadores como vinagre limpieza, agua caliente y jab\u00f3n con ph neutro.<\/p>\n<p>&nbsp;<\/p>\n<p><strong>Nuestro departamento\u00a0t\u00e9cnico\u00a0dispone de\u00a0gu\u00edas\u00a0de todos los\u00a0modelos\u00a0empotrados\u00a0que vendemos<\/strong><strong>,\u00a0si tiene alguna duda con la\u00a0instalaci\u00f3n\u00a0contacte con nosotros mediante\u00a0tel\u00e9fono,\u00a0WhatsApp\u00a0o email dentro del horario laboral indicado en la web.<\/strong><\/p>\n<p><strong>Recuerden que una vez instalado el cuerpo\u00a0empotrado\u00a0de la\u00a0grifer\u00eda\u00a0revisar de su correcto funcionamiento de paso de agua, comprobaci\u00f3n de cartuchos y corte de agua, si detecta alguna\u00a0anomal\u00eda\u00a0informe a nuestro\u00a0departamento\u00a0para darle una\u00a0soluci\u00f3n, no\u00a0contin\u00fae\u00a0con la\u00a0instalaci\u00f3n\u00a0de cerramiento de la pared.<\/strong><\/p>\n","protected":false},"featured_media":816,"template":"","meta":[],"product_brand":[],"product_cat":[57,47],"product_tag":[],"serie":[66],"manual-de-instalacion":[78],"color":[26],"class_list":{"0":"post-812","1":"product","2":"type-product","3":"status-publish","4":"has-post-thumbnail","6":"product_cat-duchas-empotradas","7":"product_cat-duchas","8":"pa_tamano-rociador-20cm","9":"pa_tamano-rociador-25cm","10":"pa_tamano-rociador-30cm","11":"serie-duero","12":"manual-de-instalacion-guia-instalacion-duchas-empotradas-monomando","13":"color-cromo","15":"first","16":"instock","17":"taxable","18":"shipping-taxable","19":"product-type-variable"},"_links":{"self":[{"href":"https:\/\/www.valaz.es\/it\/wp-json\/wp\/v2\/product\/812","targetHints":{"allow":["GET"]}}],"collection":[{"href":"https:\/\/www.valaz.es\/it\/wp-json\/wp\/v2\/product"}],"about":[{"href":"https:\/\/www.valaz.es\/it\/wp-json\/wp\/v2\/types\/product"}],"wp:featuredmedia":[{"embeddable":true,"href":"https:\/\/www.valaz.es\/it\/wp-json\/wp\/v2\/media\/816"}],"wp:attachment":[{"href":"https:\/\/www.valaz.es\/it\/wp-json\/wp\/v2\/media?parent=812"}],"wp:term":[{"taxonomy":"product_brand","embeddable":true,"href":"https:\/\/www.valaz.es\/it\/wp-json\/wp\/v2\/product_brand?post=812"},{"taxonomy":"product_cat","embeddable":true,"href":"https:\/\/www.valaz.es\/it\/wp-json\/wp\/v2\/product_cat?post=812"},{"taxonomy":"product_tag","embeddable":true,"href":"https:\/\/www.valaz.es\/it\/wp-json\/wp\/v2\/product_tag?post=812"},{"taxonomy":"serie","embeddable":true,"href":"https:\/\/www.valaz.es\/it\/wp-json\/wp\/v2\/serie?post=812"},{"taxonomy":"manual-de-instalacion","embeddable":true,"href":"https:\/\/www.valaz.es\/it\/wp-json\/wp\/v2\/manual-de-instalacion?post=812"},{"taxonomy":"color","embeddable":true,"href":"https:\/\/www.valaz.es\/it\/wp-json\/wp\/v2\/color?post=812"}],"curies":[{"name":"wp","href":"https:\/\/api.w.org\/{rel}","templated":true}]}}