{"id":790,"date":"2022-11-14T13:14:40","date_gmt":"2022-11-14T12:14:40","guid":{"rendered":"https:\/\/www.valaz.es\/?post_type=product&#038;p=790"},"modified":"2025-09-02T12:31:59","modified_gmt":"2025-09-02T10:31:59","slug":"ducha-empotrada-monomando-a-pared-cuadrada-con-maneta-hueca-cuadrada-cromada-serie-tormes","status":"publish","type":"product","link":"https:\/\/www.valaz.es\/it\/prodotto\/ducha-empotrada-monomando-a-pared-cuadrada-con-maneta-hueca-cuadrada-cromada-serie-tormes\/","title":{"rendered":"Ducha empotrada monomando a pared cuadrada con maneta hueca cuadrada cromada &#8211; Serie Tormes"},"content":{"rendered":"<div class=\"descripcion\">\n<div class=\"descripcion\">\n<p class=\"\" data-start=\"97\" data-end=\"455\">La ducha empotrada de la Serie Tormes, con su elegante dise\u00f1o cuadrado y acabado cromado, aporta un estilo contempor\u00e1neo al ba\u00f1o. Equipada con una maneta hueca cuadrada, esta ducha combina est\u00e9tica moderna con control preciso del caudal y la temperatura. Ideal para quienes buscan una experiencia de ducha funcional y visualmente atractiva.<\/p>\n<p class=\"\" data-start=\"457\" data-end=\"479\"><strong data-start=\"457\" data-end=\"477\">Especificaciones<\/strong><\/p>\n<ul data-start=\"480\" data-end=\"891\">\n<li class=\"\" data-start=\"480\" data-end=\"526\">\n<p class=\"\" data-start=\"482\" data-end=\"526\"><strong data-start=\"482\" data-end=\"506\">Tipo de instalaci\u00f3n:<\/strong> Empotrada a pared<\/p>\n<\/li>\n<li class=\"\" data-start=\"527\" data-end=\"569\">\n<p class=\"\" data-start=\"529\" data-end=\"569\"><strong data-start=\"529\" data-end=\"547\">Tipo de grifo:<\/strong> Monomando de 2 v\u00edas<\/p>\n<\/li>\n<li data-start=\"527\" data-end=\"569\">Incluye caja box empotrable<\/li>\n<li class=\"\" data-start=\"570\" data-end=\"641\">\n<p class=\"\" data-start=\"572\" data-end=\"588\"><strong data-start=\"572\" data-end=\"586\">Funciones:<\/strong><\/p>\n<ul data-start=\"591\" data-end=\"641\">\n<li class=\"\" data-start=\"591\" data-end=\"617\">\n<p class=\"\" data-start=\"593\" data-end=\"617\">Rociador efecto lluvia<\/p>\n<\/li>\n<li class=\"\" data-start=\"620\" data-end=\"641\">\n<p class=\"\" data-start=\"622\" data-end=\"641\">Alcachofa de mano<\/p>\n<\/li>\n<\/ul>\n<\/li>\n<li class=\"\" data-start=\"642\" data-end=\"714\">\n<p class=\"\" data-start=\"644\" data-end=\"714\"><strong data-start=\"644\" data-end=\"681\">Tama\u00f1os del rociador disponibles:<\/strong> 20&#215;20, 25&#215;25, 30&#215;30 y 40&#215;40 cm<\/p>\n<\/li>\n<li class=\"\" data-start=\"715\" data-end=\"866\">\n<p class=\"\" data-start=\"717\" data-end=\"734\"><strong data-start=\"717\" data-end=\"732\">Materiales:<\/strong><\/p>\n<ul data-start=\"737\" data-end=\"866\">\n<li class=\"\" data-start=\"737\" data-end=\"767\">\n<p class=\"\" data-start=\"739\" data-end=\"767\">Rociador: Acero inoxidable<\/p>\n<\/li>\n<li class=\"\" data-start=\"770\" data-end=\"807\">\n<p class=\"\" data-start=\"772\" data-end=\"807\">Monomando: Lat\u00f3n con maneta hueca<\/p>\n<\/li>\n<li class=\"\" data-start=\"810\" data-end=\"836\">\n<p class=\"\" data-start=\"812\" data-end=\"836\">Alcachofa de mano: Lat\u00f3n<\/p>\n<\/li>\n<li class=\"\" data-start=\"839\" data-end=\"866\">\n<p class=\"\" data-start=\"841\" data-end=\"866\">Flexo: Acero inoxidable<\/p>\n<\/li>\n<\/ul>\n<\/li>\n<li class=\"\" data-start=\"867\" data-end=\"891\">\n<p class=\"\" data-start=\"869\" data-end=\"891\"><strong data-start=\"869\" data-end=\"881\">Acabado:<\/strong> Cromado<\/p>\n<\/li>\n<\/ul>\n<\/div>\n<\/div>\n","protected":false},"excerpt":{"rendered":"<p>Serie con l\u00edneas rectas y cuadradas, destaca por su maneta hueca con acabados en cromado, dorado cepillado y negro mate, hacen de ella una serie minimalista y elegante. Disponemos de ducha empotrada a pared y grifo de lavabo.<\/p>\n<p>La garant\u00eda de todos nuestros productos es de 3 a\u00f1os, para funcionamiento, duraci\u00f3n del esmaltado y anticorrosi\u00f3n.<\/p>\n<p>Recomendamos para un correcto mantenimiento de la grifer\u00eda y evitar el deterioro por el uso. Secar las gotas de agua con un pa\u00f1o suave despu\u00e9s del uso, evitando que se posen en la superficie y deterioran el acabado, no utilizar esponjas que puedan rayar la grifer\u00eda, utilizar limpiadores como vinagre limpieza, agua caliente y jab\u00f3n con ph neutro.<\/p>\n<p>&nbsp;<\/p>\n<p><strong>Nuestro departamento\u00a0t\u00e9cnico\u00a0dispone de\u00a0gu\u00edas\u00a0de todos los\u00a0modelos\u00a0empotrados\u00a0que vendemos<\/strong><strong>,\u00a0si tiene alguna duda con la\u00a0instalaci\u00f3n\u00a0contacte con nosotros mediante\u00a0tel\u00e9fono,\u00a0WhatsApp\u00a0o email dentro del horario laboral indicado en la web.<\/strong><\/p>\n<p><strong>Recuerden que una vez instalado el cuerpo\u00a0empotrado\u00a0de la\u00a0grifer\u00eda\u00a0revisar de su correcto funcionamiento de paso de agua, comprobaci\u00f3n de cartuchos y corte de agua, si detecta alguna\u00a0anomal\u00eda\u00a0informe a nuestro\u00a0departamento\u00a0para darle una\u00a0soluci\u00f3n, no\u00a0contin\u00fae\u00a0con la\u00a0instalaci\u00f3n\u00a0de cerramiento de la pared.<\/strong><\/p>\n","protected":false},"featured_media":799,"template":"","meta":[],"product_brand":[],"product_cat":[57,47],"product_tag":[],"serie":[65],"manual-de-instalacion":[78],"color":[26],"class_list":{"0":"post-790","1":"product","2":"type-product","3":"status-publish","4":"has-post-thumbnail","6":"product_cat-duchas-empotradas","7":"product_cat-duchas","8":"pa_tamano-rociador-20cm","9":"pa_tamano-rociador-25cm","10":"pa_tamano-rociador-30cm","11":"pa_tamano-rociador-40cm","12":"serie-tormes","13":"manual-de-instalacion-guia-instalacion-duchas-empotradas-monomando","14":"color-cromo","16":"first","17":"instock","18":"taxable","19":"shipping-taxable","20":"product-type-variable"},"_links":{"self":[{"href":"https:\/\/www.valaz.es\/it\/wp-json\/wp\/v2\/product\/790","targetHints":{"allow":["GET"]}}],"collection":[{"href":"https:\/\/www.valaz.es\/it\/wp-json\/wp\/v2\/product"}],"about":[{"href":"https:\/\/www.valaz.es\/it\/wp-json\/wp\/v2\/types\/product"}],"wp:featuredmedia":[{"embeddable":true,"href":"https:\/\/www.valaz.es\/it\/wp-json\/wp\/v2\/media\/799"}],"wp:attachment":[{"href":"https:\/\/www.valaz.es\/it\/wp-json\/wp\/v2\/media?parent=790"}],"wp:term":[{"taxonomy":"product_brand","embeddable":true,"href":"https:\/\/www.valaz.es\/it\/wp-json\/wp\/v2\/product_brand?post=790"},{"taxonomy":"product_cat","embeddable":true,"href":"https:\/\/www.valaz.es\/it\/wp-json\/wp\/v2\/product_cat?post=790"},{"taxonomy":"product_tag","embeddable":true,"href":"https:\/\/www.valaz.es\/it\/wp-json\/wp\/v2\/product_tag?post=790"},{"taxonomy":"serie","embeddable":true,"href":"https:\/\/www.valaz.es\/it\/wp-json\/wp\/v2\/serie?post=790"},{"taxonomy":"manual-de-instalacion","embeddable":true,"href":"https:\/\/www.valaz.es\/it\/wp-json\/wp\/v2\/manual-de-instalacion?post=790"},{"taxonomy":"color","embeddable":true,"href":"https:\/\/www.valaz.es\/it\/wp-json\/wp\/v2\/color?post=790"}],"curies":[{"name":"wp","href":"https:\/\/api.w.org\/{rel}","templated":true}]}}