{"id":787,"date":"2022-11-14T13:15:04","date_gmt":"2022-11-14T12:15:04","guid":{"rendered":"https:\/\/www.valaz.es\/?post_type=product&#038;p=787"},"modified":"2026-02-14T18:23:44","modified_gmt":"2026-02-14T17:23:44","slug":"grifo-de-lavabo-empotrado-cuadrado-monomando-con-cano-de-21cm-cromado-serie-tormes","status":"publish","type":"product","link":"https:\/\/www.valaz.es\/it\/prodotto\/grifo-de-lavabo-empotrado-cuadrado-monomando-con-cano-de-21cm-cromado-serie-tormes\/","title":{"rendered":"Grifo de lavabo empotrado cuadrado monomando con ca\u00f1o de 21CM cromado &#8211; Serie Tormes"},"content":{"rendered":"<p class=\"\" data-start=\"91\" data-end=\"378\">Este grifo empotrado de la Serie Tormes aporta una est\u00e9tica moderna y minimalista a cualquier cuarto de ba\u00f1o. Su dise\u00f1o cuadrado con acabado cromado combina funcionalidad y elegancia. El ca\u00f1o de 21\u202fcm ofrece una excelente proyecci\u00f3n de agua, ideal para lavabos amplios.<\/p>\n<p class=\"\" data-start=\"380\" data-end=\"402\"><strong data-start=\"380\" data-end=\"400\">Especificaciones<\/strong><\/p>\n<ul data-start=\"403\" data-end=\"610\">\n<li class=\"\" data-start=\"403\" data-end=\"441\">\n<p class=\"\" data-start=\"405\" data-end=\"441\"><strong data-start=\"405\" data-end=\"429\">Tipo de instalaci\u00f3n:<\/strong> Empotrado<\/p>\n<\/li>\n<li class=\"\" data-start=\"442\" data-end=\"474\">\n<p class=\"\" data-start=\"444\" data-end=\"474\"><strong data-start=\"444\" data-end=\"462\">Tipo de grifo:<\/strong> Monomando<\/p>\n<\/li>\n<li class=\"\" data-start=\"475\" data-end=\"517\">\n<p class=\"\" data-start=\"477\" data-end=\"517\"><strong data-start=\"477\" data-end=\"488\">Dise\u00f1o:<\/strong> Cuadrado con ca\u00f1o de 21\u202fcm<\/p>\n<\/li>\n<li class=\"\" data-start=\"518\" data-end=\"542\">\n<p class=\"\" data-start=\"520\" data-end=\"542\"><strong data-start=\"520\" data-end=\"532\">Acabado:<\/strong> Cromado<\/p>\n<\/li>\n<li class=\"\" data-start=\"543\" data-end=\"610\">\n<p class=\"\" data-start=\"545\" data-end=\"562\"><strong data-start=\"545\" data-end=\"560\">Materiales:<\/strong><\/p>\n<ul data-start=\"565\" data-end=\"610\">\n<li class=\"\" data-start=\"565\" data-end=\"592\">\n<p class=\"\" data-start=\"567\" data-end=\"592\">Cuerpo del grifo: Lat\u00f3n<\/p>\n<\/li>\n<li class=\"\" data-start=\"595\" data-end=\"610\">\n<p class=\"\" data-start=\"597\" data-end=\"610\">Ca\u00f1o: Lat\u00f3n<\/p>\n<\/li>\n<\/ul>\n<\/li>\n<\/ul>\n","protected":false},"excerpt":{"rendered":"<p>Serie con l\u00edneas rectas y cuadradas, destaca por su maneta hueca con acabados en cromado, dorado cepillado y negro mate, hacen de ella una serie minimalista y elegante. Disponemos de ducha empotrada a pared y grifo de lavabo.<\/p>\n<p>La garant\u00eda de todos nuestros productos es de 3 a\u00f1os, para funcionamiento, duraci\u00f3n del esmaltado y anticorrosi\u00f3n.<\/p>\n<p>Recomendamos para un correcto mantenimiento de la grifer\u00eda y evitar el deterioro por el uso. Secar las gotas de agua con un pa\u00f1o suave despu\u00e9s del uso, evitando que se posen en la superficie y deterioran el acabado, no utilizar esponjas que puedan rayar la grifer\u00eda, utilizar limpiadores como vinagre limpieza, agua caliente y jab\u00f3n con ph neutro.<\/p>\n<p>&nbsp;<\/p>\n<p><strong>Nuestro departamento\u00a0t\u00e9cnico\u00a0dispone de\u00a0gu\u00edas\u00a0de todos los\u00a0modelos\u00a0empotrados\u00a0que vendemos<\/strong><strong>,\u00a0si tiene alguna duda con la\u00a0instalaci\u00f3n\u00a0contacte con nosotros mediante\u00a0tel\u00e9fono,\u00a0WhatsApp\u00a0o email dentro del horario laboral indicado en la web.<\/strong><\/p>\n<p><strong>Recuerden que una vez instalado el cuerpo\u00a0empotrado\u00a0de la\u00a0grifer\u00eda\u00a0revisar de su correcto funcionamiento de paso de agua, comprobaci\u00f3n de cartuchos y corte de agua, si detecta alguna\u00a0anomal\u00eda\u00a0informe a nuestro\u00a0departamento\u00a0para darle una\u00a0soluci\u00f3n, no\u00a0contin\u00fae\u00a0con la\u00a0instalaci\u00f3n\u00a0de cerramiento de la pared.<\/strong><\/p>\n","protected":false},"featured_media":8462,"template":"","meta":[],"product_brand":[],"product_cat":[48,58],"product_tag":[],"serie":[65],"manual-de-instalacion":[80],"color":[26],"class_list":{"0":"post-787","1":"product","2":"type-product","3":"status-publish","4":"has-post-thumbnail","6":"product_cat-grifos-de-lavabo","7":"product_cat-grifos-de-lavabo-empotrados","8":"serie-tormes","9":"manual-de-instalacion-guia-instalacion-grifo-lavabo-empotrado-con-caja","10":"color-cromo","12":"first","13":"instock","14":"taxable","15":"shipping-taxable","16":"product-type-simple"},"_links":{"self":[{"href":"https:\/\/www.valaz.es\/it\/wp-json\/wp\/v2\/product\/787","targetHints":{"allow":["GET"]}}],"collection":[{"href":"https:\/\/www.valaz.es\/it\/wp-json\/wp\/v2\/product"}],"about":[{"href":"https:\/\/www.valaz.es\/it\/wp-json\/wp\/v2\/types\/product"}],"wp:featuredmedia":[{"embeddable":true,"href":"https:\/\/www.valaz.es\/it\/wp-json\/wp\/v2\/media\/8462"}],"wp:attachment":[{"href":"https:\/\/www.valaz.es\/it\/wp-json\/wp\/v2\/media?parent=787"}],"wp:term":[{"taxonomy":"product_brand","embeddable":true,"href":"https:\/\/www.valaz.es\/it\/wp-json\/wp\/v2\/product_brand?post=787"},{"taxonomy":"product_cat","embeddable":true,"href":"https:\/\/www.valaz.es\/it\/wp-json\/wp\/v2\/product_cat?post=787"},{"taxonomy":"product_tag","embeddable":true,"href":"https:\/\/www.valaz.es\/it\/wp-json\/wp\/v2\/product_tag?post=787"},{"taxonomy":"serie","embeddable":true,"href":"https:\/\/www.valaz.es\/it\/wp-json\/wp\/v2\/serie?post=787"},{"taxonomy":"manual-de-instalacion","embeddable":true,"href":"https:\/\/www.valaz.es\/it\/wp-json\/wp\/v2\/manual-de-instalacion?post=787"},{"taxonomy":"color","embeddable":true,"href":"https:\/\/www.valaz.es\/it\/wp-json\/wp\/v2\/color?post=787"}],"curies":[{"name":"wp","href":"https:\/\/api.w.org\/{rel}","templated":true}]}}