{"id":785,"date":"2022-11-14T13:01:48","date_gmt":"2022-11-14T12:01:48","guid":{"rendered":"https:\/\/www.valaz.es\/?post_type=product&#038;p=785"},"modified":"2025-10-28T16:54:24","modified_gmt":"2025-10-28T15:54:24","slug":"grifo-totem-de-lavabo-exenta-banera-negro-mate-monomando-serie-ebro","status":"publish","type":"product","link":"https:\/\/www.valaz.es\/it\/prodotto\/grifo-totem-de-lavabo-exenta-banera-negro-mate-monomando-serie-ebro\/","title":{"rendered":"Grifo t\u00f3tem de lavabo exenta\/ ba\u00f1era negro mate monomando &#8211; Serie Ebro"},"content":{"rendered":"<p class=\"\" data-start=\"75\" data-end=\"419\">El grifo t\u00f3tem monomando negro mate de la Serie Ebro est\u00e1 dise\u00f1ado para lavabos o ba\u00f1eras exentas, aportando un toque contempor\u00e1neo y sofisticado al espacio. Su dise\u00f1o vertical estilizado y el acabado negro mate realzan cualquier estilo de ba\u00f1o. Adem\u00e1s, el ca\u00f1o giratorio de 360\u00b0 proporciona una experiencia pr\u00e1ctica y c\u00f3moda.<\/p>\n<p class=\"\" data-start=\"421\" data-end=\"443\"><strong data-start=\"421\" data-end=\"441\">Especificaciones<\/strong><\/p>\n<ul data-start=\"444\" data-end=\"752\">\n<li class=\"\" data-start=\"444\" data-end=\"495\">\n<p class=\"\" data-start=\"446\" data-end=\"495\"><strong data-start=\"446\" data-end=\"470\">Tipo de instalaci\u00f3n:<\/strong> Grifo de suelo (t\u00f3tem)<\/p>\n<\/li>\n<li class=\"\" data-start=\"496\" data-end=\"538\">\n<p class=\"\" data-start=\"498\" data-end=\"538\"><strong data-start=\"498\" data-end=\"513\">Aplicaci\u00f3n:<\/strong> Lavabo o ba\u00f1era exenta<\/p>\n<\/li>\n<li class=\"\" data-start=\"539\" data-end=\"571\">\n<p class=\"\" data-start=\"541\" data-end=\"571\"><strong data-start=\"541\" data-end=\"559\">Tipo de grifo:<\/strong> Monomando<\/p>\n<\/li>\n<li class=\"\" data-start=\"572\" data-end=\"595\">\n<p class=\"\" data-start=\"574\" data-end=\"595\"><strong data-start=\"574\" data-end=\"587\">Material:<\/strong> Lat\u00f3n<\/p>\n<\/li>\n<li class=\"\" data-start=\"596\" data-end=\"623\">\n<p class=\"\" data-start=\"598\" data-end=\"623\"><strong data-start=\"598\" data-end=\"610\">Acabado:<\/strong> Negro mate<\/p>\n<\/li>\n<li class=\"\" data-start=\"624\" data-end=\"652\">\n<p class=\"\" data-start=\"626\" data-end=\"652\"><strong data-start=\"626\" data-end=\"635\">Ca\u00f1o:<\/strong> Giratorio 360\u00b0<\/p>\n<\/li>\n<li class=\"\" data-start=\"653\" data-end=\"690\">\n<p class=\"\" data-start=\"655\" data-end=\"690\"><strong data-start=\"655\" data-end=\"672\">Altura total:<\/strong> 120 cm (1,20 m)<\/p>\n<\/li>\n<li class=\"\" data-start=\"691\" data-end=\"752\">\n<p class=\"\" data-start=\"693\" data-end=\"752\"><strong data-start=\"693\" data-end=\"720\">Dimensiones de la base:<\/strong> 16 cm de ancho x 5 cm de alto<\/p>\n<\/li>\n<\/ul>\n","protected":false},"excerpt":{"rendered":"<p>Serie Ebro es la cl\u00e1sica redonda que nos aportan elegancia y bienestar, perfecta para todo tipo de ba\u00f1os. \u00a0Disponemos de diferentes acabados cromados, acero cepillado, dorado cepillado, negro mate. Cuenta con barras de ducha\/ba\u00f1era, grifo de lavabo, grifo para pica , grifo de bid\u00e9, en la que encontraras grifos de ba\u00f1era exenta y t\u00f3tem.<\/p>\n<p>La garant\u00eda de todos nuestros productos es de 3 a\u00f1os, para funcionamiento, duraci\u00f3n del esmaltado y anticorrosi\u00f3n.<\/p>\n<p>Recomendamos para un correcto mantenimiento de la grifer\u00eda y evitar el deterioro por el uso. Secar las gotas de agua con un pa\u00f1o suave despu\u00e9s del uso, evitando que se posen en la superficie y deterioran el acabado, no utilizar esponjas que puedan rayar la grifer\u00eda, utilizar limpiadores como vinagre limpieza, agua caliente y jab\u00f3n con ph neutro.<\/p>\n<p>&nbsp;<\/p>\n<p><strong>Nuestro departamento\u00a0t\u00e9cnico\u00a0dispone de\u00a0gu\u00edas\u00a0de todos los\u00a0modelos\u00a0empotrados\u00a0que vendemos<\/strong><strong>,\u00a0si tiene alguna duda con la\u00a0instalaci\u00f3n\u00a0contacte con nosotros mediante\u00a0tel\u00e9fono,\u00a0WhatsApp\u00a0o email dentro del horario laboral indicado en la web.<\/strong><\/p>\n<p><strong>Recuerden que una vez instalado el cuerpo\u00a0empotrado\u00a0de la\u00a0grifer\u00eda\u00a0revisar de su correcto funcionamiento de paso de agua, comprobaci\u00f3n de cartuchos y corte de agua, si detecta alguna\u00a0anomal\u00eda\u00a0informe a nuestro\u00a0departamento\u00a0para darle una\u00a0soluci\u00f3n, no\u00a0contin\u00fae\u00a0con la\u00a0instalaci\u00f3n\u00a0de cerramiento de la pared.<\/strong><\/p>\n","protected":false},"featured_media":1005,"template":"","meta":[],"product_brand":[],"product_cat":[49],"product_tag":[],"serie":[24],"manual-de-instalacion":[84],"color":[27],"class_list":{"0":"post-785","1":"product","2":"type-product","3":"status-publish","4":"has-post-thumbnail","6":"product_cat-grifos-de-banera-exenta","7":"serie-ebro","8":"manual-de-instalacion-guia-instalacion-grifo-exenta","9":"color-negro-mate","11":"first","12":"instock","13":"taxable","14":"shipping-taxable","15":"product-type-simple"},"_links":{"self":[{"href":"https:\/\/www.valaz.es\/it\/wp-json\/wp\/v2\/product\/785","targetHints":{"allow":["GET"]}}],"collection":[{"href":"https:\/\/www.valaz.es\/it\/wp-json\/wp\/v2\/product"}],"about":[{"href":"https:\/\/www.valaz.es\/it\/wp-json\/wp\/v2\/types\/product"}],"wp:featuredmedia":[{"embeddable":true,"href":"https:\/\/www.valaz.es\/it\/wp-json\/wp\/v2\/media\/1005"}],"wp:attachment":[{"href":"https:\/\/www.valaz.es\/it\/wp-json\/wp\/v2\/media?parent=785"}],"wp:term":[{"taxonomy":"product_brand","embeddable":true,"href":"https:\/\/www.valaz.es\/it\/wp-json\/wp\/v2\/product_brand?post=785"},{"taxonomy":"product_cat","embeddable":true,"href":"https:\/\/www.valaz.es\/it\/wp-json\/wp\/v2\/product_cat?post=785"},{"taxonomy":"product_tag","embeddable":true,"href":"https:\/\/www.valaz.es\/it\/wp-json\/wp\/v2\/product_tag?post=785"},{"taxonomy":"serie","embeddable":true,"href":"https:\/\/www.valaz.es\/it\/wp-json\/wp\/v2\/serie?post=785"},{"taxonomy":"manual-de-instalacion","embeddable":true,"href":"https:\/\/www.valaz.es\/it\/wp-json\/wp\/v2\/manual-de-instalacion?post=785"},{"taxonomy":"color","embeddable":true,"href":"https:\/\/www.valaz.es\/it\/wp-json\/wp\/v2\/color?post=785"}],"curies":[{"name":"wp","href":"https:\/\/api.w.org\/{rel}","templated":true}]}}