{"id":783,"date":"2022-11-14T11:31:40","date_gmt":"2022-11-14T10:31:40","guid":{"rendered":"https:\/\/www.valaz.es\/?post_type=product&#038;p=783"},"modified":"2026-04-07T11:03:08","modified_gmt":"2026-04-07T09:03:08","slug":"grifo-de-banera-exenta-redondo-dorado-cepillado-serie-ebro","status":"publish","type":"product","link":"https:\/\/www.valaz.es\/it\/prodotto\/grifo-de-banera-exenta-redondo-dorado-cepillado-serie-ebro\/","title":{"rendered":"Grifo de ba\u00f1era exenta redondo dorado cepillado &#8211; Serie Ebro"},"content":{"rendered":"<p class=\"\" data-start=\"66\" data-end=\"383\">Este grifo de ba\u00f1era de pie en acabado dorado cepillado de la Serie Ebro combina funcionalidad con un dise\u00f1o elegante y contempor\u00e1neo. Su forma redonda y la salida de agua tipo cascada lo convierten en una opci\u00f3n visualmente impactante para ba\u00f1eras exentas, aportando un toque de distinci\u00f3n al ba\u00f1o.<\/p>\n<p class=\"\" data-start=\"385\" data-end=\"407\"><strong data-start=\"385\" data-end=\"405\">Especificaciones<\/strong><\/p>\n<ul data-start=\"408\" data-end=\"702\">\n<li class=\"\" data-start=\"408\" data-end=\"459\">\n<p class=\"\" data-start=\"410\" data-end=\"459\"><strong data-start=\"410\" data-end=\"434\">Tipo de instalaci\u00f3n:<\/strong> De pie (ba\u00f1era exenta)<\/p>\n<\/li>\n<li class=\"\" data-start=\"460\" data-end=\"516\">\n<p class=\"\" data-start=\"462\" data-end=\"516\"><strong data-start=\"462\" data-end=\"480\">Tipo de grifo:<\/strong> Monomando con salida tipo cascada<\/p>\n<\/li>\n<li class=\"\" data-start=\"517\" data-end=\"551\">\n<p class=\"\" data-start=\"519\" data-end=\"551\"><strong data-start=\"519\" data-end=\"543\">Material del cuerpo:<\/strong> Lat\u00f3n<\/p>\n<\/li>\n<li data-start=\"517\" data-end=\"551\"><strong>Alcachofa de mano y flexo:<\/strong> PVC<\/li>\n<li class=\"\" data-start=\"552\" data-end=\"578\">\n<p class=\"\" data-start=\"554\" data-end=\"578\"><strong data-start=\"554\" data-end=\"567\">Cartucho:<\/strong> Cer\u00e1mico<\/p>\n<\/li>\n<li class=\"\" data-start=\"579\" data-end=\"639\">\n<p class=\"\" data-start=\"581\" data-end=\"639\"><strong data-start=\"581\" data-end=\"594\">Conexi\u00f3n:<\/strong> Agua caliente y fr\u00eda con conector de 1\/2&#8221;<\/p>\n<\/li>\n<li class=\"\" data-start=\"640\" data-end=\"673\">\n<p class=\"\" data-start=\"642\" data-end=\"673\"><strong data-start=\"642\" data-end=\"654\">Acabado:<\/strong> Dorado cepillado<\/p>\n<\/li>\n<li class=\"\" data-start=\"674\" data-end=\"702\">\n<p class=\"\" data-start=\"676\" data-end=\"702\"><strong data-start=\"676\" data-end=\"693\">Altura total:<\/strong> 101 cm<\/p>\n<\/li>\n<\/ul>\n","protected":false},"excerpt":{"rendered":"<p>Serie Ebro es la cl\u00e1sica redonda que nos aportan elegancia y bienestar, perfecta para todo tipo de ba\u00f1os. \u00a0Disponemos de diferentes acabados cromados, acero cepillado, dorado cepillado, negro mate. Cuenta con barras de ducha\/ba\u00f1era, grifo de lavabo, grifo para pica , grifo de bid\u00e9, en la que encontraras grifos de ba\u00f1era exenta y t\u00f3tem.<\/p>\n<p>La garant\u00eda de todos nuestros productos es de 3 a\u00f1os, para funcionamiento, duraci\u00f3n del esmaltado y anticorrosi\u00f3n.<\/p>\n<p>Recomendamos para un correcto mantenimiento de la grifer\u00eda y evitar el deterioro por el uso. Secar las gotas de agua con un pa\u00f1o suave despu\u00e9s del uso, evitando que se posen en la superficie y deterioran el acabado, no utilizar esponjas que puedan rayar la grifer\u00eda, utilizar limpiadores como vinagre limpieza, agua caliente y jab\u00f3n con ph neutro.<\/p>\n<p>&nbsp;<\/p>\n<p><strong>Nuestro departamento\u00a0t\u00e9cnico\u00a0dispone de\u00a0gu\u00edas\u00a0de todos los\u00a0modelos\u00a0empotrados\u00a0que vendemos<\/strong><strong>,\u00a0si tiene alguna duda con la\u00a0instalaci\u00f3n\u00a0contacte con nosotros mediante\u00a0tel\u00e9fono,\u00a0WhatsApp\u00a0o email dentro del horario laboral indicado en la web.<\/strong><\/p>\n<p><strong>Recuerden que una vez instalado el cuerpo\u00a0empotrado\u00a0de la\u00a0grifer\u00eda\u00a0revisar de su correcto funcionamiento de paso de agua, comprobaci\u00f3n de cartuchos y corte de agua, si detecta alguna\u00a0anomal\u00eda\u00a0informe a nuestro\u00a0departamento\u00a0para darle una\u00a0soluci\u00f3n, no\u00a0contin\u00fae\u00a0con la\u00a0instalaci\u00f3n\u00a0de cerramiento de la pared.<\/strong><\/p>\n","protected":false},"featured_media":8414,"template":"","meta":[],"product_brand":[],"product_cat":[60,49],"product_tag":[],"serie":[24],"manual-de-instalacion":[84],"color":[34],"class_list":{"0":"post-783","1":"product","2":"type-product","3":"status-publish","4":"has-post-thumbnail","6":"product_cat-griferia-de-banera","7":"product_cat-grifos-de-banera-exenta","8":"serie-ebro","9":"manual-de-instalacion-guia-instalacion-grifo-exenta","10":"color-dorado-cepillado","12":"first","13":"outofstock","14":"taxable","15":"shipping-taxable","16":"product-type-simple"},"_links":{"self":[{"href":"https:\/\/www.valaz.es\/it\/wp-json\/wp\/v2\/product\/783","targetHints":{"allow":["GET"]}}],"collection":[{"href":"https:\/\/www.valaz.es\/it\/wp-json\/wp\/v2\/product"}],"about":[{"href":"https:\/\/www.valaz.es\/it\/wp-json\/wp\/v2\/types\/product"}],"wp:featuredmedia":[{"embeddable":true,"href":"https:\/\/www.valaz.es\/it\/wp-json\/wp\/v2\/media\/8414"}],"wp:attachment":[{"href":"https:\/\/www.valaz.es\/it\/wp-json\/wp\/v2\/media?parent=783"}],"wp:term":[{"taxonomy":"product_brand","embeddable":true,"href":"https:\/\/www.valaz.es\/it\/wp-json\/wp\/v2\/product_brand?post=783"},{"taxonomy":"product_cat","embeddable":true,"href":"https:\/\/www.valaz.es\/it\/wp-json\/wp\/v2\/product_cat?post=783"},{"taxonomy":"product_tag","embeddable":true,"href":"https:\/\/www.valaz.es\/it\/wp-json\/wp\/v2\/product_tag?post=783"},{"taxonomy":"serie","embeddable":true,"href":"https:\/\/www.valaz.es\/it\/wp-json\/wp\/v2\/serie?post=783"},{"taxonomy":"manual-de-instalacion","embeddable":true,"href":"https:\/\/www.valaz.es\/it\/wp-json\/wp\/v2\/manual-de-instalacion?post=783"},{"taxonomy":"color","embeddable":true,"href":"https:\/\/www.valaz.es\/it\/wp-json\/wp\/v2\/color?post=783"}],"curies":[{"name":"wp","href":"https:\/\/api.w.org\/{rel}","templated":true}]}}