{"id":782,"date":"2022-11-14T11:29:45","date_gmt":"2022-11-14T10:29:45","guid":{"rendered":"https:\/\/www.valaz.es\/?post_type=product&#038;p=782"},"modified":"2025-07-02T17:26:07","modified_gmt":"2025-07-02T15:26:07","slug":"grifo-de-banera-exenta-redondo-negro-mate-serie-ebro","status":"publish","type":"product","link":"https:\/\/www.valaz.es\/it\/prodotto\/grifo-de-banera-exenta-redondo-negro-mate-serie-ebro\/","title":{"rendered":"Grifo de ba\u00f1era exenta redondo negro mate &#8211; Serie Ebro"},"content":{"rendered":"<p class=\"\" data-start=\"60\" data-end=\"351\">Este grifo de ba\u00f1era de pie en acabado negro mate de la Serie Ebro aporta un estilo moderno y minimalista a cualquier ba\u00f1o con ba\u00f1era exenta. Su dise\u00f1o redondo y salida tipo cascada ofrecen una experiencia de uso elegante y relajante, perfecta para espacios contempor\u00e1neos.<\/p>\n<p class=\"\" data-start=\"353\" data-end=\"375\"><strong data-start=\"353\" data-end=\"373\">Especificaciones<\/strong><\/p>\n<ul data-start=\"376\" data-end=\"664\">\n<li class=\"\" data-start=\"376\" data-end=\"427\">\n<p class=\"\" data-start=\"378\" data-end=\"427\"><strong data-start=\"378\" data-end=\"402\">Tipo de instalaci\u00f3n:<\/strong> De pie (ba\u00f1era exenta)<\/p>\n<\/li>\n<li class=\"\" data-start=\"428\" data-end=\"484\">\n<p class=\"\" data-start=\"430\" data-end=\"484\"><strong data-start=\"430\" data-end=\"448\">Tipo de grifo:<\/strong> Monomando con salida tipo cascada<\/p>\n<\/li>\n<li class=\"\" data-start=\"485\" data-end=\"519\">\n<p class=\"\" data-start=\"487\" data-end=\"519\"><strong data-start=\"487\" data-end=\"511\">Material del cuerpo:<\/strong> Lat\u00f3n<\/p>\n<\/li>\n<li data-start=\"517\" data-end=\"551\"><strong>Alcachofa de mano y flexo:<\/strong> PVC<\/li>\n<li class=\"\" data-start=\"520\" data-end=\"546\">\n<p class=\"\" data-start=\"522\" data-end=\"546\"><strong data-start=\"522\" data-end=\"535\">Cartucho:<\/strong> Cer\u00e1mico<\/p>\n<\/li>\n<li class=\"\" data-start=\"547\" data-end=\"607\">\n<p class=\"\" data-start=\"549\" data-end=\"607\"><strong data-start=\"549\" data-end=\"562\">Conexi\u00f3n:<\/strong> Agua caliente y fr\u00eda con conector de 1\/2&#8221;<\/p>\n<\/li>\n<li class=\"\" data-start=\"608\" data-end=\"635\">\n<p class=\"\" data-start=\"610\" data-end=\"635\"><strong data-start=\"610\" data-end=\"622\">Acabado:<\/strong> Negro mate<\/p>\n<\/li>\n<li class=\"\" data-start=\"636\" data-end=\"664\">\n<p class=\"\" data-start=\"638\" data-end=\"664\"><strong data-start=\"638\" data-end=\"655\">Altura total:<\/strong> 101 cm<\/p>\n<\/li>\n<\/ul>\n","protected":false},"excerpt":{"rendered":"<p>Serie Ebro es la cl\u00e1sica redonda que nos aportan elegancia y bienestar, perfecta para todo tipo de ba\u00f1os. \u00a0Disponemos de diferentes acabados cromados, acero cepillado, dorado cepillado, negro mate. Cuenta con barras de ducha\/ba\u00f1era, grifo de lavabo, grifo para pica , grifo de bid\u00e9, en la que encontraras grifos de ba\u00f1era exenta y t\u00f3tem.<\/p>\n<p>La garant\u00eda de todos nuestros productos es de 3 a\u00f1os, para funcionamiento, duraci\u00f3n del esmaltado y anticorrosi\u00f3n.<\/p>\n<p>Recomendamos para un correcto mantenimiento de la grifer\u00eda y evitar el deterioro por el uso. Secar las gotas de agua con un pa\u00f1o suave despu\u00e9s del uso, evitando que se posen en la superficie y deterioran el acabado, no utilizar esponjas que puedan rayar la grifer\u00eda, utilizar limpiadores como vinagre limpieza, agua caliente y jab\u00f3n con ph neutro.<\/p>\n<p>&nbsp;<\/p>\n<p><strong>Nuestro departamento\u00a0t\u00e9cnico\u00a0dispone de\u00a0gu\u00edas\u00a0de todos los\u00a0modelos\u00a0empotrados\u00a0que vendemos<\/strong><strong>,\u00a0si tiene alguna duda con la\u00a0instalaci\u00f3n\u00a0contacte con nosotros mediante\u00a0tel\u00e9fono,\u00a0WhatsApp\u00a0o email dentro del horario laboral indicado en la web.<\/strong><\/p>\n<p><strong>Recuerden que una vez instalado el cuerpo\u00a0empotrado\u00a0de la\u00a0grifer\u00eda\u00a0revisar de su correcto funcionamiento de paso de agua, comprobaci\u00f3n de cartuchos y corte de agua, si detecta alguna\u00a0anomal\u00eda\u00a0informe a nuestro\u00a0departamento\u00a0para darle una\u00a0soluci\u00f3n, no\u00a0contin\u00fae\u00a0con la\u00a0instalaci\u00f3n\u00a0de cerramiento de la pared.<\/strong><\/p>\n","protected":false},"featured_media":6604,"template":"","meta":[],"product_brand":[],"product_cat":[60,49],"product_tag":[],"serie":[24],"manual-de-instalacion":[84],"color":[27],"class_list":{"0":"post-782","1":"product","2":"type-product","3":"status-publish","4":"has-post-thumbnail","6":"product_cat-griferia-de-banera","7":"product_cat-grifos-de-banera-exenta","8":"serie-ebro","9":"manual-de-instalacion-guia-instalacion-grifo-exenta","10":"color-negro-mate","12":"first","13":"instock","14":"taxable","15":"shipping-taxable","16":"product-type-simple"},"_links":{"self":[{"href":"https:\/\/www.valaz.es\/it\/wp-json\/wp\/v2\/product\/782","targetHints":{"allow":["GET"]}}],"collection":[{"href":"https:\/\/www.valaz.es\/it\/wp-json\/wp\/v2\/product"}],"about":[{"href":"https:\/\/www.valaz.es\/it\/wp-json\/wp\/v2\/types\/product"}],"wp:featuredmedia":[{"embeddable":true,"href":"https:\/\/www.valaz.es\/it\/wp-json\/wp\/v2\/media\/6604"}],"wp:attachment":[{"href":"https:\/\/www.valaz.es\/it\/wp-json\/wp\/v2\/media?parent=782"}],"wp:term":[{"taxonomy":"product_brand","embeddable":true,"href":"https:\/\/www.valaz.es\/it\/wp-json\/wp\/v2\/product_brand?post=782"},{"taxonomy":"product_cat","embeddable":true,"href":"https:\/\/www.valaz.es\/it\/wp-json\/wp\/v2\/product_cat?post=782"},{"taxonomy":"product_tag","embeddable":true,"href":"https:\/\/www.valaz.es\/it\/wp-json\/wp\/v2\/product_tag?post=782"},{"taxonomy":"serie","embeddable":true,"href":"https:\/\/www.valaz.es\/it\/wp-json\/wp\/v2\/serie?post=782"},{"taxonomy":"manual-de-instalacion","embeddable":true,"href":"https:\/\/www.valaz.es\/it\/wp-json\/wp\/v2\/manual-de-instalacion?post=782"},{"taxonomy":"color","embeddable":true,"href":"https:\/\/www.valaz.es\/it\/wp-json\/wp\/v2\/color?post=782"}],"curies":[{"name":"wp","href":"https:\/\/api.w.org\/{rel}","templated":true}]}}