{"id":729,"date":"2022-11-11T11:28:52","date_gmt":"2022-11-11T10:28:52","guid":{"rendered":"https:\/\/www.valaz.es\/?post_type=product&#038;p=729"},"modified":"2026-03-18T14:23:08","modified_gmt":"2026-03-18T13:23:08","slug":"grifo-de-bidet-monomando-redondo-cano-recto-blanco-serie-palancia","status":"publish","type":"product","link":"https:\/\/www.valaz.es\/it\/prodotto\/grifo-de-bidet-monomando-redondo-cano-recto-blanco-serie-palancia\/","title":{"rendered":"Grifo de bidet monomando redondo ca\u00f1o recto cromado &#8211; Serie palancia"},"content":{"rendered":"<p class=\"\" data-start=\"73\" data-end=\"382\">El grifo de bid\u00e9 de la Serie Palancia combina funcionalidad y dise\u00f1o con un estilo redondo y minimalista. Su acabado cromado aporta brillo y modernidad, mientras que su ca\u00f1o recto garantiza una experiencia c\u00f3moda y precisa. Ideal para quienes buscan coherencia est\u00e9tica y calidad en su ba\u00f1o.<\/p>\n<p class=\"\" data-start=\"384\" data-end=\"406\"><strong data-start=\"384\" data-end=\"404\">Especificaciones<\/strong><\/p>\n<ul data-start=\"407\" data-end=\"601\">\n<li class=\"\" data-start=\"407\" data-end=\"439\">\n<p class=\"\" data-start=\"409\" data-end=\"439\"><strong data-start=\"409\" data-end=\"427\">Tipo de grifo:<\/strong> Monomando<\/p>\n<\/li>\n<li class=\"\" data-start=\"440\" data-end=\"474\">\n<p class=\"\" data-start=\"442\" data-end=\"474\"><strong data-start=\"442\" data-end=\"466\">Material del cuerpo:<\/strong> Lat\u00f3n<\/p>\n<\/li>\n<li class=\"\" data-start=\"475\" data-end=\"499\">\n<p class=\"\" data-start=\"477\" data-end=\"499\"><strong data-start=\"477\" data-end=\"489\">Acabado:<\/strong> Cromado<\/p>\n<\/li>\n<li class=\"\" data-start=\"500\" data-end=\"537\">\n<p class=\"\" data-start=\"502\" data-end=\"537\"><strong data-start=\"502\" data-end=\"519\">Tipo de ca\u00f1o:<\/strong> Recto y redondo<\/p>\n<\/li>\n<li class=\"\" data-start=\"538\" data-end=\"564\">\n<p class=\"\" data-start=\"540\" data-end=\"564\"><strong data-start=\"540\" data-end=\"553\">Cartucho:<\/strong> Cer\u00e1mico<\/p>\n<\/li>\n<li class=\"\" data-start=\"565\" data-end=\"601\">\n<p class=\"\" data-start=\"567\" data-end=\"601\"><strong data-start=\"567\" data-end=\"580\">Conexi\u00f3n:<\/strong> Est\u00e1ndar para bid\u00e9<\/p>\n<\/li>\n<\/ul>\n<p class=\"\" data-start=\"603\" data-end=\"760\">Dise\u00f1ado para integrarse perfectamente en ba\u00f1os contempor\u00e1neos, este grifo ofrece control suave del caudal y la temperatura, asegurando durabilidad y estilo.<\/p>\n","protected":false},"excerpt":{"rendered":"<p>Serie Palancia es la cl\u00e1sica redonda que nos aportan confort, elegancia y bienestar, perfecta para todo tipo de ba\u00f1os. Disponemos de diferentes acabados cromados, acero cepillado, dorado cepillado, negro mate. Cuenta con barras de ducha\/ba\u00f1era, grifo de lavabo, grifo para pica , grifo de bid\u00e9, generando tambi\u00e9n una combinaci\u00f3n perfecta con la serie Ebro en la que encontraras grifos de ba\u00f1era exenta y t\u00f3tem.<\/p>\n<p>La garant\u00eda de todos nuestros productos es de 3 a\u00f1os, para funcionamiento, duraci\u00f3n del esmaltado y anticorrosi\u00f3n.<\/p>\n<p>Recomendamos para un correcto mantenimiento de la grifer\u00eda y evitar el deterioro por el uso. Secar las gotas de agua con un pa\u00f1o suave despu\u00e9s del uso, evitando que se posen en la superficie y deterioran el acabado, no utilizar esponjas que puedan rayar la grifer\u00eda, utilizar limpiadores como vinagre limpieza, agua caliente y jab\u00f3n con ph neutro.<\/p>\n<p>&nbsp;<\/p>\n<p><strong>Nuestro departamento\u00a0t\u00e9cnico\u00a0dispone de\u00a0gu\u00edas\u00a0de todos los\u00a0modelos\u00a0empotrados\u00a0que vendemos<\/strong><strong>,\u00a0si tiene alguna duda con la\u00a0instalaci\u00f3n\u00a0contacte con nosotros mediante\u00a0tel\u00e9fono,\u00a0WhatsApp\u00a0o email dentro del horario laboral indicado en la web.<\/strong><\/p>\n<p><strong>Recuerden que una vez instalado el cuerpo\u00a0empotrado\u00a0de la\u00a0grifer\u00eda\u00a0revisar de su correcto funcionamiento de paso de agua, comprobaci\u00f3n de cartuchos y corte de agua, si detecta alguna\u00a0anomal\u00eda\u00a0informe a nuestro\u00a0departamento\u00a0para darle una\u00a0soluci\u00f3n, no\u00a0contin\u00fae\u00a0con la\u00a0instalaci\u00f3n\u00a0de cerramiento de la pared.<\/strong><\/p>\n<p>&nbsp;<\/p>\n","protected":false},"featured_media":719,"template":"","meta":[],"product_brand":[],"product_cat":[54],"product_tag":[],"serie":[37],"manual-de-instalacion":[83],"color":[26],"class_list":{"0":"post-729","1":"product","2":"type-product","3":"status-publish","4":"has-post-thumbnail","6":"product_cat-grifos-de-bidet","7":"serie-palancia","8":"manual-de-instalacion-guia-instalacion-grifo-superficie","9":"color-cromo","11":"first","12":"instock","13":"taxable","14":"shipping-taxable","15":"product-type-simple"},"_links":{"self":[{"href":"https:\/\/www.valaz.es\/it\/wp-json\/wp\/v2\/product\/729","targetHints":{"allow":["GET"]}}],"collection":[{"href":"https:\/\/www.valaz.es\/it\/wp-json\/wp\/v2\/product"}],"about":[{"href":"https:\/\/www.valaz.es\/it\/wp-json\/wp\/v2\/types\/product"}],"wp:featuredmedia":[{"embeddable":true,"href":"https:\/\/www.valaz.es\/it\/wp-json\/wp\/v2\/media\/719"}],"wp:attachment":[{"href":"https:\/\/www.valaz.es\/it\/wp-json\/wp\/v2\/media?parent=729"}],"wp:term":[{"taxonomy":"product_brand","embeddable":true,"href":"https:\/\/www.valaz.es\/it\/wp-json\/wp\/v2\/product_brand?post=729"},{"taxonomy":"product_cat","embeddable":true,"href":"https:\/\/www.valaz.es\/it\/wp-json\/wp\/v2\/product_cat?post=729"},{"taxonomy":"product_tag","embeddable":true,"href":"https:\/\/www.valaz.es\/it\/wp-json\/wp\/v2\/product_tag?post=729"},{"taxonomy":"serie","embeddable":true,"href":"https:\/\/www.valaz.es\/it\/wp-json\/wp\/v2\/serie?post=729"},{"taxonomy":"manual-de-instalacion","embeddable":true,"href":"https:\/\/www.valaz.es\/it\/wp-json\/wp\/v2\/manual-de-instalacion?post=729"},{"taxonomy":"color","embeddable":true,"href":"https:\/\/www.valaz.es\/it\/wp-json\/wp\/v2\/color?post=729"}],"curies":[{"name":"wp","href":"https:\/\/api.w.org\/{rel}","templated":true}]}}