{"id":722,"date":"2022-11-11T11:21:46","date_gmt":"2022-11-11T10:21:46","guid":{"rendered":"https:\/\/www.valaz.es\/?post_type=product&#038;p=722"},"modified":"2026-04-15T13:41:17","modified_gmt":"2026-04-15T11:41:17","slug":"grifo-de-lavabo-monomando-redondo-cano-recto-dorado-cepillado-serie-palancia","status":"publish","type":"product","link":"https:\/\/www.valaz.es\/it\/prodotto\/grifo-de-lavabo-monomando-redondo-cano-recto-dorado-cepillado-serie-palancia\/","title":{"rendered":"Grifo de lavabo monomando redondo ca\u00f1o recto dorado cepillado &#8211; Serie Palancia"},"content":{"rendered":"<p class=\"\" data-start=\"84\" data-end=\"427\">Este grifo de lavabo monomando de la Serie Palancia, con un elegante acabado dorado cepillado, ofrece un dise\u00f1o redondo y minimalista. Su ca\u00f1o recto permite un flujo de agua preciso, ideal para lavabos modernos y sofisticados. El cartucho cer\u00e1mico garantiza un control suave y duradero de la temperatura y el caudal del agua.<\/p>\n<p class=\"\" data-start=\"429\" data-end=\"451\"><strong data-start=\"429\" data-end=\"449\">Especificaciones<\/strong><\/p>\n<ul data-start=\"452\" data-end=\"633\">\n<li class=\"\" data-start=\"452\" data-end=\"484\">\n<p class=\"\" data-start=\"454\" data-end=\"484\"><strong data-start=\"454\" data-end=\"472\">Tipo de grifo:<\/strong> Monomando<\/p>\n<\/li>\n<li class=\"\" data-start=\"485\" data-end=\"519\">\n<p class=\"\" data-start=\"487\" data-end=\"519\"><strong data-start=\"487\" data-end=\"511\">Material del cuerpo:<\/strong> Lat\u00f3n<\/p>\n<\/li>\n<li class=\"\" data-start=\"520\" data-end=\"553\">\n<p class=\"\" data-start=\"522\" data-end=\"553\"><strong data-start=\"522\" data-end=\"534\">Acabado:<\/strong> Dorado cepillado<\/p>\n<\/li>\n<li class=\"\" data-start=\"554\" data-end=\"581\">\n<p class=\"\" data-start=\"556\" data-end=\"581\"><strong data-start=\"556\" data-end=\"573\">Tipo de ca\u00f1o:<\/strong> Recto<\/p>\n<\/li>\n<li class=\"\" data-start=\"582\" data-end=\"608\">\n<p class=\"\" data-start=\"584\" data-end=\"608\"><strong data-start=\"584\" data-end=\"597\">Cartucho:<\/strong> Cer\u00e1mico<\/p>\n<\/li>\n<li class=\"\" data-start=\"609\" data-end=\"633\">\n<p class=\"\" data-start=\"611\" data-end=\"633\"><strong data-start=\"611\" data-end=\"631\">Apto para lavabo<\/strong><\/p>\n<\/li>\n<\/ul>\n","protected":false},"excerpt":{"rendered":"<p>Serie Palancia es la cl\u00e1sica redonda que nos aportan confort, elegancia y bienestar, perfecta para todo tipo de ba\u00f1os. Disponemos de diferentes acabados cromados, acero cepillado, dorado cepillado, negro mate. Cuenta con barras de ducha\/ba\u00f1era, grifo de lavabo, grifo para pica , grifo de bid\u00e9, generando tambi\u00e9n una combinaci\u00f3n perfecta con la serie Ebro en la que encontraras grifos de ba\u00f1era exenta y t\u00f3tem.<\/p>\n<p>La garant\u00eda de todos nuestros productos es de 3 a\u00f1os, para funcionamiento, duraci\u00f3n del esmaltado y anticorrosi\u00f3n.<\/p>\n<p>Recomendamos para un correcto mantenimiento de la grifer\u00eda y evitar el deterioro por el uso. Secar las gotas de agua con un pa\u00f1o suave despu\u00e9s del uso, evitando que se posen en la superficie y deterioran el acabado, no utilizar esponjas que puedan rayar la grifer\u00eda, utilizar limpiadores como vinagre limpieza, agua caliente y jab\u00f3n con ph neutro.<\/p>\n<p>&nbsp;<\/p>\n<p><strong>Nuestro departamento\u00a0t\u00e9cnico\u00a0dispone de\u00a0gu\u00edas\u00a0de todos los\u00a0modelos\u00a0empotrados\u00a0que vendemos<\/strong><strong>,\u00a0si tiene alguna duda con la\u00a0instalaci\u00f3n\u00a0contacte con nosotros mediante\u00a0tel\u00e9fono,\u00a0WhatsApp\u00a0o email dentro del horario laboral indicado en la web.<\/strong><\/p>\n<p><strong>Recuerden que una vez instalado el cuerpo\u00a0empotrado\u00a0de la\u00a0grifer\u00eda\u00a0revisar de su correcto funcionamiento de paso de agua, comprobaci\u00f3n de cartuchos y corte de agua, si detecta alguna\u00a0anomal\u00eda\u00a0informe a nuestro\u00a0departamento\u00a0para darle una\u00a0soluci\u00f3n, no\u00a0contin\u00fae\u00a0con la\u00a0instalaci\u00f3n\u00a0de cerramiento de la pared.<\/strong><\/p>\n<p>&nbsp;<\/p>\n","protected":false},"featured_media":19562,"template":"","meta":[],"product_brand":[],"product_cat":[48],"product_tag":[],"serie":[37],"manual-de-instalacion":[83],"color":[34],"class_list":{"0":"post-722","1":"product","2":"type-product","3":"status-publish","4":"has-post-thumbnail","6":"product_cat-grifos-de-lavabo","7":"serie-palancia","8":"manual-de-instalacion-guia-instalacion-grifo-superficie","9":"color-dorado-cepillado","11":"first","12":"instock","13":"taxable","14":"shipping-taxable","15":"product-type-simple"},"_links":{"self":[{"href":"https:\/\/www.valaz.es\/it\/wp-json\/wp\/v2\/product\/722","targetHints":{"allow":["GET"]}}],"collection":[{"href":"https:\/\/www.valaz.es\/it\/wp-json\/wp\/v2\/product"}],"about":[{"href":"https:\/\/www.valaz.es\/it\/wp-json\/wp\/v2\/types\/product"}],"wp:featuredmedia":[{"embeddable":true,"href":"https:\/\/www.valaz.es\/it\/wp-json\/wp\/v2\/media\/19562"}],"wp:attachment":[{"href":"https:\/\/www.valaz.es\/it\/wp-json\/wp\/v2\/media?parent=722"}],"wp:term":[{"taxonomy":"product_brand","embeddable":true,"href":"https:\/\/www.valaz.es\/it\/wp-json\/wp\/v2\/product_brand?post=722"},{"taxonomy":"product_cat","embeddable":true,"href":"https:\/\/www.valaz.es\/it\/wp-json\/wp\/v2\/product_cat?post=722"},{"taxonomy":"product_tag","embeddable":true,"href":"https:\/\/www.valaz.es\/it\/wp-json\/wp\/v2\/product_tag?post=722"},{"taxonomy":"serie","embeddable":true,"href":"https:\/\/www.valaz.es\/it\/wp-json\/wp\/v2\/serie?post=722"},{"taxonomy":"manual-de-instalacion","embeddable":true,"href":"https:\/\/www.valaz.es\/it\/wp-json\/wp\/v2\/manual-de-instalacion?post=722"},{"taxonomy":"color","embeddable":true,"href":"https:\/\/www.valaz.es\/it\/wp-json\/wp\/v2\/color?post=722"}],"curies":[{"name":"wp","href":"https:\/\/api.w.org\/{rel}","templated":true}]}}