{"id":720,"date":"2022-11-11T10:59:15","date_gmt":"2022-11-11T09:59:15","guid":{"rendered":"https:\/\/www.valaz.es\/?post_type=product&#038;p=720"},"modified":"2025-10-28T14:54:23","modified_gmt":"2025-10-28T13:54:23","slug":"grifo-de-bidet-monomando-redondo-cano-recto-negro-mate-serie-palancia","status":"publish","type":"product","link":"https:\/\/www.valaz.es\/it\/prodotto\/grifo-de-bidet-monomando-redondo-cano-recto-negro-mate-serie-palancia\/","title":{"rendered":"Grifo de bidet monomando redondo ca\u00f1o recto negro mate &#8211; Serie Palancia"},"content":{"rendered":"<p class=\"\" data-start=\"77\" data-end=\"421\">El grifo de bidet monomando de la Serie Palancia, con un acabado negro mate, combina un dise\u00f1o redondo y ca\u00f1o recto, perfecto para ba\u00f1os modernos y elegantes. Su funcionamiento monomando permite un control sencillo y preciso de la temperatura y el flujo del agua, mientras que su robusto cuerpo de lat\u00f3n garantiza durabilidad.<\/p>\n<p class=\"\" data-start=\"423\" data-end=\"445\"><strong data-start=\"423\" data-end=\"443\">Especificaciones<\/strong><\/p>\n<ul data-start=\"446\" data-end=\"620\">\n<li class=\"\" data-start=\"446\" data-end=\"478\">\n<p class=\"\" data-start=\"448\" data-end=\"478\"><strong data-start=\"448\" data-end=\"466\">Tipo de grifo:<\/strong> Monomando<\/p>\n<\/li>\n<li class=\"\" data-start=\"479\" data-end=\"513\">\n<p class=\"\" data-start=\"481\" data-end=\"513\"><strong data-start=\"481\" data-end=\"505\">Material del cuerpo:<\/strong> Lat\u00f3n<\/p>\n<\/li>\n<li class=\"\" data-start=\"514\" data-end=\"541\">\n<p class=\"\" data-start=\"516\" data-end=\"541\"><strong data-start=\"516\" data-end=\"528\">Acabado:<\/strong> Negro mate<\/p>\n<\/li>\n<li class=\"\" data-start=\"542\" data-end=\"569\">\n<p class=\"\" data-start=\"544\" data-end=\"569\"><strong data-start=\"544\" data-end=\"561\">Tipo de ca\u00f1o:<\/strong> Recto<\/p>\n<\/li>\n<li class=\"\" data-start=\"570\" data-end=\"596\">\n<p class=\"\" data-start=\"572\" data-end=\"596\"><strong data-start=\"572\" data-end=\"585\">Cartucho:<\/strong> Cer\u00e1mico<\/p>\n<\/li>\n<li class=\"\" data-start=\"597\" data-end=\"620\">\n<p class=\"\" data-start=\"599\" data-end=\"620\"><strong data-start=\"599\" data-end=\"618\">Apto para bidet<\/strong><\/p>\n<\/li>\n<\/ul>\n","protected":false},"excerpt":{"rendered":"<p>Serie Palancia es la cl\u00e1sica redonda que nos aportan confort, elegancia y bienestar, perfecta para todo tipo de ba\u00f1os. Disponemos de diferentes acabados cromados, acero cepillado, dorado cepillado, negro mate. Cuenta con barras de ducha\/ba\u00f1era, grifo de lavabo, grifo para pica , grifo de bid\u00e9, generando tambi\u00e9n una combinaci\u00f3n perfecta con la serie Ebro en la que encontraras grifos de ba\u00f1era exenta y t\u00f3tem.<\/p>\n<p>La garant\u00eda de todos nuestros productos es de 3 a\u00f1os, para funcionamiento, duraci\u00f3n del esmaltado y anticorrosi\u00f3n.<\/p>\n<p>Recomendamos para un correcto mantenimiento de la grifer\u00eda y evitar el deterioro por el uso. Secar las gotas de agua con un pa\u00f1o suave despu\u00e9s del uso, evitando que se posen en la superficie y deterioran el acabado, no utilizar esponjas que puedan rayar la grifer\u00eda, utilizar limpiadores como vinagre limpieza, agua caliente y jab\u00f3n con ph neutro.<\/p>\n<p>&nbsp;<\/p>\n<p><strong>Nuestro departamento\u00a0t\u00e9cnico\u00a0dispone de\u00a0gu\u00edas\u00a0de todos los\u00a0modelos\u00a0empotrados\u00a0que vendemos<\/strong><strong>,\u00a0si tiene alguna duda con la\u00a0instalaci\u00f3n\u00a0contacte con nosotros mediante\u00a0tel\u00e9fono,\u00a0WhatsApp\u00a0o email dentro del horario laboral indicado en la web.<\/strong><\/p>\n<p><strong>Recuerden que una vez instalado el cuerpo\u00a0empotrado\u00a0de la\u00a0grifer\u00eda\u00a0revisar de su correcto funcionamiento de paso de agua, comprobaci\u00f3n de cartuchos y corte de agua, si detecta alguna\u00a0anomal\u00eda\u00a0informe a nuestro\u00a0departamento\u00a0para darle una\u00a0soluci\u00f3n, no\u00a0contin\u00fae\u00a0con la\u00a0instalaci\u00f3n\u00a0de cerramiento de la pared.<\/strong><\/p>\n<p>&nbsp;<\/p>\n","protected":false},"featured_media":383,"template":"","meta":[],"product_brand":[],"product_cat":[54],"product_tag":[],"serie":[37],"manual-de-instalacion":[83],"color":[27],"class_list":{"0":"post-720","1":"product","2":"type-product","3":"status-publish","4":"has-post-thumbnail","6":"product_cat-grifos-de-bidet","7":"serie-palancia","8":"manual-de-instalacion-guia-instalacion-grifo-superficie","9":"color-negro-mate","11":"first","12":"instock","13":"taxable","14":"shipping-taxable","15":"product-type-simple"},"_links":{"self":[{"href":"https:\/\/www.valaz.es\/it\/wp-json\/wp\/v2\/product\/720","targetHints":{"allow":["GET"]}}],"collection":[{"href":"https:\/\/www.valaz.es\/it\/wp-json\/wp\/v2\/product"}],"about":[{"href":"https:\/\/www.valaz.es\/it\/wp-json\/wp\/v2\/types\/product"}],"wp:featuredmedia":[{"embeddable":true,"href":"https:\/\/www.valaz.es\/it\/wp-json\/wp\/v2\/media\/383"}],"wp:attachment":[{"href":"https:\/\/www.valaz.es\/it\/wp-json\/wp\/v2\/media?parent=720"}],"wp:term":[{"taxonomy":"product_brand","embeddable":true,"href":"https:\/\/www.valaz.es\/it\/wp-json\/wp\/v2\/product_brand?post=720"},{"taxonomy":"product_cat","embeddable":true,"href":"https:\/\/www.valaz.es\/it\/wp-json\/wp\/v2\/product_cat?post=720"},{"taxonomy":"product_tag","embeddable":true,"href":"https:\/\/www.valaz.es\/it\/wp-json\/wp\/v2\/product_tag?post=720"},{"taxonomy":"serie","embeddable":true,"href":"https:\/\/www.valaz.es\/it\/wp-json\/wp\/v2\/serie?post=720"},{"taxonomy":"manual-de-instalacion","embeddable":true,"href":"https:\/\/www.valaz.es\/it\/wp-json\/wp\/v2\/manual-de-instalacion?post=720"},{"taxonomy":"color","embeddable":true,"href":"https:\/\/www.valaz.es\/it\/wp-json\/wp\/v2\/color?post=720"}],"curies":[{"name":"wp","href":"https:\/\/api.w.org\/{rel}","templated":true}]}}